{"id":207821,"date":"2025-10-10T03:41:56","date_gmt":"2025-10-10T01:41:56","guid":{"rendered":"https:\/\/www.budream.com\/shop\/fast-buds-fastberry-auto\/"},"modified":"2026-04-14T13:06:36","modified_gmt":"2026-04-14T11:06:36","slug":"fast-buds-fastberry-auto","status":"publish","type":"product","link":"https:\/\/www.budream.com\/es\/shop\/fast-buds-fastberry-auto\/","title":{"rendered":"FAST BUDS &#8211; FASTBERRY AUTO FEM | Disponible hasta fin de existencias"},"content":{"rendered":"<div style=\"text-align: justify\">Como su nombre indica, se trata de un h\u00edbrido de producci\u00f3n r\u00e1pida que estar\u00e1 listo para cosechar en 9 semanas. Una variedad autofloreciente robusta y fiable.<\/div>\n<p><\/p>\n<h2><strong>Caracter\u00edsticas Semillas Fastberry Auto Fast Buds:<\/strong><\/h2>\n<ul style=\"list-style-type: disc\">\n<li><strong>G\u00e9nero:<\/strong> Autofloreciente Feminizada<\/li>\n<li><strong>Genotipo:<\/strong> H\u00edbrido 35% Sativa 65% Indica<\/li>\n<li><strong>Gen\u00e9tica:<\/strong> Blueberry Autofloreciente<\/li>\n<li><strong>D\u00edas:<\/strong> 63<\/li>\n<\/ul>\n<p><\/p>\n<div style=\"text-align: justify\"><em><strong>ADVERTENCIA:<\/strong> Las semillas de c\u00e1\u00f1amo est\u00e1n excluidas de la noci\u00f3n legal de Cannabis, lo que significa que no deben considerarse una sustancia estupefaciente (L. 412 de 1974, art. 1, coma 1, lett. B; Convenci\u00f3n \u00danica sobre Estupefacientes de Nueva York de 1961 y tabla II del decreto ministerial 27\/7\/1992). En Italia, el cultivo del c\u00e1\u00f1amo est\u00e1 prohibido (art\u00edculos 28 y 73 del Decreto Presidencial 309\/90) a menos que se obtenga una autorizaci\u00f3n especial (art\u00edculo 17 del Decreto Presidencial 309\/90). A falta de autorizaci\u00f3n, las semillas s\u00f3lo pueden utilizarse para otros fines (zoot\u00e9cnicos, recolecci\u00f3n, etc.). Las semillas se venden con la reserva de que no sean utilizadas por terceros en conflicto con la ley.<\/em><\/div>\n","protected":false},"excerpt":{"rendered":"<p>Como su nombre indica, se trata de un h\u00edbrido de producci\u00f3n r\u00e1pida que estar\u00e1 listo para cosechar en 9 semanas.<\/p>\n","protected":false},"featured_media":149720,"comment_status":"open","ping_status":"closed","template":"","meta":[],"product_brand":[],"product_cat":[7953],"product_tag":[],"class_list":{"0":"post-207821","1":"product","2":"type-product","3":"status-publish","4":"has-post-thumbnail","6":"product_cat-seedshop-es","8":"first","9":"instock","10":"sale","11":"taxable","12":"shipping-taxable","13":"purchasable","14":"product-type-variable"},"_links":{"self":[{"href":"https:\/\/www.budream.com\/es\/wp-json\/wp\/v2\/product\/207821","targetHints":{"allow":["GET"]}}],"collection":[{"href":"https:\/\/www.budream.com\/es\/wp-json\/wp\/v2\/product"}],"about":[{"href":"https:\/\/www.budream.com\/es\/wp-json\/wp\/v2\/types\/product"}],"replies":[{"embeddable":true,"href":"https:\/\/www.budream.com\/es\/wp-json\/wp\/v2\/comments?post=207821"}],"version-history":[{"count":1,"href":"https:\/\/www.budream.com\/es\/wp-json\/wp\/v2\/product\/207821\/revisions"}],"predecessor-version":[{"id":262414,"href":"https:\/\/www.budream.com\/es\/wp-json\/wp\/v2\/product\/207821\/revisions\/262414"}],"wp:featuredmedia":[{"embeddable":true,"href":"https:\/\/www.budream.com\/es\/wp-json\/wp\/v2\/media\/149720"}],"wp:attachment":[{"href":"https:\/\/www.budream.com\/es\/wp-json\/wp\/v2\/media?parent=207821"}],"wp:term":[{"taxonomy":"product_brand","embeddable":true,"href":"https:\/\/www.budream.com\/es\/wp-json\/wp\/v2\/product_brand?post=207821"},{"taxonomy":"product_cat","embeddable":true,"href":"https:\/\/www.budream.com\/es\/wp-json\/wp\/v2\/product_cat?post=207821"},{"taxonomy":"product_tag","embeddable":true,"href":"https:\/\/www.budream.com\/es\/wp-json\/wp\/v2\/product_tag?post=207821"}],"curies":[{"name":"wp","href":"https:\/\/api.w.org\/{rel}","templated":true}]}}