{"id":210470,"date":"2025-10-10T12:08:21","date_gmt":"2025-10-10T10:08:21","guid":{"rendered":"https:\/\/www.budream.com\/shop\/fast-buds-albaricoque-auto-fem\/"},"modified":"2026-04-30T09:17:49","modified_gmt":"2026-04-30T07:17:49","slug":"fast-buds-albaricoque-auto-fem","status":"publish","type":"product","link":"https:\/\/www.budream.com\/es\/shop\/fast-buds-albaricoque-auto-fem\/","title":{"rendered":"FAST BUDS &#8211; APRICOT AUTO FEM"},"content":{"rendered":"<p>Apricot Auto ha demostrado ser una aut\u00e9ntica representaci\u00f3n de lo que son las autoflorecientes modernas.<\/p>\n<h2><strong>Caracter\u00edsticas Apricot Auto Fem Fast Buds Seeds:<\/strong><\/h2>\n<ul style=\"list-style-type: disc\">\n<li><strong>G\u00e9nero:<\/strong> H\u00edbrido Feminizado Autofloreciente<\/li>\n<li><strong>Genotipo:<\/strong> H\u00edbrido 20% Sativa 80% Indica<\/li>\n<li><strong>Gen\u00e9tica:<\/strong> Apricot Auto<\/li>\n<li><strong>D\u00edas:<\/strong> 63 &#8211; 70<\/li>\n<\/ul>\n<p><\/p>\n<div style=\"text-align: justify\"><em><strong>ADVERTENCIA:<\/strong> Las semillas de c\u00e1\u00f1amo est\u00e1n excluidas de la noci\u00f3n legal de Cannabis, lo que significa que no deben considerarse una sustancia estupefaciente (L. 412 de 1974, Art. 1, p\u00e1rrafo 1, lett. B; Convenci\u00f3n \u00danica sobre Estupefacientes de Nueva York de 1961 y tabla II del Decreto Ministerial 27\/7\/1992). En Italia, el cultivo del c\u00e1\u00f1amo est\u00e1 prohibido (art\u00edculos 28 y 73 del Decreto Presidencial 309\/90) a menos que se obtenga una autorizaci\u00f3n especial (art\u00edculo 17 del Decreto Presidencial 309\/90). A falta de autorizaci\u00f3n, las semillas s\u00f3lo pueden utilizarse para otros fines (zoot\u00e9cnicos, recolecci\u00f3n, etc.). Las semillas se venden con la reserva de que no sean utilizadas por terceros en conflicto con la ley.<\/em><\/div>\n","protected":false},"excerpt":{"rendered":"<p>Apricot Auto ha demostrado ser una aut\u00e9ntica representaci\u00f3n de lo que son las autoflorecientes modernas. Caracter\u00edsticas Apricot Auto Fem Fast<\/p>\n","protected":false},"featured_media":173766,"comment_status":"open","ping_status":"closed","template":"","meta":[],"product_brand":[],"product_cat":[1175],"product_tag":[],"class_list":{"0":"post-210470","1":"product","2":"type-product","3":"status-publish","4":"has-post-thumbnail","6":"product_cat-seedshop","8":"first","9":"instock","10":"taxable","11":"shipping-taxable","12":"purchasable","13":"product-type-variable"},"aioseo_notices":[],"_links":{"self":[{"href":"https:\/\/www.budream.com\/es\/wp-json\/wp\/v2\/product\/210470","targetHints":{"allow":["GET"]}}],"collection":[{"href":"https:\/\/www.budream.com\/es\/wp-json\/wp\/v2\/product"}],"about":[{"href":"https:\/\/www.budream.com\/es\/wp-json\/wp\/v2\/types\/product"}],"replies":[{"embeddable":true,"href":"https:\/\/www.budream.com\/es\/wp-json\/wp\/v2\/comments?post=210470"}],"version-history":[{"count":2,"href":"https:\/\/www.budream.com\/es\/wp-json\/wp\/v2\/product\/210470\/revisions"}],"predecessor-version":[{"id":264328,"href":"https:\/\/www.budream.com\/es\/wp-json\/wp\/v2\/product\/210470\/revisions\/264328"}],"wp:featuredmedia":[{"embeddable":true,"href":"https:\/\/www.budream.com\/es\/wp-json\/wp\/v2\/media\/173766"}],"wp:attachment":[{"href":"https:\/\/www.budream.com\/es\/wp-json\/wp\/v2\/media?parent=210470"}],"wp:term":[{"taxonomy":"product_brand","embeddable":true,"href":"https:\/\/www.budream.com\/es\/wp-json\/wp\/v2\/product_brand?post=210470"},{"taxonomy":"product_cat","embeddable":true,"href":"https:\/\/www.budream.com\/es\/wp-json\/wp\/v2\/product_cat?post=210470"},{"taxonomy":"product_tag","embeddable":true,"href":"https:\/\/www.budream.com\/es\/wp-json\/wp\/v2\/product_tag?post=210470"}],"curies":[{"name":"wp","href":"https:\/\/api.w.org\/{rel}","templated":true}]}}