{"id":212130,"date":"2025-10-10T17:47:14","date_gmt":"2025-10-10T15:47:14","guid":{"rendered":"https:\/\/www.budream.com\/shop\/fast-buds-sorbete-de-papaya-fem\/"},"modified":"2026-04-30T09:26:19","modified_gmt":"2026-04-30T07:26:19","slug":"fast-buds-sorbete-de-papaya-fem","status":"publish","type":"product","link":"https:\/\/www.budream.com\/es\/shop\/fast-buds-sorbete-de-papaya-fem\/","title":{"rendered":"FAST BUDS &#8211; SORBETE DE PAPAYA FEM"},"content":{"rendered":"<div style=\"text-align: justify\">Obtuvimos nuestra Papaya Sherbet combinando la impresionante estatura de la Papaya (selecci\u00f3n Oni) con la fuerza y resistencia de uno de nuestros mejores esquejes (Sunset Sherbet).<\/div>\n<p><\/p>\n<h2><strong>Caracter\u00edsticas Papaya Sherbet Fem Fast Buds:<\/strong><\/h2>\n<ul style=\"list-style-type: disc\">\n<li><strong>G\u00e9nero:<\/strong> H\u00edbrido Fem<\/li>\n<li><strong>Gen\u00e9tica<\/strong>: Papaya (Selecci\u00f3n Oni) x Sunset Sherbet<\/li>\n<li><strong>Composici\u00f3n:<\/strong> Indica \/ Sativa<\/li>\n<li><strong>D\u00edas:<\/strong> 63-70 d\u00edas<\/li>\n<\/ul>\n<p><\/p>\n<div style=\"text-align: justify\"><span style=\"font-size: 11pt\"><em><strong>ADVERTENCIA:<\/strong> Las semillas de c\u00e1\u00f1amo est\u00e1n excluidas de la noci\u00f3n legal de Cannabis, lo que significa que no deben considerarse una sustancia estupefaciente (L. 412 de 1974, art. 1, p\u00e1rrafo 1, lett. B; Convenci\u00f3n \u00danica sobre Estupefacientes de Nueva York de 1961 y tabla II del Decreto Ministerial 27\/7\/1992). En Italia, el cultivo del c\u00e1\u00f1amo est\u00e1 prohibido (art\u00edculos 28 y 73 del Decreto Presidencial 309\/90) a menos que se obtenga una autorizaci\u00f3n especial (art\u00edculo 17 del Decreto Presidencial 309\/90). A falta de autorizaci\u00f3n, las semillas s\u00f3lo pueden utilizarse para otros fines (zoot\u00e9cnicos, recolecci\u00f3n, etc.). Las semillas se venden con la reserva de que no sean utilizadas por terceros en conflicto con la ley.<\/em><\/span><\/div>\n","protected":false},"excerpt":{"rendered":"<p>Obtuvimos nuestra Papaya Sherbet combinando la impresionante estatura de la Papaya (selecci\u00f3n Oni) con la fuerza y resistencia de uno<\/p>\n","protected":false},"featured_media":187255,"comment_status":"open","ping_status":"closed","template":"","meta":[],"product_brand":[],"product_cat":[7953],"product_tag":[],"class_list":{"0":"post-212130","1":"product","2":"type-product","3":"status-publish","4":"has-post-thumbnail","6":"product_cat-seedshop-es","8":"first","9":"instock","10":"sale","11":"taxable","12":"shipping-taxable","13":"purchasable","14":"product-type-variable"},"aioseo_notices":[],"_links":{"self":[{"href":"https:\/\/www.budream.com\/es\/wp-json\/wp\/v2\/product\/212130","targetHints":{"allow":["GET"]}}],"collection":[{"href":"https:\/\/www.budream.com\/es\/wp-json\/wp\/v2\/product"}],"about":[{"href":"https:\/\/www.budream.com\/es\/wp-json\/wp\/v2\/types\/product"}],"replies":[{"embeddable":true,"href":"https:\/\/www.budream.com\/es\/wp-json\/wp\/v2\/comments?post=212130"}],"version-history":[{"count":1,"href":"https:\/\/www.budream.com\/es\/wp-json\/wp\/v2\/product\/212130\/revisions"}],"predecessor-version":[{"id":262327,"href":"https:\/\/www.budream.com\/es\/wp-json\/wp\/v2\/product\/212130\/revisions\/262327"}],"wp:featuredmedia":[{"embeddable":true,"href":"https:\/\/www.budream.com\/es\/wp-json\/wp\/v2\/media\/187255"}],"wp:attachment":[{"href":"https:\/\/www.budream.com\/es\/wp-json\/wp\/v2\/media?parent=212130"}],"wp:term":[{"taxonomy":"product_brand","embeddable":true,"href":"https:\/\/www.budream.com\/es\/wp-json\/wp\/v2\/product_brand?post=212130"},{"taxonomy":"product_cat","embeddable":true,"href":"https:\/\/www.budream.com\/es\/wp-json\/wp\/v2\/product_cat?post=212130"},{"taxonomy":"product_tag","embeddable":true,"href":"https:\/\/www.budream.com\/es\/wp-json\/wp\/v2\/product_tag?post=212130"}],"curies":[{"name":"wp","href":"https:\/\/api.w.org\/{rel}","templated":true}]}}