{"id":212225,"date":"2025-10-10T17:54:06","date_gmt":"2025-10-10T15:54:06","guid":{"rendered":"https:\/\/www.budream.com\/shop\/fast-buds-original-critical-auto\/"},"modified":"2026-04-09T14:10:21","modified_gmt":"2026-04-09T12:10:21","slug":"fast-buds-original-critical-auto","status":"publish","type":"product","link":"https:\/\/www.budream.com\/es\/shop\/fast-buds-original-critical-auto\/","title":{"rendered":"FAST BUDS &#8211; ORIGINAL CRITICAL AUTO | Disponible hasta fin de existencias"},"content":{"rendered":"<div style=\"text-align: justify\">Fast Buds ha sido capaz de mejorar todos los rasgos que hacen a la Critical tan popular, produciendo una planta de altura media que se comporta incre\u00edblemente bien en climas c\u00e1lidos.<\/div>\n<p><\/p>\n<h2><strong>Caracter\u00edsticas Semillas Original Critical Auto Fast Buds:<\/strong><\/h2>\n<ul style=\"list-style-type: disc\">\n<li><strong>G\u00e9nero:<\/strong> Autofloreciente feminizada<\/li>\n<li><strong>Genotipo:<\/strong> H\u00edbrido 40% Sativa 60% Indica<\/li>\n<li><strong>Gen\u00e9tica:<\/strong> Critical Autofloreciente<\/li>\n<li><strong>D\u00edas:<\/strong> 56-64 d\u00edas<\/li>\n<\/ul>\n<p><\/p>\n<div style=\"text-align: justify\"><strong>ADVERTENCIA:<\/strong> Las semillas de c\u00e1\u00f1amo est\u00e1n excluidas de la noci\u00f3n legal de Cannabis, lo que significa que no deben considerarse una sustancia estupefaciente (L. 412 de 1974, art. 1, coma 1, lett. B; Convenci\u00f3n \u00danica sobre Estupefacientes de Nueva York de 1961 y tabla II del decreto ministerial 27\/7\/1992). En Italia, el cultivo del c\u00e1\u00f1amo est\u00e1 prohibido (art\u00edculos 28 y 73 del Decreto Presidencial 309\/90) a menos que se obtenga una autorizaci\u00f3n especial (art\u00edculo 17 del Decreto Presidencial 309\/90). A falta de autorizaci\u00f3n, las semillas s\u00f3lo pueden utilizarse para otros fines (zoot\u00e9cnicos, recolecci\u00f3n, etc.). Las semillas se venden con la reserva de que no ser\u00e1n utilizadas por terceros en conflicto con la ley.<\/div>\n","protected":false},"excerpt":{"rendered":"<p>Fast Buds ha sido capaz de mejorar todos los rasgos que hacen a la Critical tan popular, produciendo una planta<\/p>\n","protected":false},"featured_media":187415,"comment_status":"open","ping_status":"closed","template":"","meta":[],"product_brand":[],"product_cat":[7953],"product_tag":[],"class_list":{"0":"post-212225","1":"product","2":"type-product","3":"status-publish","4":"has-post-thumbnail","6":"product_cat-seedshop-es","8":"first","9":"instock","10":"sale","11":"taxable","12":"shipping-taxable","13":"purchasable","14":"product-type-variable"},"aioseo_notices":[],"_links":{"self":[{"href":"https:\/\/www.budream.com\/es\/wp-json\/wp\/v2\/product\/212225","targetHints":{"allow":["GET"]}}],"collection":[{"href":"https:\/\/www.budream.com\/es\/wp-json\/wp\/v2\/product"}],"about":[{"href":"https:\/\/www.budream.com\/es\/wp-json\/wp\/v2\/types\/product"}],"replies":[{"embeddable":true,"href":"https:\/\/www.budream.com\/es\/wp-json\/wp\/v2\/comments?post=212225"}],"version-history":[{"count":1,"href":"https:\/\/www.budream.com\/es\/wp-json\/wp\/v2\/product\/212225\/revisions"}],"predecessor-version":[{"id":262382,"href":"https:\/\/www.budream.com\/es\/wp-json\/wp\/v2\/product\/212225\/revisions\/262382"}],"wp:featuredmedia":[{"embeddable":true,"href":"https:\/\/www.budream.com\/es\/wp-json\/wp\/v2\/media\/187415"}],"wp:attachment":[{"href":"https:\/\/www.budream.com\/es\/wp-json\/wp\/v2\/media?parent=212225"}],"wp:term":[{"taxonomy":"product_brand","embeddable":true,"href":"https:\/\/www.budream.com\/es\/wp-json\/wp\/v2\/product_brand?post=212225"},{"taxonomy":"product_cat","embeddable":true,"href":"https:\/\/www.budream.com\/es\/wp-json\/wp\/v2\/product_cat?post=212225"},{"taxonomy":"product_tag","embeddable":true,"href":"https:\/\/www.budream.com\/es\/wp-json\/wp\/v2\/product_tag?post=212225"}],"curies":[{"name":"wp","href":"https:\/\/api.w.org\/{rel}","templated":true}]}}