{"id":213309,"date":"2025-10-13T11:49:18","date_gmt":"2025-10-13T09:49:18","guid":{"rendered":"https:\/\/www.budream.com\/shop\/fast-buds-banana-purple-punch-auto-rf3-fem\/"},"modified":"2026-04-03T13:05:44","modified_gmt":"2026-04-03T11:05:44","slug":"fast-buds-banana-purple-punch-auto-rf3-fem","status":"publish","type":"product","link":"https:\/\/www.budream.com\/es\/shop\/fast-buds-banana-purple-punch-auto-rf3-fem\/","title":{"rendered":"FAST BUDS &#8211; BANANA PURPLE PUNCH AUTO RF3 FEM"},"content":{"rendered":"<div style=\"text-align: justify\">\u00abRF3\u00bb en Banana Purple Punch Auto RF3 significa \u00abReversed F3\u00bb, la tercera generaci\u00f3n subsidiaria creada a partir de Banana Purple Punch Auto F5 cruzando repetidamente un padre invertido (feminizado) en la l\u00ednea para fijar los rasgos deseados. Para Banana Purple Punch Auto RF3, este proceso nos ha dado una autofloreciente feminizada mucho m\u00e1s estable con una expresi\u00f3n Purple consistente.<\/div>\n<p><\/p>\n<h2><strong>Caracter\u00edsticas Banana Purple Punch Auto RF3 Fem Fast Buds Seeds:<\/strong><\/h2>\n<ul style=\"list-style-type: disc\">\n<li><strong>G\u00e9nero:<\/strong> H\u00edbrido Autofloreciente Feminizado<\/li>\n<li><strong>Genotipo:<\/strong> Hibrido 25% Sativa 75% Indica<\/li>\n<li><strong>Gen\u00e9tica:<\/strong> ((BPP Auto F5 x BPP Auto F5) x ((BPP Auto F5 x BPP Auto F5)) x ((BPP Auto F5 x BPP Auto F5))<\/li>\n<li><strong>D\u00edas:<\/strong> 56-63<\/li>\n<\/ul>\n<p><\/p>\n<div style=\"text-align: justify\"><em><strong>ATENCI\u00d3N:<\/strong> Las semillas de c\u00e1\u00f1amo est\u00e1n excluidas de la noci\u00f3n legal de Cannabis, lo que significa que no deben considerarse una sustancia estupefaciente (Ley 412 de 1974, Art. 1, p\u00e1rrafo 1, lett. B; Convenci\u00f3n \u00danica sobre Estupefacientes de Nueva York de 1961 y tabla II del Decreto Ministerial 27\/7\/1992). En Italia, el cultivo del c\u00e1\u00f1amo est\u00e1 prohibido (art\u00edculos 28 y 73 del Decreto Presidencial 309\/90) a menos que se obtenga una autorizaci\u00f3n especial (art\u00edculo 17 del Decreto Presidencial 309\/90). A falta de autorizaci\u00f3n, las semillas s\u00f3lo pueden utilizarse para otros fines (zoot\u00e9cnicos, recolecci\u00f3n, etc.). Las semillas se venden con la reserva de que no ser\u00e1n utilizadas por terceros en conflicto con la ley.<\/em><\/div>\n","protected":false},"excerpt":{"rendered":"<p>\u00abRF3\u00bb en Banana Purple Punch Auto RF3 significa \u00abReversed F3\u00bb, la tercera generaci\u00f3n subsidiaria creada a partir de Banana Purple<\/p>\n","protected":false},"featured_media":213201,"comment_status":"open","ping_status":"closed","template":"","meta":[],"product_brand":[],"product_cat":[7953],"product_tag":[],"class_list":{"0":"post-213309","1":"product","2":"type-product","3":"status-publish","4":"has-post-thumbnail","6":"product_cat-seedshop-es","8":"first","9":"instock","10":"taxable","11":"shipping-taxable","12":"purchasable","13":"product-type-variable"},"aioseo_notices":[],"_links":{"self":[{"href":"https:\/\/www.budream.com\/es\/wp-json\/wp\/v2\/product\/213309","targetHints":{"allow":["GET"]}}],"collection":[{"href":"https:\/\/www.budream.com\/es\/wp-json\/wp\/v2\/product"}],"about":[{"href":"https:\/\/www.budream.com\/es\/wp-json\/wp\/v2\/types\/product"}],"replies":[{"embeddable":true,"href":"https:\/\/www.budream.com\/es\/wp-json\/wp\/v2\/comments?post=213309"}],"version-history":[{"count":1,"href":"https:\/\/www.budream.com\/es\/wp-json\/wp\/v2\/product\/213309\/revisions"}],"predecessor-version":[{"id":262160,"href":"https:\/\/www.budream.com\/es\/wp-json\/wp\/v2\/product\/213309\/revisions\/262160"}],"wp:featuredmedia":[{"embeddable":true,"href":"https:\/\/www.budream.com\/es\/wp-json\/wp\/v2\/media\/213201"}],"wp:attachment":[{"href":"https:\/\/www.budream.com\/es\/wp-json\/wp\/v2\/media?parent=213309"}],"wp:term":[{"taxonomy":"product_brand","embeddable":true,"href":"https:\/\/www.budream.com\/es\/wp-json\/wp\/v2\/product_brand?post=213309"},{"taxonomy":"product_cat","embeddable":true,"href":"https:\/\/www.budream.com\/es\/wp-json\/wp\/v2\/product_cat?post=213309"},{"taxonomy":"product_tag","embeddable":true,"href":"https:\/\/www.budream.com\/es\/wp-json\/wp\/v2\/product_tag?post=213309"}],"curies":[{"name":"wp","href":"https:\/\/api.w.org\/{rel}","templated":true}]}}