{"id":214619,"date":"2025-10-17T13:05:26","date_gmt":"2025-10-17T11:05:26","guid":{"rendered":"https:\/\/www.budream.com\/shop\/biobizz-pack-de-inicio-3\/"},"modified":"2026-02-26T16:12:27","modified_gmt":"2026-02-26T14:12:27","slug":"biobizz-pack-de-inicio-3","status":"publish","type":"product","link":"https:\/\/www.budream.com\/es\/shop\/biobizz-pack-de-inicio-3\/","title":{"rendered":"BIOBIZZ &#8211; ALL PACK INDOOR | 6X500ml"},"content":{"rendered":"<p><b>All-Pack Indoor 6X500 ml<\/p>\n<p>Todo lo que necesita para el cultivo ecol\u00f3gico en interior<br \/><\/b>Decidirse a cultivar plantas en interior es el comienzo de un viaje apasionante. Y, por supuesto, todos queremos dar a nuestras plantas lo mejor desde el primer d\u00eda.<br \/>Por eso hemos creado <b>All-Pack Indoor 500 ml<\/b>: contiene todo lo que tus plantas necesitan para crecer fuertes y sanas, desde la germinaci\u00f3n hasta la cosecha.<u><\/u><u><\/u><\/p>\n<p>Descubra el mundo de Biobizz con este pr\u00e1ctico kit: seis nutrientes y estimulantes org\u00e1nicos esenciales para acompa\u00f1ar a sus plantas en cada etapa de su crecimiento.<u><\/u><u><\/u><\/p>\n<p><b>Rendimiento org\u00e1nico, simplificado<br \/><\/b>Este pack hace que el cultivo org\u00e1nico sea sencillo y productivo. Desde ra\u00edces fuertes y hojas sanas hasta floraciones abundantes y aromas intensos: el All-Pack Indoor 250 ml ayuda a sus plantas a alcanzar su equilibrio natural.<u><\/u><u><\/u><\/p>\n<p><b>Combinar. Cultive. Disfrute del resultado.<br \/><\/b>Ideal para hasta cuatro plantas de interior. Para obtener los mejores resultados, util\u00edcelo con <b>All-Mix<\/b> o <b>Light-Mix<\/b>.<br \/>Cada producto est\u00e1 certificado 100 % org\u00e1nico y act\u00faa sin\u00e9rgicamente para crear un suelo vivo y mejorar el sabor de los cultivos.<u><\/u><u><\/u><\/p>\n<p><b>El paquete contiene:<br \/><\/b>&#8211; 500 ml <b>Bio-Grow<\/b> &#8211; abono l\u00edquido para un crecimiento vegetativo vigoroso<br \/>&#8211; 500 ml <b>Bio-Bloom<\/b> &#8211; nutriente org\u00e1nico para una floraci\u00f3n abundante<br \/>&#8211; 500 ml <b>Top-Max<\/b> &#8211; estimulador natural de la floraci\u00f3n para cosechas m\u00e1s dulces y abundantes<br \/>&#8211; 500 ml <b>Alg-A-Mic<\/b> &#8211; t\u00f3nico antiestr\u00e9s para plantas m\u00e1s felices y verdes<br \/>&#8211; 500 ml <b>Bio-Heaven &#8211; <\/b>potenciador metab\u00f3lico para plantas m\u00e1s fuertes y resistentes<br \/>&#8211; 500 ml <b>Root-Juice<\/b> &#8211; estimulante radicular para ra\u00edces fuertes y vitalidad temprana<\/p>\n<h3><span style=\"font-size: 10pt\"><strong>All Pack Indoor 6X500ml tambi\u00e9n est\u00e1 disponible en 250 ml.<\/strong><\/span><\/h3>\n<div id=\"isChromeWebToolbarDiv\"><\/div>\n","protected":false},"excerpt":{"rendered":"<p>All-Pack Indoor 6X500 ml Todo lo que necesita para el cultivo ecol\u00f3gico en interiorDecidirse a cultivar plantas en interior es<\/p>\n","protected":false},"featured_media":214615,"comment_status":"open","ping_status":"closed","template":"","meta":[],"product_brand":[],"product_cat":[7932],"product_tag":[],"class_list":{"0":"post-214619","1":"product","2":"type-product","3":"status-publish","4":"has-post-thumbnail","6":"product_cat-fertilizantes","8":"first","9":"instock","10":"taxable","11":"shipping-taxable","12":"purchasable","13":"product-type-simple"},"aioseo_notices":[],"_links":{"self":[{"href":"https:\/\/www.budream.com\/es\/wp-json\/wp\/v2\/product\/214619","targetHints":{"allow":["GET"]}}],"collection":[{"href":"https:\/\/www.budream.com\/es\/wp-json\/wp\/v2\/product"}],"about":[{"href":"https:\/\/www.budream.com\/es\/wp-json\/wp\/v2\/types\/product"}],"replies":[{"embeddable":true,"href":"https:\/\/www.budream.com\/es\/wp-json\/wp\/v2\/comments?post=214619"}],"version-history":[{"count":0,"href":"https:\/\/www.budream.com\/es\/wp-json\/wp\/v2\/product\/214619\/revisions"}],"wp:featuredmedia":[{"embeddable":true,"href":"https:\/\/www.budream.com\/es\/wp-json\/wp\/v2\/media\/214615"}],"wp:attachment":[{"href":"https:\/\/www.budream.com\/es\/wp-json\/wp\/v2\/media?parent=214619"}],"wp:term":[{"taxonomy":"product_brand","embeddable":true,"href":"https:\/\/www.budream.com\/es\/wp-json\/wp\/v2\/product_brand?post=214619"},{"taxonomy":"product_cat","embeddable":true,"href":"https:\/\/www.budream.com\/es\/wp-json\/wp\/v2\/product_cat?post=214619"},{"taxonomy":"product_tag","embeddable":true,"href":"https:\/\/www.budream.com\/es\/wp-json\/wp\/v2\/product_tag?post=214619"}],"curies":[{"name":"wp","href":"https:\/\/api.w.org\/{rel}","templated":true}]}}