{"id":227188,"date":"2025-10-31T16:21:51","date_gmt":"2025-10-31T14:21:51","guid":{"rendered":"https:\/\/www.budream.com\/?post_type=product&#038;p=227188"},"modified":"2026-01-30T14:06:10","modified_gmt":"2026-01-30T12:06:10","slug":"terra-aquatica-tripak-starter-kit-dualpart-coco-0-5l-2","status":"publish","type":"product","link":"https:\/\/www.budream.com\/es\/shop\/terra-aquatica-tripak-starter-kit-dualpart-coco-0-5l-2\/","title":{"rendered":"TERRA AQUATICA &#8211; TRIPAK STARTER KIT DUALPART COCO | 0.5L"},"content":{"rendered":"<p><strong>El TRIPACK TRIPART SERIES HARD WATER de Terra Aquatica<\/strong> es un paquete promocional que contiene: la serie DualPart Coco de 0,5 l (Grow, Bloom), el FinalPart m\u00e1s un kit de prueba de pH y un sobre de pH- Powder.<\/p>\n<p>El Tripack es uno de los productos m\u00e1s populares entre los cultivadores de interior. Se trata de un kit de inicio producido por los especialistas Terra Aquatica que incluye una versi\u00f3n \u00abmini\u00bb de un kit de abono.<\/p>\n<p><strong>En concreto, el paquete contiene:<\/strong><\/p>\n<ul style=\"list-style-type: disc\">\n<li><span style=\"text-decoration: underline\"><strong><a rel=\"nofollow\" href=\"https:\/\/www.indoorline.com\/terra-aquatica-by-ghe-dualpart-coco-grow-ex-floracoco-bloom-0-5l.html\">DualPart Coco Grow 0,5L<\/a><\/strong><\/span><\/li>\n<li><span style=\"text-decoration: underline\"><strong><a rel=\"nofollow\" href=\"https:\/\/www.indoorline.com\/terra-aquatica-by-ghe-dualpart-coco-bloom-ex-floracoco-bloom-0-5l.html\">DualPart Coco Bloom 0,5L<\/a><\/strong><\/span><\/li>\n<li><span style=\"text-decoration: underline\"><strong><a rel=\"nofollow\" href=\"https:\/\/www.indoorline.com\/terra-aquatica-by-ghe-finalpart-ex-ripen-0-5l.html\">FinalPart 0,5L<\/a><\/strong><\/span><\/li>\n<li><\/li>\n<li>1 bolsa de pH- Polvo.<\/li>\n<\/ul>\n<p><strong>Este nutriente est\u00e1 formulado para su uso con un sustrato de fibra de coco, pero tambi\u00e9n se puede utilizar con suelos, especialmente los suelos \u00e1cidos.<\/strong> Excepcionalmente rico en calcio y magnesio, tiene la distinci\u00f3n de ser el \u00fanico fertilizante de coco en el mercado que no requiere ning\u00fan otro aditivo.<\/p>\n<p>No necesita suplementos de calcio ni de f\u00f3sforo, como suele ocurrir con la mayor\u00eda de los productos de coco convencionales.<\/p>\n<h2 class=\"sousTitre\"><strong>Altamente concentrado, un verdadero abono de coco en 2 partes.<br \/><em>\u00a1Puede decir adi\u00f3s al suplemento de calcio y magnesio para siempre!<\/em><\/strong><\/h2>\n<p>\u00danico entre las grandes marcas, <strong>T.A. DualPart Coco no necesita aditivos<\/strong> para ofrecer resultados incre\u00edbles desde la semilla hasta la floraci\u00f3n: otros abonos de coco en 2 partes requieren la adici\u00f3n de Cal\/Mag y potenciadores PK, es decir, 2 productos para vegetativo y 2 para floraci\u00f3n. Con DualCoco no es as\u00ed: \u00a1s\u00f3lo necesita dos productos!<\/p>\n<p>DualPartCoco es excepcionalmente rico en calcio y magnesio, pero tambi\u00e9n contiene toda la gama de otros elementos que la planta necesita para un crecimiento sano y vigoroso, seguido de una floraci\u00f3n y fructificaci\u00f3n abundantes. Esto incluye oligoelementos que dan a su producto final el aroma y el sabor que sus plantas son capaces de desarrollar.<\/p>\n<p>Al igual que con la mayor\u00eda de los abonos de Terra Aquatica, <strong>utilice DualPart Coco Grow and Bloom durante todo el ciclo de vida de sus plantas<\/strong>; simplemente cambie la proporci\u00f3n entre los dos a medida que su planta crece: no hay que comprar un segundo juego de productos cuando se pasa del crecimiento a la floraci\u00f3n.<\/p>\n<h3><strong>C\u00d3MO UTILIZARLO:<br \/><\/strong> <\/h3>\n<ul style=\"list-style-type: disc\">\n<li>Mezcle<strong>bien antes de cada uso<\/strong>, a\u00f1ada cada producto al agua por separado, mezcle bien y enjuague bien el equipo de medici\u00f3n entre aplicaciones y despu\u00e9s de cada uso.<\/li>\n<li><strong>T.A. DualPart Coco es muy concentrado:<\/strong> se necesita un m\u00e1ximo de 4,5 ml\/L.<\/li>\n<li>Para obtener los mejores resultados, utilice DualPArt Coco con <strong>CocoTek<\/strong> puro o <strong>CocoTekPX<\/strong><\/li>\n<\/ul>\n<h3><strong>USAR CON:<\/p>\n<p><\/strong><\/h3>\n<ul style=\"list-style-type: disc\">\n<li>Funciona con todas las plantas, optimizado para sustratos de coco.<\/li>\n<li>Despu\u00e9s de los nutrientes, la mayor ventaja que se puede dar a cualquier cultivo es utilizar un \u00e1cido f\u00falvico de alta calidad: <span style=\"text-decoration: underline\"><strong><a href=\"https:\/\/www.indoorline.com\/prodotti.php?ricerca=fulvic\">T.A. Fulvic<\/a><\/strong><\/span> es el mejor.<\/li>\n<li><span style=\"text-decoration: underline\"><strong><a href=\"https:\/\/www.indoorline.com\/prodotti.php?ricerca=flashclean\">FlashClean<\/a><\/strong><\/span>: No s\u00f3lo para problemas de absorci\u00f3n y cosecha: FlashClean regenera los sustratos agotados que pueden ser dif\u00edciles de manejar cuando no se pueden trasplantar las plantas frutales, y puede dar un nuevo impulso a las plantas madre.<\/li>\n<li>Aditivos org\u00e1nicos Terra Aquatica: la gama Terra Aquatica incluye aditivos de alta calidad para perfeccionar y mejorar su cultivo, entre ellos <strong><a rel=\"nofollow\" href=\"https:\/\/www.indoorline.com\/terra-aquatica-by-ghe-seaweed-ex-go-bioweed-seaweed-0-5l.html\">Seaweed<\/a><\/strong>, un potente activador previo a la floraci\u00f3n.<\/li>\n<li>En los \u00faltimos d\u00edas, utilice <span style=\"text-decoration: underline\"><strong><a href=\"https:\/\/www.indoorline.com\/prodotti.php?ricerca=finalpart\">FinalPart<\/a> <\/strong><\/span>solo para potenciar la producci\u00f3n de flores.<\/li>\n<li><span style=\"text-decoration: underline\"><strong><a href=\"https:\/\/www.indoorline.com\/prodotti.php?ricerca=trikologic+s\">Trikologic<\/a><\/strong><\/span> aporta vida microbiana beneficiosa a sus ra\u00edces, <span style=\"text-decoration: underline\"><strong><a href=\"https:\/\/www.indoorline.com\/prodotti.php?ricerca=trikologic+s\">Trikologic S<\/a><\/strong><\/span> a\u00f1ade alta protecci\u00f3n y rendimiento, especialmente a altas temperaturas.<\/li>\n<\/ul>\n","protected":false},"excerpt":{"rendered":"<p>El TRIPACK TRIPART SERIES HARD WATER de Terra Aquatica es un paquete promocional que contiene: la serie DualPart Coco de<\/p>\n","protected":false},"featured_media":226723,"comment_status":"open","ping_status":"closed","template":"","meta":[],"product_brand":[],"product_cat":[7923],"product_tag":[],"class_list":{"0":"post-227188","1":"product","2":"type-product","3":"status-publish","4":"has-post-thumbnail","6":"product_cat-growshop-es","8":"first","9":"instock","10":"taxable","11":"shipping-taxable","12":"purchasable","13":"product-type-simple"},"_links":{"self":[{"href":"https:\/\/www.budream.com\/es\/wp-json\/wp\/v2\/product\/227188","targetHints":{"allow":["GET"]}}],"collection":[{"href":"https:\/\/www.budream.com\/es\/wp-json\/wp\/v2\/product"}],"about":[{"href":"https:\/\/www.budream.com\/es\/wp-json\/wp\/v2\/types\/product"}],"replies":[{"embeddable":true,"href":"https:\/\/www.budream.com\/es\/wp-json\/wp\/v2\/comments?post=227188"}],"version-history":[{"count":0,"href":"https:\/\/www.budream.com\/es\/wp-json\/wp\/v2\/product\/227188\/revisions"}],"wp:featuredmedia":[{"embeddable":true,"href":"https:\/\/www.budream.com\/es\/wp-json\/wp\/v2\/media\/226723"}],"wp:attachment":[{"href":"https:\/\/www.budream.com\/es\/wp-json\/wp\/v2\/media?parent=227188"}],"wp:term":[{"taxonomy":"product_brand","embeddable":true,"href":"https:\/\/www.budream.com\/es\/wp-json\/wp\/v2\/product_brand?post=227188"},{"taxonomy":"product_cat","embeddable":true,"href":"https:\/\/www.budream.com\/es\/wp-json\/wp\/v2\/product_cat?post=227188"},{"taxonomy":"product_tag","embeddable":true,"href":"https:\/\/www.budream.com\/es\/wp-json\/wp\/v2\/product_tag?post=227188"}],"curies":[{"name":"wp","href":"https:\/\/api.w.org\/{rel}","templated":true}]}}