{"id":227521,"date":"2025-11-04T16:07:49","date_gmt":"2025-11-04T14:07:49","guid":{"rendered":"https:\/\/www.budream.com\/?post_type=product&#038;p=227521"},"modified":"2026-04-21T19:38:20","modified_gmt":"2026-04-21T17:38:20","slug":"arizer-bateria-26650-para-arizer-air-max-con-estuche-protector","status":"publish","type":"product","link":"https:\/\/www.budream.com\/es\/shop\/arizer-bateria-26650-para-arizer-air-max-con-estuche-protector\/","title":{"rendered":"ARIZER &#8211; BATERIA 26650 PARA ARIZER AIR MAX CON ESTUCHE PROTECTOR"},"content":{"rendered":"<p>Bater\u00eda de repuesto (c\u00e9lula de iones de litio 26650) para vaporizadores Arizer Air Max con comprobador de bater\u00eda. &#8211; Alto rendimiento, alta calidad y larga duraci\u00f3n.<br \/>La bater\u00eda viene en un estuche protector que tambi\u00e9n muestra el nivel de carga.<\/p>\n<h2><span style=\"text-decoration: underline\">Bater\u00eda Arizer compatible con:<\/span><\/h2>\n<ul style=\"list-style-type: disc\">\n<li>Arizer Air Max<\/li>\n<\/ul>\n","protected":false},"excerpt":{"rendered":"<p>Bater\u00eda de repuesto (c\u00e9lula de iones de litio 26650) para vaporizadores Arizer Air Max con comprobador de bater\u00eda. &#8211; Alto<\/p>\n","protected":false},"featured_media":227527,"comment_status":"open","ping_status":"closed","template":"","meta":[],"product_brand":[],"product_cat":[7908],"product_tag":[],"class_list":{"0":"post-227521","1":"product","2":"type-product","3":"status-publish","4":"has-post-thumbnail","6":"product_cat-vaporizadores","8":"first","9":"instock","10":"sale","11":"taxable","12":"shipping-taxable","13":"purchasable","14":"product-type-simple"},"_links":{"self":[{"href":"https:\/\/www.budream.com\/es\/wp-json\/wp\/v2\/product\/227521","targetHints":{"allow":["GET"]}}],"collection":[{"href":"https:\/\/www.budream.com\/es\/wp-json\/wp\/v2\/product"}],"about":[{"href":"https:\/\/www.budream.com\/es\/wp-json\/wp\/v2\/types\/product"}],"replies":[{"embeddable":true,"href":"https:\/\/www.budream.com\/es\/wp-json\/wp\/v2\/comments?post=227521"}],"version-history":[{"count":0,"href":"https:\/\/www.budream.com\/es\/wp-json\/wp\/v2\/product\/227521\/revisions"}],"wp:featuredmedia":[{"embeddable":true,"href":"https:\/\/www.budream.com\/es\/wp-json\/wp\/v2\/media\/227527"}],"wp:attachment":[{"href":"https:\/\/www.budream.com\/es\/wp-json\/wp\/v2\/media?parent=227521"}],"wp:term":[{"taxonomy":"product_brand","embeddable":true,"href":"https:\/\/www.budream.com\/es\/wp-json\/wp\/v2\/product_brand?post=227521"},{"taxonomy":"product_cat","embeddable":true,"href":"https:\/\/www.budream.com\/es\/wp-json\/wp\/v2\/product_cat?post=227521"},{"taxonomy":"product_tag","embeddable":true,"href":"https:\/\/www.budream.com\/es\/wp-json\/wp\/v2\/product_tag?post=227521"}],"curies":[{"name":"wp","href":"https:\/\/api.w.org\/{rel}","templated":true}]}}