{"id":228036,"date":"2025-11-06T17:45:19","date_gmt":"2025-11-06T15:45:19","guid":{"rendered":"https:\/\/www.budream.com\/?post_type=product&#038;p=228036"},"modified":"2026-05-13T18:36:48","modified_gmt":"2026-05-13T16:36:48","slug":"bioki-litotamnio-900gr","status":"publish","type":"product","link":"https:\/\/www.budream.com\/es\/shop\/bioki-litotamnio-900gr\/","title":{"rendered":"BIOKI &#8211; LITOTAMNIO | 900gr"},"content":{"rendered":"<p>USO: tratamientos foliares <br \/>El litotamio es un polvo extra\u00eddo de algas rojas calc\u00e1reas (Lithothamnium calcareum), que se mineralizan en las costas atl\u00e1nticas de Francia y se caracterizan por un fuerte entramado calc\u00e1reo. Los efectos beneficiosos de la harina de algas vienen determinados por el rico contenido en carbonato c\u00e1lcico, magnesio y, sobre todo, oligoelementos. <\/p>\n<p>Esta composici\u00f3n hace que el lithotamium tenga una amplia gama de usos en agroecolog\u00eda. <br \/>Este polvo se utiliza mucho en agricultura ecol\u00f3gica y biodin\u00e1mica, ya que desempe\u00f1a varias funciones <br \/>&#8211; fitoestimulante: su alto contenido en carbonato c\u00e1lcico (80-85%), magnesio (10-15%) y oligoelementos lo convierten en un excelente producto para favorecer el desarrollo de las plantas y sus capacidades de autodefensa; <br \/>&#8211; acondicionador del suelo: mejora la estructura y el pH de los suelos \u00e1cidos; <br \/>&#8211; antiparasitario: el polvo de litotamnio crea un fino velo de part\u00edculas calc\u00e1reas sobre la planta, que constituye un obst\u00e1culo para las piezas bucales de los insectos que se alimentan de las partes verdes de la planta y para la penetraci\u00f3n de pat\u00f3genos. Es un excelente abono para huertos y frutales, en dosis de 5 kg por 100 m2 . Est\u00e1 especialmente indicado para suelos \u00e1cidos y pobres en humus, ya que es rico en calcio, magnesio y oligoelementos. <\/p>\n<p>El litotamnio tambi\u00e9n se utiliza para reforzar las autodefensas de las plantas; el tratamiento principal en agricultura ecol\u00f3gica se denomina NAB.<br \/>Preparaci\u00f3n para 100 litros de agua <br \/>1600 g de litotamnio<br \/>300 g de Bentonita<br \/>100 g de jab\u00f3n de azufre<\/p>\n<p>A la suspensi\u00f3n resultante se a\u00f1aden: 100 g de soluci\u00f3n de prop\u00f3leo y 2000 g de silicato de sodio (tratamiento a realizar en el momento de la hinchaz\u00f3n de los capullos y despu\u00e9s de la floraci\u00f3n) <br \/>La funci\u00f3n de los distintos componentes es la siguiente : <br \/>&#8211; Lithotamnion : Proveedor de microelementos (calcio, magnesio, boro, manganeso) <br \/>&#8211; Bentonita : Aglutinante, proveedor de magnesio, potasio, silicio. <br \/>&#8211; Azufre : Fungicida antio\u00eddico portador de azufre. <br \/>&#8211; Prop\u00f3leo : Fungicida. <br \/>&#8211; Silicato de sodio : Adhesivo con acci\u00f3n insecticida por deshidrataci\u00f3n sobre huevos y larvas.<\/p>\n","protected":false},"excerpt":{"rendered":"<p>USO: tratamientos foliares El litotamio es un polvo extra\u00eddo de algas rojas calc\u00e1reas (Lithothamnium calcareum), que se mineralizan en las<\/p>\n","protected":false},"featured_media":228042,"comment_status":"open","ping_status":"closed","template":"","meta":[],"product_brand":[],"product_cat":[1175],"product_tag":[],"class_list":{"0":"post-228036","1":"product","2":"type-product","3":"status-publish","4":"has-post-thumbnail","6":"product_cat-seedshop","8":"first","9":"instock","10":"taxable","11":"shipping-taxable","12":"purchasable","13":"product-type-simple"},"aioseo_notices":[],"_links":{"self":[{"href":"https:\/\/www.budream.com\/es\/wp-json\/wp\/v2\/product\/228036","targetHints":{"allow":["GET"]}}],"collection":[{"href":"https:\/\/www.budream.com\/es\/wp-json\/wp\/v2\/product"}],"about":[{"href":"https:\/\/www.budream.com\/es\/wp-json\/wp\/v2\/types\/product"}],"replies":[{"embeddable":true,"href":"https:\/\/www.budream.com\/es\/wp-json\/wp\/v2\/comments?post=228036"}],"version-history":[{"count":0,"href":"https:\/\/www.budream.com\/es\/wp-json\/wp\/v2\/product\/228036\/revisions"}],"wp:featuredmedia":[{"embeddable":true,"href":"https:\/\/www.budream.com\/es\/wp-json\/wp\/v2\/media\/228042"}],"wp:attachment":[{"href":"https:\/\/www.budream.com\/es\/wp-json\/wp\/v2\/media?parent=228036"}],"wp:term":[{"taxonomy":"product_brand","embeddable":true,"href":"https:\/\/www.budream.com\/es\/wp-json\/wp\/v2\/product_brand?post=228036"},{"taxonomy":"product_cat","embeddable":true,"href":"https:\/\/www.budream.com\/es\/wp-json\/wp\/v2\/product_cat?post=228036"},{"taxonomy":"product_tag","embeddable":true,"href":"https:\/\/www.budream.com\/es\/wp-json\/wp\/v2\/product_tag?post=228036"}],"curies":[{"name":"wp","href":"https:\/\/api.w.org\/{rel}","templated":true}]}}