{"id":228371,"date":"2025-11-10T16:58:37","date_gmt":"2025-11-10T14:58:37","guid":{"rendered":"https:\/\/www.budream.com\/?post_type=product&#038;p=228371"},"modified":"2026-03-06T13:40:07","modified_gmt":"2026-03-06T11:40:07","slug":"airfan-expirador-de-vacio-de-espuma-sonorizante-550m3-diametro-150mm","status":"publish","type":"product","link":"https:\/\/www.budream.com\/es\/shop\/airfan-expirador-de-vacio-de-espuma-sonorizante-550m3-diametro-150mm\/","title":{"rendered":"AIRFAN &#8211; EXPIRADOR DE VACIO DE ESPUMA SONORIZANTE | 550m3 DI\u00c1METRO 150MM"},"content":{"rendered":"<p>AIRFAN ha incluido en su cat\u00e1logo aspiradores de espuma.<\/p>\n<p>Las propiedades aislantes de la carcasa de polipropileno (EPP) minimizan las vibraciones y el ruido para un funcionamiento m\u00e1s silencioso.<\/p>\n<p>Los ventiladores de caja FOAM est\u00e1n equipados con ventiladores centr\u00edfugos y aislados con espuma de burbujas de alta calidad, duradera y fonoabsorbente. Est\u00e1n dise\u00f1ados para funcionar con la alta presi\u00f3n disponible, tienen un nivel de ruido muy bajo y est\u00e1n dise\u00f1ados para conectarse a conductos de aire redondos.<\/p>\n<p>Cada caja de ventilaci\u00f3n de espuma se prueba e inspecciona individualmente antes de salir de f\u00e1brica.<\/p>\n<h2><span style=\"text-decoration: underline\"><strong>Caracter\u00edsticas de la caja de ventilaci\u00f3n Foam Airfan:<\/strong><\/span><\/h2>\n<ul style=\"list-style-type: disc\">\n<li>Ligero<\/li>\n<li>Muy resistente<\/li>\n<li>Absorbe los golpes<\/li>\n<li>Aislante<\/li>\n<li>Efecto memoria (recupera su forma original)<\/li>\n<li>Reciclable<\/li>\n<li>Impermeable<\/li>\n<li>Herm\u00e9tico<\/li>\n<li>Ign\u00edfugo<\/li>\n<li>Resistente a la temperatura (de -40 a 100 C)<\/li>\n<li>Antimoho<\/li>\n<\/ul>\n<p><\/p>\n<h2><span style=\"text-decoration: underline\"><strong>Especificaciones t\u00e9cnicas Aspirador de cassette Foam Airfan:<br \/><\/strong><\/span><\/h2>\n<ul style=\"list-style-type: disc\">\n<li>Tensi\u00f3n de alimentaci\u00f3n: monof\u00e1sica 220\/240V &#8211; 50Hz<\/li>\n<li>Rango de temperatura: -40 a 110 C<\/li>\n<li>Clase de protecci\u00f3n: IP44<\/li>\n<li>Dimensioni:320x320x380mm<\/li>\n<li>Brida de salida: &Oslash; 150mm<\/li>\n<li>Brida de entrada: &Oslash; 150mm<\/li>\n<\/ul>\n<h2><\/h2>\n","protected":false},"excerpt":{"rendered":"<p>AIRFAN ha incluido en su cat\u00e1logo aspiradores de espuma. Las propiedades aislantes de la carcasa de polipropileno (EPP) minimizan las<\/p>\n","protected":false},"featured_media":228347,"comment_status":"open","ping_status":"closed","template":"","meta":[],"product_brand":[],"product_cat":[7923],"product_tag":[],"class_list":{"0":"post-228371","1":"product","2":"type-product","3":"status-publish","4":"has-post-thumbnail","6":"product_cat-growshop-es","8":"first","9":"instock","10":"taxable","11":"shipping-taxable","12":"purchasable","13":"product-type-simple"},"aioseo_notices":[],"_links":{"self":[{"href":"https:\/\/www.budream.com\/es\/wp-json\/wp\/v2\/product\/228371","targetHints":{"allow":["GET"]}}],"collection":[{"href":"https:\/\/www.budream.com\/es\/wp-json\/wp\/v2\/product"}],"about":[{"href":"https:\/\/www.budream.com\/es\/wp-json\/wp\/v2\/types\/product"}],"replies":[{"embeddable":true,"href":"https:\/\/www.budream.com\/es\/wp-json\/wp\/v2\/comments?post=228371"}],"version-history":[{"count":0,"href":"https:\/\/www.budream.com\/es\/wp-json\/wp\/v2\/product\/228371\/revisions"}],"wp:featuredmedia":[{"embeddable":true,"href":"https:\/\/www.budream.com\/es\/wp-json\/wp\/v2\/media\/228347"}],"wp:attachment":[{"href":"https:\/\/www.budream.com\/es\/wp-json\/wp\/v2\/media?parent=228371"}],"wp:term":[{"taxonomy":"product_brand","embeddable":true,"href":"https:\/\/www.budream.com\/es\/wp-json\/wp\/v2\/product_brand?post=228371"},{"taxonomy":"product_cat","embeddable":true,"href":"https:\/\/www.budream.com\/es\/wp-json\/wp\/v2\/product_cat?post=228371"},{"taxonomy":"product_tag","embeddable":true,"href":"https:\/\/www.budream.com\/es\/wp-json\/wp\/v2\/product_tag?post=228371"}],"curies":[{"name":"wp","href":"https:\/\/api.w.org\/{rel}","templated":true}]}}