{"id":229369,"date":"2025-11-17T17:29:51","date_gmt":"2025-11-17T15:29:51","guid":{"rendered":"https:\/\/www.budream.com\/?post_type=product&#038;p=229369"},"modified":"2026-03-19T16:54:23","modified_gmt":"2026-03-19T14:54:23","slug":"recortadora-manual-para-limpieza-de-flores","status":"publish","type":"product","link":"https:\/\/www.budream.com\/es\/shop\/recortadora-manual-para-limpieza-de-flores\/","title":{"rendered":"TRIMBIN &#8211; BANDEJA ERGONOMICA PARA RECORTAR, LIMPIAR Y COSECHAR | 150 MICRON"},"content":{"rendered":"<p>La bandeja de corte TrimBin Harvest es la bandeja de cosecha l\u00edder del mercado <strong>fabricada en California<\/strong>. Con un dise\u00f1o ergon\u00f3mico y robusto, la TrimBin permite cortar y cosechar las partes de la planta sin estr\u00e9s. Adem\u00e1s, las resinas se separan del material vegetal y caen a trav\u00e9s del tamiz en la bandeja inferior del TrimBin. <\/p>\n<p>A continuaci\u00f3n, los frutos de la cosecha se recogen por separado en la bandeja inferior. No se pierde material vegetal . La bandeja es f\u00e1cil de limpiar y ligera para el transporte. Por supuesto, la bandeja tambi\u00e9n puede utilizarse para separar el material vegetal. Simplemente coloque el material seco y triturado en la bandeja superior y sep\u00e1relo agit\u00e1ndolo (este m\u00e9todo funciona mejor con el filtro TrimBin).<\/p>\n<h2><span style=\"text-decoration: underline\">Caracter\u00edsticas de la bandeja TrimBin:<\/span><\/h2>\n<ul style=\"list-style-type: disc\">\n<li>Fabricado en California;<\/li>\n<li>Reduce el estr\u00e9s y aumenta la productividad;<\/li>\n<li>Listo para usar inmediatamente y f\u00e1cil de usar;<\/li>\n<li>Convierte cualquier silla o sof\u00e1 en un c\u00f3modo espacio de trabajo;<\/li>\n<li>F\u00e1cil instalaci\u00f3n y limpieza;<\/li>\n<li>Dise\u00f1o apilable que permite un f\u00e1cil almacenamiento;<\/li>\n<li>Filtro de 150 micras <strong>incluido<\/strong>;<\/li>\n<li>Recipiente de recogida y cepillo est\u00e1tico;<\/li>\n<li>Paredes altas para un lugar de trabajo limpio y organizado<\/li>\n<li>Fabricado en polipropileno 100% reciclado;<\/li>\n<\/ul>\n<p><\/p>\n<h2><span style=\"text-decoration: underline\">Especificaciones de la bandeja TrimBin:<\/span><\/h2>\n<ul style=\"list-style-type: disc\">\n<li>Peso: 1,7 kg<\/li>\n<li>Dimensiones: 43 x 39,3 x 14 cm<\/li>\n<li>Materiales: polipropileno (PP) virgen y acero inoxidable<\/li>\n<li>Tamiz de acero inoxidable <strong>de 150 micras<\/strong><\/li>\n<\/ul>\n","protected":false},"excerpt":{"rendered":"<p>La bandeja de corte TrimBin Harvest es la bandeja de cosecha l\u00edder del mercado fabricada en California. Con un dise\u00f1o<\/p>\n","protected":false},"featured_media":229375,"comment_status":"open","ping_status":"closed","template":"","meta":[],"product_brand":[],"product_cat":[7948],"product_tag":[],"class_list":{"0":"post-229369","1":"product","2":"type-product","3":"status-publish","4":"has-post-thumbnail","6":"product_cat-headshop-es","8":"first","9":"instock","10":"taxable","11":"shipping-taxable","12":"purchasable","13":"product-type-simple"},"aioseo_notices":[],"_links":{"self":[{"href":"https:\/\/www.budream.com\/es\/wp-json\/wp\/v2\/product\/229369","targetHints":{"allow":["GET"]}}],"collection":[{"href":"https:\/\/www.budream.com\/es\/wp-json\/wp\/v2\/product"}],"about":[{"href":"https:\/\/www.budream.com\/es\/wp-json\/wp\/v2\/types\/product"}],"replies":[{"embeddable":true,"href":"https:\/\/www.budream.com\/es\/wp-json\/wp\/v2\/comments?post=229369"}],"version-history":[{"count":0,"href":"https:\/\/www.budream.com\/es\/wp-json\/wp\/v2\/product\/229369\/revisions"}],"wp:featuredmedia":[{"embeddable":true,"href":"https:\/\/www.budream.com\/es\/wp-json\/wp\/v2\/media\/229375"}],"wp:attachment":[{"href":"https:\/\/www.budream.com\/es\/wp-json\/wp\/v2\/media?parent=229369"}],"wp:term":[{"taxonomy":"product_brand","embeddable":true,"href":"https:\/\/www.budream.com\/es\/wp-json\/wp\/v2\/product_brand?post=229369"},{"taxonomy":"product_cat","embeddable":true,"href":"https:\/\/www.budream.com\/es\/wp-json\/wp\/v2\/product_cat?post=229369"},{"taxonomy":"product_tag","embeddable":true,"href":"https:\/\/www.budream.com\/es\/wp-json\/wp\/v2\/product_tag?post=229369"}],"curies":[{"name":"wp","href":"https:\/\/api.w.org\/{rel}","templated":true}]}}