{"id":229404,"date":"2025-11-17T17:48:20","date_gmt":"2025-11-17T15:48:20","guid":{"rendered":"https:\/\/www.budream.com\/?post_type=product&#038;p=229404"},"modified":"2025-12-30T12:09:58","modified_gmt":"2025-12-30T10:09:58","slug":"trimbin-bandeja-de-recorte-y-limpieza-con-filtro-y-bolsa-de-recogida","status":"publish","type":"product","link":"https:\/\/www.budream.com\/es\/shop\/trimbin-bandeja-de-recorte-y-limpieza-con-filtro-y-bolsa-de-recogida\/","title":{"rendered":"TRIMBIN &#8211; BANDEJA DE RECORTE Y LIMPIEZA CON FILTRO Y BOLSA DE RECOGIDA"},"content":{"rendered":"<p>El filtro TrimBin permite separar r\u00e1pidamente las partes de plantas no deseadas en la bolsa de recogida incluida. Ergon\u00f3mico y robusto, el filtro TrimBin permite clasificar las partes de las plantas sin estr\u00e9s. La bandeja es f\u00e1cil de limpiar y transportar.<\/p>\n<p>El filtro TrimBin es la \u00faltima innovaci\u00f3n en el mundo del recorte manual.<\/p>\n<h2><span style=\"text-decoration: underline\">Caracter\u00edsticas de la bandeja filtrante TrimBin<\/span><\/h2>\n<ul style=\"list-style-type: disc\">\n<li>La bolsa de recogida se fija al contenedor situado debajo de la bandeja.<\/li>\n<li>Utilice las tres bandejas (TrimBin original) para clasificar su trabajo y recoger el polen.<\/li>\n<li>Cada filtro TrimBin incluye una bolsa de recogida de 40 x 45 cm.<\/li>\n<li>Dise\u00f1ado y probado para una clasificaci\u00f3n \u00f3ptima<\/li>\n<li>Estaci\u00f3n de trabajo ultraligera<\/li>\n<li>F\u00e1cil de limpiar. F\u00e1cil de transportar.<\/li>\n<li>Fabricado en California, EE.UU.<\/li>\n<li>TrimBin le ayuda a mantener su lugar de trabajo organizado y eficiente.<\/li>\n<\/ul>\n","protected":false},"excerpt":{"rendered":"<p>El filtro TrimBin permite separar r\u00e1pidamente las partes de plantas no deseadas en la bolsa de recogida incluida. Ergon\u00f3mico y<\/p>\n","protected":false},"featured_media":229410,"comment_status":"open","ping_status":"closed","template":"","meta":[],"product_brand":[],"product_cat":[7948],"product_tag":[],"class_list":{"0":"post-229404","1":"product","2":"type-product","3":"status-publish","4":"has-post-thumbnail","6":"product_cat-headshop-es","8":"first","9":"instock","10":"taxable","11":"shipping-taxable","12":"purchasable","13":"product-type-simple"},"aioseo_notices":[],"_links":{"self":[{"href":"https:\/\/www.budream.com\/es\/wp-json\/wp\/v2\/product\/229404","targetHints":{"allow":["GET"]}}],"collection":[{"href":"https:\/\/www.budream.com\/es\/wp-json\/wp\/v2\/product"}],"about":[{"href":"https:\/\/www.budream.com\/es\/wp-json\/wp\/v2\/types\/product"}],"replies":[{"embeddable":true,"href":"https:\/\/www.budream.com\/es\/wp-json\/wp\/v2\/comments?post=229404"}],"version-history":[{"count":0,"href":"https:\/\/www.budream.com\/es\/wp-json\/wp\/v2\/product\/229404\/revisions"}],"wp:featuredmedia":[{"embeddable":true,"href":"https:\/\/www.budream.com\/es\/wp-json\/wp\/v2\/media\/229410"}],"wp:attachment":[{"href":"https:\/\/www.budream.com\/es\/wp-json\/wp\/v2\/media?parent=229404"}],"wp:term":[{"taxonomy":"product_brand","embeddable":true,"href":"https:\/\/www.budream.com\/es\/wp-json\/wp\/v2\/product_brand?post=229404"},{"taxonomy":"product_cat","embeddable":true,"href":"https:\/\/www.budream.com\/es\/wp-json\/wp\/v2\/product_cat?post=229404"},{"taxonomy":"product_tag","embeddable":true,"href":"https:\/\/www.budream.com\/es\/wp-json\/wp\/v2\/product_tag?post=229404"}],"curies":[{"name":"wp","href":"https:\/\/api.w.org\/{rel}","templated":true}]}}