{"id":229469,"date":"2025-11-19T11:04:54","date_gmt":"2025-11-19T09:04:54","guid":{"rendered":"https:\/\/www.budream.com\/?post_type=product&#038;p=229469"},"modified":"2025-12-18T15:45:46","modified_gmt":"2025-12-18T13:45:46","slug":"trimbin-bandeja-ergonomica-para-recortar-limpiar-y-cosechar-150-micron","status":"publish","type":"product","link":"https:\/\/www.budream.com\/es\/shop\/trimbin-bandeja-ergonomica-para-recortar-limpiar-y-cosechar-150-micron\/","title":{"rendered":"COSECHAR M\u00c1S &#8211; TIJERAS DE PODA FREGADORA"},"content":{"rendered":"<p>Diga adi\u00f3s a las cuchillas gomosas, los trapos pegajosos y los vasos esponjosos: \u00a1el limpiador de tijeras hace el trabajo sin esfuerzo y sin ensuciar!<br \/>Tenga a mano tijeras de repuesto cuando corte y luego sustit\u00fayalas por tijeras pegajosas: nunca m\u00e1s se ver\u00e1 frenado por tijeras pegajosas cuando tenga el limpiador a mano.<\/p>\n<p>El sistema de limpieza de tijeras Harvest More es <strong>eficiente y port\u00e1til<\/strong>: simplemente abra la tapa y llene el dep\u00f3sito con su soluci\u00f3n de limpieza preferida. Eso es todo: su limpiador de tijeras Harvest More est\u00e1 listo para usar. Retire y recoja la resina en <strong>segundos<\/strong>.<\/p>\n<p>\u00a1Las tijeras pegajosas hacen perder <strong>tiempo<\/strong>! Con el limpiador de tijeras, \u00a1obtendr\u00e1 un corte limpio mucho m\u00e1s r\u00e1pido!<\/p>\n<h2><span style=\"text-decoration: underline\">Caracter\u00edsticas Limpiador de tijeras:<\/span><\/h2>\n<ul style=\"list-style-type: disc\">\n<li>F\u00e1cil apertura y cierre del recipiente<\/li>\n<li>Cerdas extra\u00edbles<\/li>\n<li>Utiliza tu soluci\u00f3n limpiadora favorita<\/li>\n<li>Los labios de goma limpian el exceso de soluci\u00f3n<\/li>\n<li>La mejor forma de mantener limpias las tijeras durante la recogida r\u00e1pida y sencilla<\/li>\n<\/ul>\n","protected":false},"excerpt":{"rendered":"<p>Diga adi\u00f3s a las cuchillas gomosas, los trapos pegajosos y los vasos esponjosos: \u00a1el limpiador de tijeras hace el trabajo<\/p>\n","protected":false},"featured_media":229509,"comment_status":"open","ping_status":"closed","template":"","meta":[],"product_brand":[],"product_cat":[7948],"product_tag":[],"class_list":{"0":"post-229469","1":"product","2":"type-product","3":"status-publish","4":"has-post-thumbnail","6":"product_cat-headshop-es","8":"first","9":"instock","10":"taxable","11":"shipping-taxable","12":"purchasable","13":"product-type-simple"},"aioseo_notices":[],"_links":{"self":[{"href":"https:\/\/www.budream.com\/es\/wp-json\/wp\/v2\/product\/229469","targetHints":{"allow":["GET"]}}],"collection":[{"href":"https:\/\/www.budream.com\/es\/wp-json\/wp\/v2\/product"}],"about":[{"href":"https:\/\/www.budream.com\/es\/wp-json\/wp\/v2\/types\/product"}],"replies":[{"embeddable":true,"href":"https:\/\/www.budream.com\/es\/wp-json\/wp\/v2\/comments?post=229469"}],"version-history":[{"count":0,"href":"https:\/\/www.budream.com\/es\/wp-json\/wp\/v2\/product\/229469\/revisions"}],"wp:featuredmedia":[{"embeddable":true,"href":"https:\/\/www.budream.com\/es\/wp-json\/wp\/v2\/media\/229509"}],"wp:attachment":[{"href":"https:\/\/www.budream.com\/es\/wp-json\/wp\/v2\/media?parent=229469"}],"wp:term":[{"taxonomy":"product_brand","embeddable":true,"href":"https:\/\/www.budream.com\/es\/wp-json\/wp\/v2\/product_brand?post=229469"},{"taxonomy":"product_cat","embeddable":true,"href":"https:\/\/www.budream.com\/es\/wp-json\/wp\/v2\/product_cat?post=229469"},{"taxonomy":"product_tag","embeddable":true,"href":"https:\/\/www.budream.com\/es\/wp-json\/wp\/v2\/product_tag?post=229469"}],"curies":[{"name":"wp","href":"https:\/\/api.w.org\/{rel}","templated":true}]}}