{"id":243810,"date":"2025-11-21T18:37:13","date_gmt":"2025-11-21T16:37:13","guid":{"rendered":"https:\/\/www.budream.com\/shop\/vents-aspirador-ttpro315-bipotencia-con-interruptor-con-cable-o-315mm-1570-2050mc-h\/"},"modified":"2026-01-22T16:37:05","modified_gmt":"2026-01-22T14:37:05","slug":"vents-aspirador-ttpro315-bipotencia-con-interruptor-con-cable-o-315mm-1570-2050mc-h","status":"publish","type":"product","link":"https:\/\/www.budream.com\/es\/shop\/vents-aspirador-ttpro315-bipotencia-con-interruptor-con-cable-o-315mm-1570-2050mc-h\/","title":{"rendered":"VENTS &#8211; ASPIRADOR TTPRO315 BIPOTENCIA CON INTERRUPTOR CON CABLE | \u00d8 315mm &#8211; 1570\/2050mc\/h"},"content":{"rendered":"<p>Los aspiradores TT PRO son la evoluci\u00f3n de la l\u00ednea TT.<\/p>\n<p><strong>Los motores de doble velocidad se controlan mediante un interruptor integrado.<\/strong><\/p>\n<p>Los aspiradores <b>VENTS TT PRO<\/b> cuentan con la gran capacidad y el alto rendimiento de los ventiladores axiales y centr\u00edfugos y est\u00e1n dise\u00f1ados espec\u00edficamente para la ventilaci\u00f3n de impulsi\u00f3n y extracci\u00f3n de salas que requieren una alta presi\u00f3n, un potente flujo de aire y bajos niveles de ruido.<\/p>\n<p><strong>M\u00c1S ROBUSTOS, M\u00c1S EFICIENTES, M\u00c1S POTENTES.<\/strong><\/p>\n<p>La l\u00ednea TT PRO nace de la necesidad de cumplir con las nuevas normativas europeas destinadas a optimizar el rendimiento y reducir el consumo de energ\u00eda.<\/p>\n<p>Gracias a un dise\u00f1o innovador de las partes internas m\u00e1s aerodin\u00e1micas y a los nuevos motores, los laboratorios VENTS han conseguido aumentar el caudal de aire reduciendo proporcionalmente el consumo el\u00e9ctrico y el ruido con respecto a la serie anterior*.<\/p>\n<p>El rodete desmontable y el bloque motor con caja de bornes se fijan a la carcasa ensamblada con las espigas mediante abrazaderas especiales con trinquetes, lo que facilita y agiliza el mantenimiento del ventilador. El mantenimiento del ventilador no requiere un desmontaje completo, basta con retirar el bloque central de la carcasa y realizar el mantenimiento necesario.<\/p>\n<p><strong>Atenci\u00f3n:<\/strong> <span style=\"text-decoration: underline\">El ventilador ya est\u00e1 cableado<\/span>, basta con enchufarlo \u00a1\u00a1\u00a1NO HAY QUE HACER CONEXIONES!!!<\/p>\n<h2><span style=\"text-decoration: underline\"><strong>Caracter\u00edsticas TT PRO Vents:<\/strong><\/span><\/h2>\n<ul style=\"list-style-type: disc\">\n<li><strong>Los motores de dos potencias y dos velocidades se controlan mediante un interruptor integrado.<\/strong><\/li>\n<li>La carcasa es de pl\u00e1stico duradero de alta calidad.<\/li>\n<li>Todos los modelos pueden equiparse con un temporizador programable con retardo de desconexi\u00f3n ajustable de 2 a 30 min.<\/li>\n<li>La carcasa del ventilador <strong>VENTS TT PRO<\/strong> est\u00e1 fabricada en polipropileno de baja inflamabilidad.<\/li>\n<li>La forma semiesf\u00e9rica del impulsor y las palas especialmente perfiladas aumentan la velocidad circular del flujo de aire.<\/li>\n<li>El motor tiene un grado de protecci\u00f3n IP X4.<\/li>\n<li>Los ventiladores son adecuados para su instalaci\u00f3n en cualquier \u00e1ngulo y punto del sistema. Se pueden instalar varios ventiladores dentro de un sistema.<\/li>\n<li>Bajo nivel sonoro = 49\/58dbA a 3m<\/li>\n<\/ul>\n","protected":false},"excerpt":{"rendered":"<p>Los aspiradores TT PRO son la evoluci\u00f3n de la l\u00ednea TT. Los motores de doble velocidad se controlan mediante un<\/p>\n","protected":false},"featured_media":135716,"comment_status":"open","ping_status":"closed","template":"","meta":[],"product_brand":[],"product_cat":[7945],"product_tag":[],"class_list":{"0":"post-243810","1":"product","2":"type-product","3":"status-publish","4":"has-post-thumbnail","6":"product_cat-ventiladores-y-extractores","8":"first","9":"instock","10":"taxable","11":"shipping-taxable","12":"purchasable","13":"product-type-simple"},"aioseo_notices":[],"_links":{"self":[{"href":"https:\/\/www.budream.com\/es\/wp-json\/wp\/v2\/product\/243810","targetHints":{"allow":["GET"]}}],"collection":[{"href":"https:\/\/www.budream.com\/es\/wp-json\/wp\/v2\/product"}],"about":[{"href":"https:\/\/www.budream.com\/es\/wp-json\/wp\/v2\/types\/product"}],"replies":[{"embeddable":true,"href":"https:\/\/www.budream.com\/es\/wp-json\/wp\/v2\/comments?post=243810"}],"version-history":[{"count":0,"href":"https:\/\/www.budream.com\/es\/wp-json\/wp\/v2\/product\/243810\/revisions"}],"wp:featuredmedia":[{"embeddable":true,"href":"https:\/\/www.budream.com\/es\/wp-json\/wp\/v2\/media\/135716"}],"wp:attachment":[{"href":"https:\/\/www.budream.com\/es\/wp-json\/wp\/v2\/media?parent=243810"}],"wp:term":[{"taxonomy":"product_brand","embeddable":true,"href":"https:\/\/www.budream.com\/es\/wp-json\/wp\/v2\/product_brand?post=243810"},{"taxonomy":"product_cat","embeddable":true,"href":"https:\/\/www.budream.com\/es\/wp-json\/wp\/v2\/product_cat?post=243810"},{"taxonomy":"product_tag","embeddable":true,"href":"https:\/\/www.budream.com\/es\/wp-json\/wp\/v2\/product_tag?post=243810"}],"curies":[{"name":"wp","href":"https:\/\/api.w.org\/{rel}","templated":true}]}}