{"id":243815,"date":"2025-11-21T18:37:43","date_gmt":"2025-11-21T16:37:43","guid":{"rendered":"https:\/\/www.budream.com\/shop\/sweet-seeds-wild-rose-fem-sws10-52-semillas-disponible-hasta-fin-de-existencias\/"},"modified":"2026-02-05T13:55:36","modified_gmt":"2026-02-05T11:55:36","slug":"sweet-seeds-wild-rose-fem-sws10-52-semillas-disponible-hasta-fin-de-existencias","status":"publish","type":"product","link":"https:\/\/www.budream.com\/es\/shop\/sweet-seeds-wild-rose-fem-sws10-52-semillas-disponible-hasta-fin-de-existencias\/","title":{"rendered":"SWEET SEEDS &#8211; WILD ROSE\u00ae FEM (SWS10) | 5+2 SEMILLAS Disponible hasta fin de existencias"},"content":{"rendered":"<div style=\"text-align: justify\">Hibridaci\u00f3n de una variedad poco conocida en Europa, pero muy bien acogida en Canad\u00e1 y Norteam\u00e9rica, la Rosetta Stone de \u00abLos hermanos Grimm\u00bb. El otro progenitor es un HOG.<\/div>\n<p><\/p>\n<h2><strong>Caracter\u00edsticas Wild Rose Fem (SWS10) Sweet Seeds:<\/strong><\/h2>\n<ul style=\"list-style-type: disc\">\n<li><strong>G\u00e9nero:<\/strong> H\u00edbrido Feminizado<\/li>\n<li><strong>Gen\u00e9tica<\/strong>: Rosetta Stone x HOG<\/li>\n<li><strong>Composici\u00f3n<\/strong>: 35% Indica \/ 65% Sativa<\/li>\n<li><strong>D\u00edas:<\/strong> 63<\/li>\n<\/ul>\n<p><span style=\"font-size: 11pt\"><em><strong>ADVERTENCIA:<\/strong> Las semillas de c\u00e1\u00f1amo est\u00e1n excluidas de la noci\u00f3n legal de Cannabis, lo que significa que no deben considerarse una sustancia estupefaciente (L. 412 de 1974, Art. 1, p\u00e1rrafo 1, lett. B; Convenci\u00f3n \u00danica sobre Estupefacientes de Nueva York de 1961 y tabla II del Decreto Ministerial 27\/7\/1992). En Italia, el cultivo del c\u00e1\u00f1amo est\u00e1 prohibido (art\u00edculos 28 y 73 del Decreto Presidencial 309\/90) a menos que se obtenga una autorizaci\u00f3n especial (art\u00edculo 17 del Decreto Presidencial 309\/90). A falta de autorizaci\u00f3n, las semillas s\u00f3lo pueden utilizarse para otros fines (zoot\u00e9cnicos, recolecci\u00f3n, etc.). Las semillas se venden con la reserva de que no sean utilizadas por terceros en conflicto con la ley.<\/em><\/span><\/p>\n","protected":false},"excerpt":{"rendered":"<p>Hibridaci\u00f3n de una variedad poco conocida en Europa, pero muy bien acogida en Canad\u00e1 y Norteam\u00e9rica, la Rosetta Stone de<\/p>\n","protected":false},"featured_media":135756,"comment_status":"open","ping_status":"closed","template":"","meta":[],"product_brand":[],"product_cat":[7953],"product_tag":[],"class_list":{"0":"post-243815","1":"product","2":"type-product","3":"status-publish","4":"has-post-thumbnail","6":"product_cat-seedshop-es","8":"first","9":"instock","10":"taxable","11":"shipping-taxable","12":"purchasable","13":"product-type-simple"},"aioseo_notices":[],"_links":{"self":[{"href":"https:\/\/www.budream.com\/es\/wp-json\/wp\/v2\/product\/243815","targetHints":{"allow":["GET"]}}],"collection":[{"href":"https:\/\/www.budream.com\/es\/wp-json\/wp\/v2\/product"}],"about":[{"href":"https:\/\/www.budream.com\/es\/wp-json\/wp\/v2\/types\/product"}],"replies":[{"embeddable":true,"href":"https:\/\/www.budream.com\/es\/wp-json\/wp\/v2\/comments?post=243815"}],"version-history":[{"count":0,"href":"https:\/\/www.budream.com\/es\/wp-json\/wp\/v2\/product\/243815\/revisions"}],"wp:featuredmedia":[{"embeddable":true,"href":"https:\/\/www.budream.com\/es\/wp-json\/wp\/v2\/media\/135756"}],"wp:attachment":[{"href":"https:\/\/www.budream.com\/es\/wp-json\/wp\/v2\/media?parent=243815"}],"wp:term":[{"taxonomy":"product_brand","embeddable":true,"href":"https:\/\/www.budream.com\/es\/wp-json\/wp\/v2\/product_brand?post=243815"},{"taxonomy":"product_cat","embeddable":true,"href":"https:\/\/www.budream.com\/es\/wp-json\/wp\/v2\/product_cat?post=243815"},{"taxonomy":"product_tag","embeddable":true,"href":"https:\/\/www.budream.com\/es\/wp-json\/wp\/v2\/product_tag?post=243815"}],"curies":[{"name":"wp","href":"https:\/\/api.w.org\/{rel}","templated":true}]}}