{"id":243825,"date":"2025-11-21T18:38:44","date_gmt":"2025-11-21T16:38:44","guid":{"rendered":"https:\/\/www.budream.com\/shop\/sweet-seeds-cream-47-fem-sws26-52-semillas-disponible-hasta-fin-de-existencias\/"},"modified":"2026-02-05T13:56:06","modified_gmt":"2026-02-05T11:56:06","slug":"sweet-seeds-cream-47-fem-sws26-52-semillas-disponible-hasta-fin-de-existencias","status":"publish","type":"product","link":"https:\/\/www.budream.com\/es\/shop\/sweet-seeds-cream-47-fem-sws26-52-semillas-disponible-hasta-fin-de-existencias\/","title":{"rendered":"SWEET SEEDS &#8211; CREAM 47\u00ae FEM (SWS26) 5+2 SEMILLAS Disponible hasta fin de existencias"},"content":{"rendered":"<p>Excelente hibridaci\u00f3n de nuestra Cream Caramel&reg; (SWS04) con nuestro clon \u00e9lite AK 47.<\/p>\n<h2><strong>Caracter\u00edsticas Cream 47 Fem:<\/strong><\/h2>\n<ul style=\"list-style-type: disc\">\n<li><strong>G\u00e9nero:<\/strong> H\u00edbrido Feminizado<\/li>\n<li><strong>Genotipo<\/strong>: H\u00edbrido: Indica: 50% \/ Sativa: 50%<\/li>\n<li><strong>Gen\u00e9tica: <\/strong>Ak 47 x Cream Caramel<\/li>\n<li>D\u00edas<strong>: 56<\/strong> d\u00edas<\/li>\n<\/ul>\n<p><span style=\"font-size: 11pt\"><em><strong>ADVERTENCIA:<\/strong> Las semillas de c\u00e1\u00f1amo est\u00e1n excluidas de la noci\u00f3n legal de Cannabis, lo que significa que no deben considerarse una sustancia estupefaciente (L. 412 de 1974, Art. 1, p\u00e1rrafo 1, lett. B; Convenci\u00f3n \u00danica sobre Estupefacientes de Nueva York de 1961 y tabla II del Decreto Ministerial 27\/7\/1992). En Italia, el cultivo del c\u00e1\u00f1amo est\u00e1 prohibido (art\u00edculos 28 y 73 del Decreto Presidencial 309\/90) a menos que se obtenga una autorizaci\u00f3n especial (art\u00edculo 17 del Decreto Presidencial 309\/90). A falta de autorizaci\u00f3n, las semillas s\u00f3lo pueden utilizarse para otros fines (zoot\u00e9cnicos, recolecci\u00f3n, etc.). Las semillas se venden con la reserva de que no ser\u00e1n utilizadas por terceros en conflicto con la ley.<\/em><\/span><\/p>\n","protected":false},"excerpt":{"rendered":"<p>Excelente hibridaci\u00f3n de nuestra Cream Caramel&reg; (SWS04) con nuestro clon \u00e9lite AK 47. Caracter\u00edsticas Cream 47 Fem: G\u00e9nero: H\u00edbrido Feminizado<\/p>\n","protected":false},"featured_media":135831,"comment_status":"open","ping_status":"closed","template":"","meta":[],"product_brand":[],"product_cat":[7953],"product_tag":[],"class_list":{"0":"post-243825","1":"product","2":"type-product","3":"status-publish","4":"has-post-thumbnail","6":"product_cat-seedshop-es","8":"first","9":"instock","10":"taxable","11":"shipping-taxable","12":"purchasable","13":"product-type-simple"},"aioseo_notices":[],"_links":{"self":[{"href":"https:\/\/www.budream.com\/es\/wp-json\/wp\/v2\/product\/243825","targetHints":{"allow":["GET"]}}],"collection":[{"href":"https:\/\/www.budream.com\/es\/wp-json\/wp\/v2\/product"}],"about":[{"href":"https:\/\/www.budream.com\/es\/wp-json\/wp\/v2\/types\/product"}],"replies":[{"embeddable":true,"href":"https:\/\/www.budream.com\/es\/wp-json\/wp\/v2\/comments?post=243825"}],"version-history":[{"count":0,"href":"https:\/\/www.budream.com\/es\/wp-json\/wp\/v2\/product\/243825\/revisions"}],"wp:featuredmedia":[{"embeddable":true,"href":"https:\/\/www.budream.com\/es\/wp-json\/wp\/v2\/media\/135831"}],"wp:attachment":[{"href":"https:\/\/www.budream.com\/es\/wp-json\/wp\/v2\/media?parent=243825"}],"wp:term":[{"taxonomy":"product_brand","embeddable":true,"href":"https:\/\/www.budream.com\/es\/wp-json\/wp\/v2\/product_brand?post=243825"},{"taxonomy":"product_cat","embeddable":true,"href":"https:\/\/www.budream.com\/es\/wp-json\/wp\/v2\/product_cat?post=243825"},{"taxonomy":"product_tag","embeddable":true,"href":"https:\/\/www.budream.com\/es\/wp-json\/wp\/v2\/product_tag?post=243825"}],"curies":[{"name":"wp","href":"https:\/\/api.w.org\/{rel}","templated":true}]}}