{"id":243835,"date":"2025-11-21T18:39:45","date_gmt":"2025-11-21T16:39:45","guid":{"rendered":"https:\/\/www.budream.com\/shop\/dutch-passion-cbd-kush-fem-5-semillas-disponible-hasta-fin-de-existencias\/"},"modified":"2025-12-22T11:31:45","modified_gmt":"2025-12-22T09:31:45","slug":"dutch-passion-cbd-kush-fem-5-semillas-disponible-hasta-fin-de-existencias","status":"publish","type":"product","link":"https:\/\/www.budream.com\/es\/shop\/dutch-passion-cbd-kush-fem-5-semillas-disponible-hasta-fin-de-existencias\/","title":{"rendered":"DUTCH PASSION &#8211; CBD KUSH FEM | 5 SEMILLAS &#8211; Disponible hasta fin de existencias"},"content":{"rendered":"<p>Feminizada Indica-dominante (60%-40%)<\/p>\n<p>Genotipo: <span style=\"font-family: Arial, Helvetica, sans-serif;font-size: 12px;line-height: 20px;background-color: #ffffff\">Kandy Kush x planta CBD-dominante<\/span><\/p>\n<p>DIAS: 63<\/p>\n<p><a href=\"http:\/\/www.dutch-passion.nl\/it\/\" target=\"_blank\" rel=\"noopener noreferrer\">para m\u00e1s informaci\u00f3n pincha aqu\u00ed<\/a><\/p>\n<div><\/div>\n<div><\/div>\n","protected":false},"excerpt":{"rendered":"<p>Feminizada Indica-dominante (60%-40%) Genotipo: Kandy Kush x planta CBD-dominante DIAS: 63 para m\u00e1s informaci\u00f3n pincha aqu\u00ed<\/p>\n","protected":false},"featured_media":136591,"comment_status":"open","ping_status":"closed","template":"","meta":[],"product_brand":[],"product_cat":[7953],"product_tag":[],"class_list":{"0":"post-243835","1":"product","2":"type-product","3":"status-publish","4":"has-post-thumbnail","6":"product_cat-seedshop-es","8":"first","9":"outofstock","10":"taxable","11":"shipping-taxable","12":"purchasable","13":"product-type-simple"},"aioseo_notices":[],"_links":{"self":[{"href":"https:\/\/www.budream.com\/es\/wp-json\/wp\/v2\/product\/243835","targetHints":{"allow":["GET"]}}],"collection":[{"href":"https:\/\/www.budream.com\/es\/wp-json\/wp\/v2\/product"}],"about":[{"href":"https:\/\/www.budream.com\/es\/wp-json\/wp\/v2\/types\/product"}],"replies":[{"embeddable":true,"href":"https:\/\/www.budream.com\/es\/wp-json\/wp\/v2\/comments?post=243835"}],"version-history":[{"count":0,"href":"https:\/\/www.budream.com\/es\/wp-json\/wp\/v2\/product\/243835\/revisions"}],"wp:featuredmedia":[{"embeddable":true,"href":"https:\/\/www.budream.com\/es\/wp-json\/wp\/v2\/media\/136591"}],"wp:attachment":[{"href":"https:\/\/www.budream.com\/es\/wp-json\/wp\/v2\/media?parent=243835"}],"wp:term":[{"taxonomy":"product_brand","embeddable":true,"href":"https:\/\/www.budream.com\/es\/wp-json\/wp\/v2\/product_brand?post=243835"},{"taxonomy":"product_cat","embeddable":true,"href":"https:\/\/www.budream.com\/es\/wp-json\/wp\/v2\/product_cat?post=243835"},{"taxonomy":"product_tag","embeddable":true,"href":"https:\/\/www.budream.com\/es\/wp-json\/wp\/v2\/product_tag?post=243835"}],"curies":[{"name":"wp","href":"https:\/\/api.w.org\/{rel}","templated":true}]}}