{"id":243845,"date":"2025-11-21T18:40:52","date_gmt":"2025-11-21T16:40:52","guid":{"rendered":"https:\/\/www.budream.com\/shop\/seedsalad-linea-rapida-jack-herer-pipeta-100-semillas-femm\/"},"modified":"2025-11-21T18:41:11","modified_gmt":"2025-11-21T16:41:11","slug":"seedsalad-linea-rapida-jack-herer-pipeta-100-semillas-femm","status":"publish","type":"product","link":"https:\/\/www.budream.com\/es\/shop\/seedsalad-linea-rapida-jack-herer-pipeta-100-semillas-femm\/","title":{"rendered":"SEEDSALAD &#8211; LINEA RAPIDA JACK HERER PIPETA 100 SEMILLAS FEMM"},"content":{"rendered":"<p>L\u00cdNEA R\u00c1PIDA JACK HERER<br \/>Versi\u00f3n feminizada no autofloreciente de floraci\u00f3n ultra r\u00e1pida<\/p>\n<p>Ultima llegada y por demanda popular aqui esta el fruto de un cruce entre Jack Herer Auto y Jack Herer. El resultado es esta gen\u00e9tica ultra r\u00e1pida con alma noble y aroma afrutado apta para aquellos que buscan un alto rendimiento y disponen de poco tiempo.<\/p>\n<p>Indica\/Sativa: 25%\/75<br \/>Producci\u00f3n exterior: 500-600 g\/m2<br \/>Producci\u00f3n interior: m\u00e1xima<br \/>Floraci\u00f3n: 7-8 semanas<br \/>Exterior: 55\/60 GG<\/p>\n<p>PAQUETE DE PIPETAS 100 SEMILLAS<\/p>\n<p>PARA M\u00c1S INFORMACI\u00d3N:<\/p>\n<p><a href=\"http:\/\/WWW.SEEDSALAD.COM\">WWW.SEEDSALAD.COM<\/a><\/p>\n<div>\n<\/div>\n","protected":false},"excerpt":{"rendered":"<p>L\u00cdNEA R\u00c1PIDA JACK HERERVersi\u00f3n feminizada no autofloreciente de floraci\u00f3n ultra r\u00e1pida Ultima llegada y por demanda popular aqui esta el<\/p>\n","protected":false},"featured_media":202291,"comment_status":"open","ping_status":"closed","template":"","meta":[],"product_brand":[],"product_cat":[7953],"product_tag":[],"class_list":{"0":"post-243845","1":"product","2":"type-product","3":"status-publish","4":"has-post-thumbnail","6":"product_cat-seedshop-es","8":"first","9":"outofstock","10":"taxable","11":"shipping-taxable","12":"purchasable","13":"product-type-simple"},"aioseo_notices":[],"_links":{"self":[{"href":"https:\/\/www.budream.com\/es\/wp-json\/wp\/v2\/product\/243845","targetHints":{"allow":["GET"]}}],"collection":[{"href":"https:\/\/www.budream.com\/es\/wp-json\/wp\/v2\/product"}],"about":[{"href":"https:\/\/www.budream.com\/es\/wp-json\/wp\/v2\/types\/product"}],"replies":[{"embeddable":true,"href":"https:\/\/www.budream.com\/es\/wp-json\/wp\/v2\/comments?post=243845"}],"version-history":[{"count":0,"href":"https:\/\/www.budream.com\/es\/wp-json\/wp\/v2\/product\/243845\/revisions"}],"wp:featuredmedia":[{"embeddable":true,"href":"https:\/\/www.budream.com\/es\/wp-json\/wp\/v2\/media\/202291"}],"wp:attachment":[{"href":"https:\/\/www.budream.com\/es\/wp-json\/wp\/v2\/media?parent=243845"}],"wp:term":[{"taxonomy":"product_brand","embeddable":true,"href":"https:\/\/www.budream.com\/es\/wp-json\/wp\/v2\/product_brand?post=243845"},{"taxonomy":"product_cat","embeddable":true,"href":"https:\/\/www.budream.com\/es\/wp-json\/wp\/v2\/product_cat?post=243845"},{"taxonomy":"product_tag","embeddable":true,"href":"https:\/\/www.budream.com\/es\/wp-json\/wp\/v2\/product_tag?post=243845"}],"curies":[{"name":"wp","href":"https:\/\/api.w.org\/{rel}","templated":true}]}}