{"id":243860,"date":"2025-11-21T18:42:27","date_gmt":"2025-11-21T16:42:27","guid":{"rendered":"https:\/\/www.budream.com\/shop\/seedsalad-relax-cbd-fem-100-semillas\/"},"modified":"2025-11-21T18:42:44","modified_gmt":"2025-11-21T16:42:44","slug":"seedsalad-relax-cbd-fem-100-semillas","status":"publish","type":"product","link":"https:\/\/www.budream.com\/es\/shop\/seedsalad-relax-cbd-fem-100-semillas\/","title":{"rendered":"SEEDSALAD &#8211; RELAX CBD FEM | 100 SEMILLAS"},"content":{"rendered":"<p>Reax CBD de SeedSalad es extremadamente vers\u00e1til tanto en interior como en exterior. Una gen\u00e9tica con una fragancia viva que recuerda a los c\u00edtricos. Buen rendimiento y ciclo r\u00e1pido para una variedad con un ratio THC\/CBD entre 1:1 y 1:2. Efecto moderado y relajante.<\/p>\n<h2><strong>Caracter\u00edsticas Relax CBD SeedSalad:<\/strong><\/h2>\n<ul style=\"list-style-type: disc\">\n<li><strong>G\u00e9nero:<\/strong> Feminizada<\/li>\n<li>D\u00edas<strong>:<\/strong> 60-65 d\u00edas<\/li>\n<li><strong>Pipeta sellada en bolsita resistente a los rayos UV<\/strong><\/li>\n<\/ul>\n<p><span style=\"font-size: 11pt\"><em><strong>ADVERTENCIA:<\/strong> Las semillas de c\u00e1\u00f1amo est\u00e1n excluidas de la noci\u00f3n legal de Cannabis, lo que significa que no deben considerarse una sustancia estupefaciente (L. 412 de 1974, Art. 1, p\u00e1rrafo 1, lett. B; Convenci\u00f3n \u00danica sobre Estupefacientes de Nueva York de 1961 y tabla II del Decreto Ministerial 27\/7\/1992). En Italia, el cultivo del c\u00e1\u00f1amo est\u00e1 prohibido (art\u00edculos 28 y 73 del Decreto Presidencial 309\/90) a menos que se obtenga una autorizaci\u00f3n especial (art\u00edculo 17 del Decreto Presidencial 309\/90). A falta de autorizaci\u00f3n, las semillas s\u00f3lo pueden utilizarse para otros fines (zoot\u00e9cnicos, recolecci\u00f3n, etc.). Las semillas se venden con la reserva de que no ser\u00e1n utilizadas por terceros en conflicto con la ley.<\/em><\/span><\/p>\n","protected":false},"excerpt":{"rendered":"<p>Reax CBD de SeedSalad es extremadamente vers\u00e1til tanto en interior como en exterior. Una gen\u00e9tica con una fragancia viva que<\/p>\n","protected":false},"featured_media":130994,"comment_status":"open","ping_status":"closed","template":"","meta":[],"product_brand":[],"product_cat":[7953],"product_tag":[],"class_list":{"0":"post-243860","1":"product","2":"type-product","3":"status-publish","4":"has-post-thumbnail","6":"product_cat-seedshop-es","8":"first","9":"instock","10":"taxable","11":"shipping-taxable","12":"purchasable","13":"product-type-simple"},"aioseo_notices":[],"_links":{"self":[{"href":"https:\/\/www.budream.com\/es\/wp-json\/wp\/v2\/product\/243860","targetHints":{"allow":["GET"]}}],"collection":[{"href":"https:\/\/www.budream.com\/es\/wp-json\/wp\/v2\/product"}],"about":[{"href":"https:\/\/www.budream.com\/es\/wp-json\/wp\/v2\/types\/product"}],"replies":[{"embeddable":true,"href":"https:\/\/www.budream.com\/es\/wp-json\/wp\/v2\/comments?post=243860"}],"version-history":[{"count":0,"href":"https:\/\/www.budream.com\/es\/wp-json\/wp\/v2\/product\/243860\/revisions"}],"wp:featuredmedia":[{"embeddable":true,"href":"https:\/\/www.budream.com\/es\/wp-json\/wp\/v2\/media\/130994"}],"wp:attachment":[{"href":"https:\/\/www.budream.com\/es\/wp-json\/wp\/v2\/media?parent=243860"}],"wp:term":[{"taxonomy":"product_brand","embeddable":true,"href":"https:\/\/www.budream.com\/es\/wp-json\/wp\/v2\/product_brand?post=243860"},{"taxonomy":"product_cat","embeddable":true,"href":"https:\/\/www.budream.com\/es\/wp-json\/wp\/v2\/product_cat?post=243860"},{"taxonomy":"product_tag","embeddable":true,"href":"https:\/\/www.budream.com\/es\/wp-json\/wp\/v2\/product_tag?post=243860"}],"curies":[{"name":"wp","href":"https:\/\/api.w.org\/{rel}","templated":true}]}}