{"id":243865,"date":"2025-11-21T18:42:56","date_gmt":"2025-11-21T16:42:56","guid":{"rendered":"https:\/\/www.budream.com\/shop\/royal-queen-seeds-amserdam-golden-metal-grinder-52mm\/"},"modified":"2026-03-16T18:22:40","modified_gmt":"2026-03-16T16:22:40","slug":"royal-queen-seeds-amserdam-golden-metal-grinder-52mm","status":"publish","type":"product","link":"https:\/\/www.budream.com\/es\/shop\/royal-queen-seeds-amserdam-golden-metal-grinder-52mm\/","title":{"rendered":"ROYAL QUEEN SEEDS &#8211; AMSERDAM GOLDEN METAL GRINDER | 52mm"},"content":{"rendered":"<p>No cabe duda de que el grinder de metal repujado de Royal Queen Seeds tiene un aspecto estupendo, \u00a1con el logotipo de Royal Queen Seeds grabado en la parte superior! Sin embargo, el aspecto no es lo m\u00e1s importante cuando se trata de grinders. Este no te decepcionar\u00e1. Est\u00e1 hecho de una resistente aleaci\u00f3n de zinc y consta de 4 partes, \u00a1incluyendo un filtro y un contenedor de kief!<\/p>\n<h2><strong>Caracter\u00edsticas Grinder de metal repujado de Royal Queen Seeds:<\/strong><\/h2>\n<ul style=\"list-style-type: disc\">\n<li><strong>Material:<\/strong> Aluminio<\/li>\n<\/ul>\n<p><a href=\"http:\/\/www.dutch-passion.nl\/it\/\" target=\"_blank\" rel=\"noopener noreferrer\"><br \/><\/a><\/p>\n<div><\/div>\n","protected":false},"excerpt":{"rendered":"<p>No cabe duda de que el grinder de metal repujado de Royal Queen Seeds tiene un aspecto estupendo, \u00a1con el<\/p>\n","protected":false},"featured_media":139858,"comment_status":"open","ping_status":"closed","template":"","meta":[],"product_brand":[],"product_cat":[7948],"product_tag":[],"class_list":{"0":"post-243865","1":"product","2":"type-product","3":"status-publish","4":"has-post-thumbnail","6":"product_cat-headshop-es","8":"first","9":"instock","10":"taxable","11":"shipping-taxable","12":"purchasable","13":"product-type-simple"},"aioseo_notices":[],"_links":{"self":[{"href":"https:\/\/www.budream.com\/es\/wp-json\/wp\/v2\/product\/243865","targetHints":{"allow":["GET"]}}],"collection":[{"href":"https:\/\/www.budream.com\/es\/wp-json\/wp\/v2\/product"}],"about":[{"href":"https:\/\/www.budream.com\/es\/wp-json\/wp\/v2\/types\/product"}],"replies":[{"embeddable":true,"href":"https:\/\/www.budream.com\/es\/wp-json\/wp\/v2\/comments?post=243865"}],"version-history":[{"count":0,"href":"https:\/\/www.budream.com\/es\/wp-json\/wp\/v2\/product\/243865\/revisions"}],"wp:featuredmedia":[{"embeddable":true,"href":"https:\/\/www.budream.com\/es\/wp-json\/wp\/v2\/media\/139858"}],"wp:attachment":[{"href":"https:\/\/www.budream.com\/es\/wp-json\/wp\/v2\/media?parent=243865"}],"wp:term":[{"taxonomy":"product_brand","embeddable":true,"href":"https:\/\/www.budream.com\/es\/wp-json\/wp\/v2\/product_brand?post=243865"},{"taxonomy":"product_cat","embeddable":true,"href":"https:\/\/www.budream.com\/es\/wp-json\/wp\/v2\/product_cat?post=243865"},{"taxonomy":"product_tag","embeddable":true,"href":"https:\/\/www.budream.com\/es\/wp-json\/wp\/v2\/product_tag?post=243865"}],"curies":[{"name":"wp","href":"https:\/\/api.w.org\/{rel}","templated":true}]}}