{"id":243910,"date":"2025-11-21T18:52:03","date_gmt":"2025-11-21T16:52:03","guid":{"rendered":"https:\/\/www.budream.com\/shop\/white-label-nicole-hindu-kush-fem-3-semillas\/"},"modified":"2025-12-04T15:24:13","modified_gmt":"2025-12-04T13:24:13","slug":"white-label-nicole-hindu-kush-fem-3-semillas","status":"publish","type":"product","link":"https:\/\/www.budream.com\/es\/shop\/white-label-nicole-hindu-kush-fem-3-semillas\/","title":{"rendered":"WHITE LABEL &#8211; NICOLE HINDU KUSH FEM | 3 SEMILLAS"},"content":{"rendered":"<p>Nicole Hindu Kush Feminizada es 90% indica, 10% sativa. Un h\u00edbrido creado a partir de la herencia gen\u00e9tica de excelente calidad afgana. Cada una de sus variedades parentales es originaria de las regiones monta\u00f1osas de Asia Central. Nicole Indica y OG Kush proceden de la zona monta\u00f1osa del Hindu Kush y han sido mejoradas por programas de cr\u00eda californianos y holandeses. La madre Hindu Kush es un cultivar legendario, tra\u00eddo directamente de Afganist\u00e1n a los Pa\u00edses Bajos en la d\u00e9cada de 1980.<\/p>\n<h2><strong>Caracter\u00edsticas Nicole Hindu Kush Fem:<\/strong><\/h2>\n<ul style=\"list-style-type: disc\">\n<li><strong>G\u00e9nero:<\/strong> H\u00edbrido feminizado<\/li>\n<li><strong>Genotipo<\/strong>: 90% Indica \/ 10% Sativa<\/li>\n<li><strong>Gen\u00e9tica:<\/strong> Nicole Indica x Hindu Kush (OG Kush)<\/li>\n<li><strong>D\u00edas de floraci\u00f3n:<\/strong> 56 &#8211; 63 d\u00edas<\/li>\n<\/ul>\n<p><span style=\"font-size: 11pt\"><em><strong>ADVERTENCIA:<\/strong> Las semillas de c\u00e1\u00f1amo est\u00e1n excluidas de la noci\u00f3n legal de Cannabis, lo que significa que no deben considerarse una sustancia estupefaciente (L. 412 de 1974, Art. 1, p\u00e1rrafo 1, lett. B; Convenci\u00f3n \u00danica sobre Estupefacientes de Nueva York de 1961 y tabla II del Decreto Ministerial 27\/7\/1992). En Italia, el cultivo del c\u00e1\u00f1amo est\u00e1 prohibido (art\u00edculos 28 y 73 del Decreto Presidencial 309\/90) a menos que se obtenga una autorizaci\u00f3n especial (art\u00edculo 17 del Decreto Presidencial 309\/90). A falta de autorizaci\u00f3n, las semillas s\u00f3lo pueden utilizarse para otros fines (zoot\u00e9cnicos, recolecci\u00f3n, etc.). Las semillas se venden con la reserva de que no ser\u00e1n utilizadas por terceros en conflicto con la ley.<\/em><\/span><\/p>\n","protected":false},"excerpt":{"rendered":"<p>Nicole Hindu Kush Feminizada es 90% indica, 10% sativa. Un h\u00edbrido creado a partir de la herencia gen\u00e9tica de excelente<\/p>\n","protected":false},"featured_media":214062,"comment_status":"open","ping_status":"closed","template":"","meta":[],"product_brand":[],"product_cat":[7953],"product_tag":[],"class_list":{"0":"post-243910","1":"product","2":"type-product","3":"status-publish","4":"has-post-thumbnail","6":"product_cat-seedshop-es","8":"first","9":"instock","10":"taxable","11":"shipping-taxable","12":"purchasable","13":"product-type-simple"},"aioseo_notices":[],"_links":{"self":[{"href":"https:\/\/www.budream.com\/es\/wp-json\/wp\/v2\/product\/243910","targetHints":{"allow":["GET"]}}],"collection":[{"href":"https:\/\/www.budream.com\/es\/wp-json\/wp\/v2\/product"}],"about":[{"href":"https:\/\/www.budream.com\/es\/wp-json\/wp\/v2\/types\/product"}],"replies":[{"embeddable":true,"href":"https:\/\/www.budream.com\/es\/wp-json\/wp\/v2\/comments?post=243910"}],"version-history":[{"count":0,"href":"https:\/\/www.budream.com\/es\/wp-json\/wp\/v2\/product\/243910\/revisions"}],"wp:featuredmedia":[{"embeddable":true,"href":"https:\/\/www.budream.com\/es\/wp-json\/wp\/v2\/media\/214062"}],"wp:attachment":[{"href":"https:\/\/www.budream.com\/es\/wp-json\/wp\/v2\/media?parent=243910"}],"wp:term":[{"taxonomy":"product_brand","embeddable":true,"href":"https:\/\/www.budream.com\/es\/wp-json\/wp\/v2\/product_brand?post=243910"},{"taxonomy":"product_cat","embeddable":true,"href":"https:\/\/www.budream.com\/es\/wp-json\/wp\/v2\/product_cat?post=243910"},{"taxonomy":"product_tag","embeddable":true,"href":"https:\/\/www.budream.com\/es\/wp-json\/wp\/v2\/product_tag?post=243910"}],"curies":[{"name":"wp","href":"https:\/\/api.w.org\/{rel}","templated":true}]}}