{"id":243935,"date":"2025-11-21T18:54:39","date_gmt":"2025-11-21T16:54:39","guid":{"rendered":"https:\/\/www.budream.com\/shop\/sensi-seeds-research-sensi-amnesia-auto-fem-3-semillas\/"},"modified":"2026-01-30T12:29:03","modified_gmt":"2026-01-30T10:29:03","slug":"sensi-seeds-research-sensi-amnesia-auto-fem-3-semillas","status":"publish","type":"product","link":"https:\/\/www.budream.com\/es\/shop\/sensi-seeds-research-sensi-amnesia-auto-fem-3-semillas\/","title":{"rendered":"SENSI SEEDS RESEARCH &#8211; SENSI AMNESIA AUTO FEM | 3 SEMILLAS"},"content":{"rendered":"<p>Sensi Amnesia Autofloreciente posee un excelente patrimonio gen\u00e9tico, que incluye or\u00edgenes como Jamaican Pearl, Hawaiian Indica y Afghani #1. Hawaiian Indica es una cepa inusual, ya que la mayor\u00eda de las variedades de esta zona son m\u00e1s sativas.<br \/>Esta especie tiene tres notables plantas originales en su reserva gen\u00e9tica: Jamaican Pearl, Afghani #1 y Hawaiian Indica. Jamaican Pearl es una sativa galardonada, y su influencia es muy evidente.<\/p>\n<h2><strong>Caracter\u00edsticas Sensi Amnesia Auto Fem:<\/strong><\/h2>\n<ul style=\"list-style-type: disc\">\n<li><strong>G\u00e9nero:<\/strong> H\u00edbrido autofloreciente feminizado<\/li>\n<li><strong>Genotipo:<\/strong> 20% Indica \/ 50% Sativa \/ 30 Ruderalis<\/li>\n<li><strong>Gen\u00e9tica<\/strong>: Hawaiian Indica x Afghani x Jamaican Pearl<\/li>\n<li><strong>D\u00edas de floraci\u00f3n:<\/strong> 63 &#8211; 70 d\u00edas<\/li>\n<\/ul>\n<p><span style=\"font-size: 11pt\"><em><strong>ADVERTENCIA:<\/strong> Las semillas de c\u00e1\u00f1amo est\u00e1n excluidas de la noci\u00f3n legal de Cannabis, lo que significa que no deben considerarse una sustancia estupefaciente (L. 412 de 1974, art. 1, p\u00e1rrafo 1, lett. B; Convenci\u00f3n \u00danica sobre Estupefacientes de Nueva York de 1961 y tabla II del Decreto Ministerial 27\/7\/1992). En Italia, el cultivo del c\u00e1\u00f1amo est\u00e1 prohibido (art\u00edculos 28 y 73 del Decreto Presidencial 309\/90) a menos que se obtenga una autorizaci\u00f3n especial (art\u00edculo 17 del Decreto Presidencial 309\/90). A falta de autorizaci\u00f3n, las semillas s\u00f3lo pueden utilizarse para otros fines (zoot\u00e9cnicos, recolecci\u00f3n, etc.). Las semillas se venden con la reserva de que no ser\u00e1n utilizadas por terceros en conflicto con la ley.<\/em><\/span><\/p>\n","protected":false},"excerpt":{"rendered":"<p>Sensi Amnesia Autofloreciente posee un excelente patrimonio gen\u00e9tico, que incluye or\u00edgenes como Jamaican Pearl, Hawaiian Indica y Afghani #1. Hawaiian<\/p>\n","protected":false},"featured_media":197480,"comment_status":"open","ping_status":"closed","template":"","meta":[],"product_brand":[],"product_cat":[7953],"product_tag":[],"class_list":{"0":"post-243935","1":"product","2":"type-product","3":"status-publish","4":"has-post-thumbnail","6":"product_cat-seedshop-es","8":"first","9":"instock","10":"taxable","11":"shipping-taxable","12":"purchasable","13":"product-type-simple"},"aioseo_notices":[],"_links":{"self":[{"href":"https:\/\/www.budream.com\/es\/wp-json\/wp\/v2\/product\/243935","targetHints":{"allow":["GET"]}}],"collection":[{"href":"https:\/\/www.budream.com\/es\/wp-json\/wp\/v2\/product"}],"about":[{"href":"https:\/\/www.budream.com\/es\/wp-json\/wp\/v2\/types\/product"}],"replies":[{"embeddable":true,"href":"https:\/\/www.budream.com\/es\/wp-json\/wp\/v2\/comments?post=243935"}],"version-history":[{"count":0,"href":"https:\/\/www.budream.com\/es\/wp-json\/wp\/v2\/product\/243935\/revisions"}],"wp:featuredmedia":[{"embeddable":true,"href":"https:\/\/www.budream.com\/es\/wp-json\/wp\/v2\/media\/197480"}],"wp:attachment":[{"href":"https:\/\/www.budream.com\/es\/wp-json\/wp\/v2\/media?parent=243935"}],"wp:term":[{"taxonomy":"product_brand","embeddable":true,"href":"https:\/\/www.budream.com\/es\/wp-json\/wp\/v2\/product_brand?post=243935"},{"taxonomy":"product_cat","embeddable":true,"href":"https:\/\/www.budream.com\/es\/wp-json\/wp\/v2\/product_cat?post=243935"},{"taxonomy":"product_tag","embeddable":true,"href":"https:\/\/www.budream.com\/es\/wp-json\/wp\/v2\/product_tag?post=243935"}],"curies":[{"name":"wp","href":"https:\/\/api.w.org\/{rel}","templated":true}]}}