{"id":243980,"date":"2025-11-21T18:59:17","date_gmt":"2025-11-21T16:59:17","guid":{"rendered":"https:\/\/www.budream.com\/shop\/addipure-hoja-de-teflon-ptfe-60x100cm-espesor-01mm\/"},"modified":"2025-12-15T16:53:10","modified_gmt":"2025-12-15T14:53:10","slug":"addipure-hoja-de-teflon-ptfe-60x100cm-espesor-01mm","status":"publish","type":"product","link":"https:\/\/www.budream.com\/es\/shop\/addipure-hoja-de-teflon-ptfe-60x100cm-espesor-01mm\/","title":{"rendered":"ADDIPURE &#8211; HOJA DE TEFL\u00d3N PTFE | 60X100cm ESPESOR 0,1mm"},"content":{"rendered":"<p>Addipure P.T.F.E. es una l\u00e1mina de tefl\u00f3n ultrarresistente apta para diversas aplicaciones y 100% <strong>resistente al D.M.E..<\/strong> <\/p>\n<p>Se puede doblar y moldear dentro del recipiente de extracci\u00f3n, adapt\u00e1ndose exactamente al volumen del recipiente y <strong>tambi\u00e9n es perfecta en procesos de purificaci\u00f3n<\/strong> en horno, siendo resistente a temperaturas de hasta 220&deg;C.<\/p>\n","protected":false},"excerpt":{"rendered":"<p>Addipure P.T.F.E. es una l\u00e1mina de tefl\u00f3n ultrarresistente apta para diversas aplicaciones y 100% resistente al D.M.E.. Se puede doblar<\/p>\n","protected":false},"featured_media":174030,"comment_status":"open","ping_status":"closed","template":"","meta":[],"product_brand":[],"product_cat":[7948],"product_tag":[],"class_list":{"0":"post-243980","1":"product","2":"type-product","3":"status-publish","4":"has-post-thumbnail","6":"product_cat-headshop-es","8":"first","9":"instock","10":"taxable","11":"shipping-taxable","12":"purchasable","13":"product-type-simple"},"aioseo_notices":[],"_links":{"self":[{"href":"https:\/\/www.budream.com\/es\/wp-json\/wp\/v2\/product\/243980","targetHints":{"allow":["GET"]}}],"collection":[{"href":"https:\/\/www.budream.com\/es\/wp-json\/wp\/v2\/product"}],"about":[{"href":"https:\/\/www.budream.com\/es\/wp-json\/wp\/v2\/types\/product"}],"replies":[{"embeddable":true,"href":"https:\/\/www.budream.com\/es\/wp-json\/wp\/v2\/comments?post=243980"}],"version-history":[{"count":0,"href":"https:\/\/www.budream.com\/es\/wp-json\/wp\/v2\/product\/243980\/revisions"}],"wp:featuredmedia":[{"embeddable":true,"href":"https:\/\/www.budream.com\/es\/wp-json\/wp\/v2\/media\/174030"}],"wp:attachment":[{"href":"https:\/\/www.budream.com\/es\/wp-json\/wp\/v2\/media?parent=243980"}],"wp:term":[{"taxonomy":"product_brand","embeddable":true,"href":"https:\/\/www.budream.com\/es\/wp-json\/wp\/v2\/product_brand?post=243980"},{"taxonomy":"product_cat","embeddable":true,"href":"https:\/\/www.budream.com\/es\/wp-json\/wp\/v2\/product_cat?post=243980"},{"taxonomy":"product_tag","embeddable":true,"href":"https:\/\/www.budream.com\/es\/wp-json\/wp\/v2\/product_tag?post=243980"}],"curies":[{"name":"wp","href":"https:\/\/api.w.org\/{rel}","templated":true}]}}