{"id":244015,"date":"2025-11-21T19:02:33","date_gmt":"2025-11-21T17:02:33","guid":{"rendered":"https:\/\/www.budream.com\/shop\/dutch-passion-blueberry-reg-10-semillas\/"},"modified":"2026-02-17T15:13:29","modified_gmt":"2026-02-17T13:13:29","slug":"dutch-passion-blueberry-reg-10-semillas","status":"publish","type":"product","link":"https:\/\/www.budream.com\/es\/shop\/dutch-passion-blueberry-reg-10-semillas\/","title":{"rendered":"DUTCH PASSION &#8211; BLUEBERRY REG | 10 SEMILLAS"},"content":{"rendered":"<div style=\"text-align: justify\">Original Blueberry es la variedad m\u00e1s conocida de la familia Blue.<\/div>\n<div style=\"text-align: justify\">Esta variedad se introdujo en el mercado holand\u00e9s en 1998 junto con Blue Velvet, Blue Moon-shine, Flo y Blue Heaven, los otros miembros de la Familia Blue. Todas fueron seleccionadas originalmente por DJ Short y adoptadas por Dutch Passion en colaboraci\u00f3n con el famoso criador canadiense.<\/div>\n<div style=\"text-align: justify\">Blueberry es una variedad de predominancia \u00edndica (alrededor del 80%, siendo el 20% restante gen\u00e9tica sativa), derivada principalmente de la cepa Afghani. El porcentaje de sativa procede de una sativa tailandesa y, aunque en menor medida, de una sativa oaxaque\u00f1a (mexicana). Este triple cruce es \u00fanico y representa el origen gen\u00e9tico de la variedad Blueberry y de sus numerosos descendientes.<\/div>\n<div style=\"text-align: justify\">La Blueberry original ha alcanzado un estatus legendario y cuenta con un inmenso n\u00famero de fans. En a\u00f1os m\u00e1s recientes, Blueberry se ha utilizado para producir numerosos cruces populares, por ejemplo Blue Dream, Mazar x Blueberry (la antigua Skywalker), Mazar x Blueberry OG (la antigua Skywalker OG), Blueberry Headband, Blueberry Diesel y Blue Cookies.<\/div>\n<p><\/p>\n<h2><strong>Caracter\u00edsticas de Blueberry Fem:<\/strong><\/h2>\n<ul style=\"list-style-type: disc\">\n<li><strong>G\u00e9nero:<\/strong> Regular<\/li>\n<li>Genotipo<strong>:<\/strong> H\u00edbrido Indica\/Sativa<\/li>\n<li><strong>Gen\u00e9tica: <\/strong>1970&#8217;s Original Blueberry<\/li>\n<li><strong>D\u00edas:<\/strong> 63<\/li>\n<\/ul>\n<p><\/p>\n<div style=\"text-align: justify\"><span style=\"font-size: 11pt\"><em><strong>ADVERTENCIA:<\/strong> Las semillas de c\u00e1\u00f1amo est\u00e1n excluidas de la noci\u00f3n legal de Cannabis, lo que significa que no deben considerarse una sustancia estupefaciente (L. 412 de 1974, Art. 1, p\u00e1rrafo 1, lett. B; Convenci\u00f3n \u00danica sobre Estupefacientes de Nueva York de 1961 y tabla II del Decreto Ministerial 27\/7\/1992). En Italia, el cultivo del c\u00e1\u00f1amo est\u00e1 prohibido (art\u00edculos 28 y 73 del Decreto Presidencial 309\/90) a menos que se obtenga una autorizaci\u00f3n especial (art\u00edculo 17 del Decreto Presidencial 309\/90). A falta de autorizaci\u00f3n, las semillas s\u00f3lo pueden utilizarse para otros fines (zoot\u00e9cnicos, recolecci\u00f3n, etc.). Las semillas se venden con la reserva de que no sean utilizadas por terceros en conflicto con la ley.<\/em><\/span><\/div>\n","protected":false},"excerpt":{"rendered":"<p>Original Blueberry es la variedad m\u00e1s conocida de la familia Blue. Esta variedad se introdujo en el mercado holand\u00e9s en<\/p>\n","protected":false},"featured_media":157868,"comment_status":"open","ping_status":"closed","template":"","meta":[],"product_brand":[],"product_cat":[7953],"product_tag":[],"class_list":{"0":"post-244015","1":"product","2":"type-product","3":"status-publish","4":"has-post-thumbnail","6":"product_cat-seedshop-es","8":"first","9":"instock","10":"taxable","11":"shipping-taxable","12":"purchasable","13":"product-type-simple"},"aioseo_notices":[],"_links":{"self":[{"href":"https:\/\/www.budream.com\/es\/wp-json\/wp\/v2\/product\/244015","targetHints":{"allow":["GET"]}}],"collection":[{"href":"https:\/\/www.budream.com\/es\/wp-json\/wp\/v2\/product"}],"about":[{"href":"https:\/\/www.budream.com\/es\/wp-json\/wp\/v2\/types\/product"}],"replies":[{"embeddable":true,"href":"https:\/\/www.budream.com\/es\/wp-json\/wp\/v2\/comments?post=244015"}],"version-history":[{"count":0,"href":"https:\/\/www.budream.com\/es\/wp-json\/wp\/v2\/product\/244015\/revisions"}],"wp:featuredmedia":[{"embeddable":true,"href":"https:\/\/www.budream.com\/es\/wp-json\/wp\/v2\/media\/157868"}],"wp:attachment":[{"href":"https:\/\/www.budream.com\/es\/wp-json\/wp\/v2\/media?parent=244015"}],"wp:term":[{"taxonomy":"product_brand","embeddable":true,"href":"https:\/\/www.budream.com\/es\/wp-json\/wp\/v2\/product_brand?post=244015"},{"taxonomy":"product_cat","embeddable":true,"href":"https:\/\/www.budream.com\/es\/wp-json\/wp\/v2\/product_cat?post=244015"},{"taxonomy":"product_tag","embeddable":true,"href":"https:\/\/www.budream.com\/es\/wp-json\/wp\/v2\/product_tag?post=244015"}],"curies":[{"name":"wp","href":"https:\/\/api.w.org\/{rel}","templated":true}]}}