{"id":244025,"date":"2025-11-21T19:03:41","date_gmt":"2025-11-21T17:03:41","guid":{"rendered":"https:\/\/www.budream.com\/shop\/white-label-pure-power-plant-fem-5-semillas\/"},"modified":"2026-03-05T10:20:19","modified_gmt":"2026-03-05T08:20:19","slug":"white-label-pure-power-plant-fem-5-semillas","status":"publish","type":"product","link":"https:\/\/www.budream.com\/es\/shop\/white-label-pure-power-plant-fem-5-semillas\/","title":{"rendered":"WHITE LABEL &#8211; PURE POWER PLANT FEM | 5 SEMILLAS"},"content":{"rendered":"<p>0<\/p>\n<p>Composici\u00f3n: Power Plant<\/p>\n<p>Genotipo: feminizada 75% indica<\/p>\n<p>D\u00cdAS: 55-60<\/p>\n<p><a href=\"http:\/\/sensiseeds.com\/it\/semi-femminizzati\/whitelabel\" target=\"_blank\" rel=\"noopener noreferrer\">para m\u00e1s informaci\u00f3n pincha aqu\u00ed<\/a><\/p>\n","protected":false},"excerpt":{"rendered":"<p>0 Composici\u00f3n: Power Plant Genotipo: feminizada 75% indica D\u00cdAS: 55-60 para m\u00e1s informaci\u00f3n pincha aqu\u00ed<\/p>\n","protected":false},"featured_media":206426,"comment_status":"open","ping_status":"closed","template":"","meta":[],"product_brand":[],"product_cat":[7953],"product_tag":[],"class_list":{"0":"post-244025","1":"product","2":"type-product","3":"status-publish","4":"has-post-thumbnail","6":"product_cat-seedshop-es","8":"first","9":"instock","10":"taxable","11":"shipping-taxable","12":"purchasable","13":"product-type-simple"},"aioseo_notices":[],"_links":{"self":[{"href":"https:\/\/www.budream.com\/es\/wp-json\/wp\/v2\/product\/244025","targetHints":{"allow":["GET"]}}],"collection":[{"href":"https:\/\/www.budream.com\/es\/wp-json\/wp\/v2\/product"}],"about":[{"href":"https:\/\/www.budream.com\/es\/wp-json\/wp\/v2\/types\/product"}],"replies":[{"embeddable":true,"href":"https:\/\/www.budream.com\/es\/wp-json\/wp\/v2\/comments?post=244025"}],"version-history":[{"count":0,"href":"https:\/\/www.budream.com\/es\/wp-json\/wp\/v2\/product\/244025\/revisions"}],"wp:featuredmedia":[{"embeddable":true,"href":"https:\/\/www.budream.com\/es\/wp-json\/wp\/v2\/media\/206426"}],"wp:attachment":[{"href":"https:\/\/www.budream.com\/es\/wp-json\/wp\/v2\/media?parent=244025"}],"wp:term":[{"taxonomy":"product_brand","embeddable":true,"href":"https:\/\/www.budream.com\/es\/wp-json\/wp\/v2\/product_brand?post=244025"},{"taxonomy":"product_cat","embeddable":true,"href":"https:\/\/www.budream.com\/es\/wp-json\/wp\/v2\/product_cat?post=244025"},{"taxonomy":"product_tag","embeddable":true,"href":"https:\/\/www.budream.com\/es\/wp-json\/wp\/v2\/product_tag?post=244025"}],"curies":[{"name":"wp","href":"https:\/\/api.w.org\/{rel}","templated":true}]}}