{"id":244075,"date":"2025-11-21T19:09:20","date_gmt":"2025-11-21T17:09:20","guid":{"rendered":"https:\/\/www.budream.com\/shop\/white-label-white-ice-fem-5-semillas\/"},"modified":"2025-12-04T15:30:45","modified_gmt":"2025-12-04T13:30:45","slug":"white-label-white-ice-fem-5-semillas","status":"publish","type":"product","link":"https:\/\/www.budream.com\/es\/shop\/white-label-white-ice-fem-5-semillas\/","title":{"rendered":"WHITE LABEL &#8211; WHITE ICE FEM | 5 SEMILLAS"},"content":{"rendered":"<div style=\"text-align: justify\">Las semillas White Ice Feminizada de White Label son 80% indica, y fueron creadas utilizando la gen\u00e9tica de Northern Lights, una skunk holandesa y una cepa afgana.<\/div>\n<p><\/p>\n<h2><strong>Caracter\u00edsticas White Ice Fem:<\/strong><\/h2>\n<ul style=\"list-style-type: disc\">\n<li><strong>G\u00e9nero:<\/strong> Feminizada<\/li>\n<li><strong>Genotipo:<\/strong> Consangu\u00ednea 80% Indica \/ 20% Sativa<\/li>\n<li><strong>Gen\u00e9tica<\/strong>: Northern Lights x Dutch Skunk x Afhani<\/li>\n<li><strong>D\u00edas de floraci\u00f3n:<\/strong> 45-55 d\u00edas<\/li>\n<\/ul>\n<p><\/p>\n<div style=\"text-align: justify\"><span style=\"font-size: 11pt\"><em><strong>ADVERTENCIA:<\/strong> Las semillas de c\u00e1\u00f1amo est\u00e1n excluidas de la noci\u00f3n legal de Cannabis, lo que significa que no deben considerarse una sustancia estupefaciente (L. 412 de 1974, art. 1, p\u00e1rrafo 1, lett. B; Convenci\u00f3n \u00danica sobre Estupefacientes de Nueva York de 1961 y tabla II del Decreto Ministerial 27\/7\/1992). En Italia, el cultivo del c\u00e1\u00f1amo est\u00e1 prohibido (art\u00edculos 28 y 73 del Decreto Presidencial 309\/90) a menos que se obtenga una autorizaci\u00f3n especial (art\u00edculo 17 del Decreto Presidencial 309\/90). A falta de autorizaci\u00f3n, las semillas s\u00f3lo pueden utilizarse para otros fines (zoot\u00e9cnicos, recolecci\u00f3n, etc.). Las semillas se venden con la reserva de que no sean utilizadas por terceros en conflicto con la ley.<\/em><\/span><\/div>\n","protected":false},"excerpt":{"rendered":"<p>Las semillas White Ice Feminizada de White Label son 80% indica, y fueron creadas utilizando la gen\u00e9tica de Northern Lights,<\/p>\n","protected":false},"featured_media":213963,"comment_status":"open","ping_status":"closed","template":"","meta":[],"product_brand":[],"product_cat":[7953],"product_tag":[],"class_list":{"0":"post-244075","1":"product","2":"type-product","3":"status-publish","4":"has-post-thumbnail","6":"product_cat-seedshop-es","8":"first","9":"instock","10":"taxable","11":"shipping-taxable","12":"purchasable","13":"product-type-simple"},"aioseo_notices":[],"_links":{"self":[{"href":"https:\/\/www.budream.com\/es\/wp-json\/wp\/v2\/product\/244075","targetHints":{"allow":["GET"]}}],"collection":[{"href":"https:\/\/www.budream.com\/es\/wp-json\/wp\/v2\/product"}],"about":[{"href":"https:\/\/www.budream.com\/es\/wp-json\/wp\/v2\/types\/product"}],"replies":[{"embeddable":true,"href":"https:\/\/www.budream.com\/es\/wp-json\/wp\/v2\/comments?post=244075"}],"version-history":[{"count":0,"href":"https:\/\/www.budream.com\/es\/wp-json\/wp\/v2\/product\/244075\/revisions"}],"wp:featuredmedia":[{"embeddable":true,"href":"https:\/\/www.budream.com\/es\/wp-json\/wp\/v2\/media\/213963"}],"wp:attachment":[{"href":"https:\/\/www.budream.com\/es\/wp-json\/wp\/v2\/media?parent=244075"}],"wp:term":[{"taxonomy":"product_brand","embeddable":true,"href":"https:\/\/www.budream.com\/es\/wp-json\/wp\/v2\/product_brand?post=244075"},{"taxonomy":"product_cat","embeddable":true,"href":"https:\/\/www.budream.com\/es\/wp-json\/wp\/v2\/product_cat?post=244075"},{"taxonomy":"product_tag","embeddable":true,"href":"https:\/\/www.budream.com\/es\/wp-json\/wp\/v2\/product_tag?post=244075"}],"curies":[{"name":"wp","href":"https:\/\/api.w.org\/{rel}","templated":true}]}}