{"id":244172,"date":"2025-11-21T19:34:08","date_gmt":"2025-11-21T17:34:08","guid":{"rendered":"https:\/\/www.budream.com\/shop\/green-house-seed-co-kings-kush-autofloreciente-fem-5-semillas\/"},"modified":"2026-03-26T11:45:20","modified_gmt":"2026-03-26T09:45:20","slug":"green-house-seed-co-kings-kush-autofloreciente-fem-5-semillas","status":"publish","type":"product","link":"https:\/\/www.budream.com\/es\/shop\/green-house-seed-co-kings-kush-autofloreciente-fem-5-semillas\/","title":{"rendered":"GREEN HOUSE SEED CO. &#8211; KING&#8217;S KUSH AUTOFLORECIENTE FEM | 5 SEMILLAS"},"content":{"rendered":"<p>La gen\u00e9tica procede del cruce de una King&#8217;s Kush con una Ruderalis desconocida.<br \/>King&#8217;s Kush Autofloreciente es un h\u00edbrido perfectamente equilibrado. La cepa King&#8217;s Kush se cruz\u00f3 con gen\u00e9tica Ruderalis, dando como resultado una variedad autofloreciente. La composici\u00f3n gen\u00e9tica es 40% indica, 40% sativa y 20% de genes ruderalis.<\/p>\n<h2><strong>Caracter\u00edsticas King&#8217;s Kush Autofloreciente Fem:<\/p>\n<p><\/strong><\/h2>\n<ul style=\"list-style-type: disc\">\n<li><strong>G\u00e9nero:<\/strong> H\u00edbrido Autofloreciente Feminizado<\/li>\n<li><strong>Genotipo:<\/strong> Indica 40%\/ Sativa 40%\/ Ruderalis 20%.<\/li>\n<li><strong>Gen\u00e9tica:<\/strong> King&#8217;s Kush x Ruderalis<\/li>\n<li><strong>D\u00edas:<\/strong> 49-56<\/li>\n<\/ul>\n<p><span style=\"font-size: 11pt\"><em><strong>ADVERTENCIA:<\/strong> Las semillas de c\u00e1\u00f1amo est\u00e1n excluidas de la noci\u00f3n legal de Cannabis, lo que significa que no deben considerarse una sustancia estupefaciente (L. 412 de 1974, art. 1, p\u00e1rrafo 1, lett. B; Convenci\u00f3n \u00danica sobre Estupefacientes de Nueva York de 1961 y tabla II del Decreto Ministerial 27\/7\/1992). En Italia, el cultivo del c\u00e1\u00f1amo est\u00e1 prohibido (art\u00edculos 28 y 73 del Decreto Presidencial 309\/90) a menos que se obtenga una autorizaci\u00f3n especial (art\u00edculo 17 del Decreto Presidencial 309\/90). A falta de autorizaci\u00f3n, las semillas s\u00f3lo pueden utilizarse para otros fines (zoot\u00e9cnicos, recolecci\u00f3n, etc.). Las semillas se venden con la reserva de que no ser\u00e1n utilizadas por terceros en conflicto con la ley.<\/em><\/span><\/p>\n","protected":false},"excerpt":{"rendered":"<p>La gen\u00e9tica procede del cruce de una King&#8217;s Kush con una Ruderalis desconocida.King&#8217;s Kush Autofloreciente es un h\u00edbrido perfectamente equilibrado.<\/p>\n","protected":false},"featured_media":215112,"comment_status":"open","ping_status":"closed","template":"","meta":[],"product_brand":[],"product_cat":[7953],"product_tag":[],"class_list":{"0":"post-244172","1":"product","2":"type-product","3":"status-publish","4":"has-post-thumbnail","6":"product_cat-seedshop-es","8":"first","9":"instock","10":"taxable","11":"shipping-taxable","12":"purchasable","13":"product-type-simple"},"aioseo_notices":[],"_links":{"self":[{"href":"https:\/\/www.budream.com\/es\/wp-json\/wp\/v2\/product\/244172","targetHints":{"allow":["GET"]}}],"collection":[{"href":"https:\/\/www.budream.com\/es\/wp-json\/wp\/v2\/product"}],"about":[{"href":"https:\/\/www.budream.com\/es\/wp-json\/wp\/v2\/types\/product"}],"replies":[{"embeddable":true,"href":"https:\/\/www.budream.com\/es\/wp-json\/wp\/v2\/comments?post=244172"}],"version-history":[{"count":0,"href":"https:\/\/www.budream.com\/es\/wp-json\/wp\/v2\/product\/244172\/revisions"}],"wp:featuredmedia":[{"embeddable":true,"href":"https:\/\/www.budream.com\/es\/wp-json\/wp\/v2\/media\/215112"}],"wp:attachment":[{"href":"https:\/\/www.budream.com\/es\/wp-json\/wp\/v2\/media?parent=244172"}],"wp:term":[{"taxonomy":"product_brand","embeddable":true,"href":"https:\/\/www.budream.com\/es\/wp-json\/wp\/v2\/product_brand?post=244172"},{"taxonomy":"product_cat","embeddable":true,"href":"https:\/\/www.budream.com\/es\/wp-json\/wp\/v2\/product_cat?post=244172"},{"taxonomy":"product_tag","embeddable":true,"href":"https:\/\/www.budream.com\/es\/wp-json\/wp\/v2\/product_tag?post=244172"}],"curies":[{"name":"wp","href":"https:\/\/api.w.org\/{rel}","templated":true}]}}