{"id":244192,"date":"2025-11-21T19:36:18","date_gmt":"2025-11-21T17:36:18","guid":{"rendered":"https:\/\/www.budream.com\/shop\/green-house-seed-co-super-critical-autoflowering-fem-5-semillas\/"},"modified":"2026-03-16T12:35:00","modified_gmt":"2026-03-16T10:35:00","slug":"green-house-seed-co-super-critical-autoflowering-fem-5-semillas","status":"publish","type":"product","link":"https:\/\/www.budream.com\/es\/shop\/green-house-seed-co-super-critical-autoflowering-fem-5-semillas\/","title":{"rendered":"GREEN HOUSE SEED CO. &#8211; SUPER CRITICAL AUTOFLOWERING FEM | 5 SEMILLAS"},"content":{"rendered":"<p>Super Critical Autofloreciente es una mezcla gen\u00e9tica de una Big Bud, una Skunk cl\u00e1sica y una White Widow. Tambi\u00e9n se a\u00f1adieron genes de una Ruderalis a la mezcla para obtener caracter\u00edsticas autoflorecientes. No deber\u00eda sorprendernos saber que gracias a estas tres apreciadas variedades, naci\u00f3 un nuevo h\u00edbrido con cualidades extraordinarias.<\/p>\n<h2><strong>Caracter\u00edsticas Super Critical Autofloreciente Fem:<\/p>\n<p><\/strong><\/h2>\n<ul style=\"list-style-type: disc\">\n<li><strong>G\u00e9nero:<\/strong> H\u00edbrido Autofloreciente Feminizado<\/li>\n<li><strong>Genotipo<\/strong>: Indica 80%\/ Sativa 10%\/ Ruderalis 10%.<\/li>\n<li><strong>Gen\u00e9tica:<\/strong> Big Bud x Super Skunk X White Widow<\/li>\n<li><strong>D\u00edas:<\/strong> 49- 56<\/li>\n<\/ul>\n<p><span style=\"font-size: 11pt\"><em><strong>ADVERTENCIA:<\/strong> Las semillas de c\u00e1\u00f1amo est\u00e1n excluidas de la noci\u00f3n legal de Cannabis, lo que significa que no deben considerarse una sustancia estupefaciente (L. 412 de 1974, art. 1, coma 1, lett. B; Convenci\u00f3n \u00danica sobre Estupefacientes de Nueva York de 1961 y tabla II del Decreto Ministerial 27\/7\/1992). En Italia, el cultivo del c\u00e1\u00f1amo est\u00e1 prohibido (art\u00edculos 28 y 73 del Decreto Presidencial 309\/90) a menos que se obtenga una autorizaci\u00f3n especial (art\u00edculo 17 del Decreto Presidencial 309\/90). A falta de autorizaci\u00f3n, las semillas s\u00f3lo pueden utilizarse para otros fines (zoot\u00e9cnicos, recolecci\u00f3n, etc.). Las semillas se venden con la reserva de que no ser\u00e1n utilizadas por terceros en conflicto con la ley.<\/em><\/span><\/p>\n","protected":false},"excerpt":{"rendered":"<p>Super Critical Autofloreciente es una mezcla gen\u00e9tica de una Big Bud, una Skunk cl\u00e1sica y una White Widow. Tambi\u00e9n se<\/p>\n","protected":false},"featured_media":225920,"comment_status":"open","ping_status":"closed","template":"","meta":[],"product_brand":[],"product_cat":[7953],"product_tag":[],"class_list":{"0":"post-244192","1":"product","2":"type-product","3":"status-publish","4":"has-post-thumbnail","6":"product_cat-seedshop-es","8":"first","9":"instock","10":"taxable","11":"shipping-taxable","12":"purchasable","13":"product-type-simple"},"aioseo_notices":[],"_links":{"self":[{"href":"https:\/\/www.budream.com\/es\/wp-json\/wp\/v2\/product\/244192","targetHints":{"allow":["GET"]}}],"collection":[{"href":"https:\/\/www.budream.com\/es\/wp-json\/wp\/v2\/product"}],"about":[{"href":"https:\/\/www.budream.com\/es\/wp-json\/wp\/v2\/types\/product"}],"replies":[{"embeddable":true,"href":"https:\/\/www.budream.com\/es\/wp-json\/wp\/v2\/comments?post=244192"}],"version-history":[{"count":0,"href":"https:\/\/www.budream.com\/es\/wp-json\/wp\/v2\/product\/244192\/revisions"}],"wp:featuredmedia":[{"embeddable":true,"href":"https:\/\/www.budream.com\/es\/wp-json\/wp\/v2\/media\/225920"}],"wp:attachment":[{"href":"https:\/\/www.budream.com\/es\/wp-json\/wp\/v2\/media?parent=244192"}],"wp:term":[{"taxonomy":"product_brand","embeddable":true,"href":"https:\/\/www.budream.com\/es\/wp-json\/wp\/v2\/product_brand?post=244192"},{"taxonomy":"product_cat","embeddable":true,"href":"https:\/\/www.budream.com\/es\/wp-json\/wp\/v2\/product_cat?post=244192"},{"taxonomy":"product_tag","embeddable":true,"href":"https:\/\/www.budream.com\/es\/wp-json\/wp\/v2\/product_tag?post=244192"}],"curies":[{"name":"wp","href":"https:\/\/api.w.org\/{rel}","templated":true}]}}