{"id":244207,"date":"2025-11-21T19:38:00","date_gmt":"2025-11-21T17:38:00","guid":{"rendered":"https:\/\/www.budream.com\/shop\/sweet-seeds-cream-caramel-cbd-fem-sws67-52-semillas-disponible-hasta-fin-de-existencias\/"},"modified":"2025-12-12T12:47:29","modified_gmt":"2025-12-12T10:47:29","slug":"sweet-seeds-cream-caramel-cbd-fem-sws67-52-semillas-disponible-hasta-fin-de-existencias","status":"publish","type":"product","link":"https:\/\/www.budream.com\/es\/shop\/sweet-seeds-cream-caramel-cbd-fem-sws67-52-semillas-disponible-hasta-fin-de-existencias\/","title":{"rendered":"SWEET SEEDS &#8211; CREAM CARAMEL CBD\u00ae FEM (SWS67) | 5+2 SEMILLAS Disponible hasta fin de existencias"},"content":{"rendered":"<p>Versi\u00f3n rica en CBD de una de las variedades m\u00e1s populares del cat\u00e1logo de Sweet Seeds, resultado del cruce entre la galardonada Cream Caramel y un clon \u00e9lite Diesel rico en CBD.<\/p>\n<h2><strong>Caracter\u00edsticas Cream Caramel CBD Fem:<\/strong><\/h2>\n<ul style=\"list-style-type: disc\">\n<li><strong>G\u00e9nero:<\/strong> H\u00edbrido Feminizado<\/li>\n<li><strong>Genotipo<\/strong>: H\u00edbrido: Indica: 70% \/ Sativa: 30%<\/li>\n<li><strong>Gen\u00e9tica <\/strong>: Cream Caramel x Diesel CBD<\/li>\n<li>D\u00edas<strong>:<\/strong> 56 d\u00edas<\/li>\n<\/ul>\n<p><span style=\"font-size: 11pt\"><em><strong>ADVERTENCIA:<\/strong> Las semillas de c\u00e1\u00f1amo est\u00e1n excluidas de la noci\u00f3n legal de Cannabis, lo que significa que no deben considerarse una sustancia estupefaciente (L. 412 de 1974, art. 1, p\u00e1rrafo 1, lett. B; Convenci\u00f3n \u00danica sobre Estupefacientes de Nueva York de 1961 y tabla II del Decreto Ministerial 27\/7\/1992). En Italia, el cultivo del c\u00e1\u00f1amo est\u00e1 prohibido (art\u00edculos 28 y 73 del Decreto Presidencial 309\/90) a menos que se obtenga una autorizaci\u00f3n especial (art\u00edculo 17 del Decreto Presidencial 309\/90). A falta de autorizaci\u00f3n, las semillas s\u00f3lo pueden utilizarse para otros fines (zoot\u00e9cnicos, recolecci\u00f3n, etc.). Las semillas se venden con la reserva de que no sean utilizadas por terceros en conflicto con la ley.<\/em><\/span><\/p>\n","protected":false},"excerpt":{"rendered":"<p>Versi\u00f3n rica en CBD de una de las variedades m\u00e1s populares del cat\u00e1logo de Sweet Seeds, resultado del cruce entre<\/p>\n","protected":false},"featured_media":140043,"comment_status":"open","ping_status":"closed","template":"","meta":[],"product_brand":[],"product_cat":[7953],"product_tag":[],"class_list":{"0":"post-244207","1":"product","2":"type-product","3":"status-publish","4":"has-post-thumbnail","6":"product_cat-seedshop-es","8":"first","9":"instock","10":"taxable","11":"shipping-taxable","12":"purchasable","13":"product-type-simple"},"aioseo_notices":[],"_links":{"self":[{"href":"https:\/\/www.budream.com\/es\/wp-json\/wp\/v2\/product\/244207","targetHints":{"allow":["GET"]}}],"collection":[{"href":"https:\/\/www.budream.com\/es\/wp-json\/wp\/v2\/product"}],"about":[{"href":"https:\/\/www.budream.com\/es\/wp-json\/wp\/v2\/types\/product"}],"replies":[{"embeddable":true,"href":"https:\/\/www.budream.com\/es\/wp-json\/wp\/v2\/comments?post=244207"}],"version-history":[{"count":0,"href":"https:\/\/www.budream.com\/es\/wp-json\/wp\/v2\/product\/244207\/revisions"}],"wp:featuredmedia":[{"embeddable":true,"href":"https:\/\/www.budream.com\/es\/wp-json\/wp\/v2\/media\/140043"}],"wp:attachment":[{"href":"https:\/\/www.budream.com\/es\/wp-json\/wp\/v2\/media?parent=244207"}],"wp:term":[{"taxonomy":"product_brand","embeddable":true,"href":"https:\/\/www.budream.com\/es\/wp-json\/wp\/v2\/product_brand?post=244207"},{"taxonomy":"product_cat","embeddable":true,"href":"https:\/\/www.budream.com\/es\/wp-json\/wp\/v2\/product_cat?post=244207"},{"taxonomy":"product_tag","embeddable":true,"href":"https:\/\/www.budream.com\/es\/wp-json\/wp\/v2\/product_tag?post=244207"}],"curies":[{"name":"wp","href":"https:\/\/api.w.org\/{rel}","templated":true}]}}