{"id":244217,"date":"2025-11-21T19:39:05","date_gmt":"2025-11-21T17:39:05","guid":{"rendered":"https:\/\/www.budream.com\/shop\/sensi-seeds-research-n13-kush-fem-3-semillas\/"},"modified":"2025-12-22T14:39:59","modified_gmt":"2025-12-22T12:39:59","slug":"sensi-seeds-research-n13-kush-fem-3-semillas","status":"publish","type":"product","link":"https:\/\/www.budream.com\/es\/shop\/sensi-seeds-research-n13-kush-fem-3-semillas\/","title":{"rendered":"SENSI SEEDS RESEARCH &#8211; N13 KUSH FEM | 3 SEMILLAS"},"content":{"rendered":"<p>Esta variedad, desarrollada por investigadores de Sensi Seeds, tiene unos or\u00edgenes impresionantes. Su reserva gen\u00e9tica incluye plantas como Mr Nice G13 x Hash Plant (llamada as\u00ed por Howard Marks) y Nicole Kush, ambas premiadas en el pasado. Es una variedad 90% \u00edndica y 10% sativa, y la fuerte herencia gen\u00e9tica \u00edndica se deja sentir en todas sus caracter\u00edsticas.<\/p>\n<h2><strong>Caracter\u00edsticas N13 Kush Fem:<\/strong><\/h2>\n<ul style=\"list-style-type: disc\">\n<li><strong>G\u00e9nero:<\/strong> H\u00edbrido Feminizado<\/li>\n<li><strong>Genotipo:<\/strong> 70% Indica \/ 30% Sativa<\/li>\n<li><strong>Gen\u00e9tica<\/strong>: Wedding cake x Durban x Black Domina<\/li>\n<li><strong>D\u00edas de floraci\u00f3n:<\/strong> 63 &#8211; 70 d\u00edas<\/li>\n<\/ul>\n<p><span style=\"font-size: 11pt\"><em><strong>ADVERTENCIA:<\/strong> Las semillas de c\u00e1\u00f1amo est\u00e1n excluidas de la noci\u00f3n legal de Cannabis, lo que significa que no deben considerarse una sustancia estupefaciente (L. 412 de 1974, art. 1, p\u00e1rrafo 1, lett. B; Convenci\u00f3n \u00danica sobre Estupefacientes de Nueva York de 1961 y tabla II del Decreto Ministerial 27\/7\/1992). En Italia, el cultivo del c\u00e1\u00f1amo est\u00e1 prohibido (art\u00edculos 28 y 73 del Decreto Presidencial 309\/90) a menos que se obtenga una autorizaci\u00f3n especial (art\u00edculo 17 del Decreto Presidencial 309\/90). A falta de autorizaci\u00f3n, las semillas s\u00f3lo pueden utilizarse para otros fines (zoot\u00e9cnicos, recolecci\u00f3n, etc.). Las semillas se venden con la reserva de que no sean utilizadas por terceros en conflicto con la ley.<\/em><\/span><\/p>\n","protected":false},"excerpt":{"rendered":"<p>Esta variedad, desarrollada por investigadores de Sensi Seeds, tiene unos or\u00edgenes impresionantes. Su reserva gen\u00e9tica incluye plantas como Mr Nice<\/p>\n","protected":false},"featured_media":197450,"comment_status":"open","ping_status":"closed","template":"","meta":[],"product_brand":[],"product_cat":[7953],"product_tag":[],"class_list":{"0":"post-244217","1":"product","2":"type-product","3":"status-publish","4":"has-post-thumbnail","6":"product_cat-seedshop-es","8":"first","9":"instock","10":"taxable","11":"shipping-taxable","12":"purchasable","13":"product-type-simple"},"aioseo_notices":[],"_links":{"self":[{"href":"https:\/\/www.budream.com\/es\/wp-json\/wp\/v2\/product\/244217","targetHints":{"allow":["GET"]}}],"collection":[{"href":"https:\/\/www.budream.com\/es\/wp-json\/wp\/v2\/product"}],"about":[{"href":"https:\/\/www.budream.com\/es\/wp-json\/wp\/v2\/types\/product"}],"replies":[{"embeddable":true,"href":"https:\/\/www.budream.com\/es\/wp-json\/wp\/v2\/comments?post=244217"}],"version-history":[{"count":0,"href":"https:\/\/www.budream.com\/es\/wp-json\/wp\/v2\/product\/244217\/revisions"}],"wp:featuredmedia":[{"embeddable":true,"href":"https:\/\/www.budream.com\/es\/wp-json\/wp\/v2\/media\/197450"}],"wp:attachment":[{"href":"https:\/\/www.budream.com\/es\/wp-json\/wp\/v2\/media?parent=244217"}],"wp:term":[{"taxonomy":"product_brand","embeddable":true,"href":"https:\/\/www.budream.com\/es\/wp-json\/wp\/v2\/product_brand?post=244217"},{"taxonomy":"product_cat","embeddable":true,"href":"https:\/\/www.budream.com\/es\/wp-json\/wp\/v2\/product_cat?post=244217"},{"taxonomy":"product_tag","embeddable":true,"href":"https:\/\/www.budream.com\/es\/wp-json\/wp\/v2\/product_tag?post=244217"}],"curies":[{"name":"wp","href":"https:\/\/api.w.org\/{rel}","templated":true}]}}