{"id":244465,"date":"2025-12-02T11:18:02","date_gmt":"2025-12-02T09:18:02","guid":{"rendered":"https:\/\/www.budream.com\/shop\/royal-queen-seeds-astro-lemonade-f1-fem\/"},"modified":"2025-12-02T11:24:40","modified_gmt":"2025-12-02T09:24:40","slug":"royal-queen-seeds-astro-lemonade-f1-fem","status":"publish","type":"product","link":"https:\/\/www.budream.com\/es\/shop\/royal-queen-seeds-astro-lemonade-f1-fem\/","title":{"rendered":"ROYAL QUEEN SEEDS &#8211; ASTRO LEMONADE F1 FEM"},"content":{"rendered":"<div style=\"text-align: justify\">\n<div style=\"text-align: justify\">Resultado de la uni\u00f3n de Jungle Spice y Gorilla Diesel, este cruce F1 combina la innovaci\u00f3n de la gen\u00e9tica moderna con una herencia cl\u00e1sica.<\/div>\n<p><\/p>\n<h2><strong>Caracter\u00edsticas Astro Lemonade F1 Royal Queen Seeds:<\/strong><\/h2>\n<ul style=\"list-style-type: disc\">\n<li><strong>G\u00e9nero:<\/strong> Feminizada <\/li>\n<li><strong>Genotipo:<\/strong> H\u00edbrido F1 Indica \/ Sativa<\/li>\n<li><strong>Gen\u00e9tica<\/strong>: Jungle Spice x Gorilla Diesel<\/li>\n<li><strong>D\u00edas:<\/strong> 49-63<\/li>\n<\/ul>\n<p><\/p>\n<div style=\"text-align: justify\"><em><strong>ADVERTENCIA:<\/strong> Las semillas de c\u00e1\u00f1amo est\u00e1n excluidas de la noci\u00f3n legal de Cannabis, lo que significa que no deben considerarse una sustancia estupefaciente (L. 412 de 1974, Art. 1, p\u00e1rrafo 1, lett. B; Convenci\u00f3n \u00danica sobre Estupefacientes de Nueva York de 1961 y tabla II del Decreto Ministerial 27\/7\/1992). En Italia, el cultivo del c\u00e1\u00f1amo est\u00e1 prohibido (art\u00edculos 28 y 73 del Decreto Presidencial 309\/90) a menos que se obtenga una autorizaci\u00f3n especial (art\u00edculo 17 del Decreto Presidencial 309\/90). A falta de autorizaci\u00f3n, las semillas s\u00f3lo pueden utilizarse para otros fines (zoot\u00e9cnicos, recolecci\u00f3n, etc.). Las semillas se venden con la reserva de que no sean utilizadas por terceros en conflicto con la ley.<\/em><\/div>\n<\/div>\n","protected":false},"excerpt":{"rendered":"<p>Resultado de la uni\u00f3n de Jungle Spice y Gorilla Diesel, este cruce F1 combina la innovaci\u00f3n de la gen\u00e9tica moderna<\/p>\n","protected":false},"featured_media":244461,"comment_status":"open","ping_status":"closed","template":"","meta":[],"product_brand":[],"product_cat":[7953],"product_tag":[],"class_list":{"0":"post-244465","1":"product","2":"type-product","3":"status-publish","4":"has-post-thumbnail","6":"product_cat-seedshop-es","8":"first","9":"outofstock","10":"taxable","11":"shipping-taxable","12":"product-type-variable"},"aioseo_notices":[],"_links":{"self":[{"href":"https:\/\/www.budream.com\/es\/wp-json\/wp\/v2\/product\/244465","targetHints":{"allow":["GET"]}}],"collection":[{"href":"https:\/\/www.budream.com\/es\/wp-json\/wp\/v2\/product"}],"about":[{"href":"https:\/\/www.budream.com\/es\/wp-json\/wp\/v2\/types\/product"}],"replies":[{"embeddable":true,"href":"https:\/\/www.budream.com\/es\/wp-json\/wp\/v2\/comments?post=244465"}],"version-history":[{"count":0,"href":"https:\/\/www.budream.com\/es\/wp-json\/wp\/v2\/product\/244465\/revisions"}],"wp:featuredmedia":[{"embeddable":true,"href":"https:\/\/www.budream.com\/es\/wp-json\/wp\/v2\/media\/244461"}],"wp:attachment":[{"href":"https:\/\/www.budream.com\/es\/wp-json\/wp\/v2\/media?parent=244465"}],"wp:term":[{"taxonomy":"product_brand","embeddable":true,"href":"https:\/\/www.budream.com\/es\/wp-json\/wp\/v2\/product_brand?post=244465"},{"taxonomy":"product_cat","embeddable":true,"href":"https:\/\/www.budream.com\/es\/wp-json\/wp\/v2\/product_cat?post=244465"},{"taxonomy":"product_tag","embeddable":true,"href":"https:\/\/www.budream.com\/es\/wp-json\/wp\/v2\/product_tag?post=244465"}],"curies":[{"name":"wp","href":"https:\/\/api.w.org\/{rel}","templated":true}]}}