{"id":246317,"date":"2025-12-23T14:18:51","date_gmt":"2025-12-23T12:18:51","guid":{"rendered":"https:\/\/www.budream.com\/shop\/addipure-p-e-o-tubo-extraccion-diam-50mm-60gr-con-altura-regulable\/"},"modified":"2026-04-17T11:12:03","modified_gmt":"2026-04-17T09:12:03","slug":"addipure-p-e-o-tubo-extraccion-diam-50mm-60gr-con-altura-regulable","status":"publish","type":"product","link":"https:\/\/www.budream.com\/es\/shop\/addipure-p-e-o-tubo-extraccion-diam-50mm-60gr-con-altura-regulable\/","title":{"rendered":"ADDIPURE &#8211; P.E.O | TUBO EXTRACCION DIAM. 50mm 60gr. CON ALTURA REGULABLE"},"content":{"rendered":"<p>El concepto modular, el dise\u00f1o elegante con materiales de alta calidad y el f\u00e1cil mantenimiento, combinados con la longevidad, hacen de los extractores ADDIPURE P.E.O<strong>(Pure Essential Oil<\/strong>) los mejores extractores del mercado y establecen nuevos <strong>est\u00e1ndares<\/strong> en la extracci\u00f3n de gas.<\/p>\n<h2><span style=\"text-decoration: underline\">Calidad de los extractores ADDIPURE P.E.O.<\/span><\/h2>\n<p>Los extractores ADDIPURE est\u00e1n fabricados en aluminio alimentario con una superficie anodizada. La capa incolora de <strong>aluminio anodizado<\/strong> aumenta la dureza de la superficie y reduce los coeficientes de fricci\u00f3n durante sus extracciones.<\/p>\n<p>Todos los componentes est\u00e1n roscados individualmente y son desmontables. Esto simplifica el llenado, el mantenimiento y el almacenamiento; <br \/>al final del trabajo, todos los extractores ADDIPURE P.E.O pueden desmontarse completamente para facilitar su limpieza.<\/p>\n<p><strong>ADDIPURE P.E.O. es perfectamente adecuado para extracciones con gases ADDIPURE N-Butano o DME.<\/strong><\/p>\n<p>Estas extracciones pueden realizarse con hojas trituradas, inflorescencias, restos de poda y recortes.<\/p>\n<p><strong>El tr\u00edpode de altura regulable ADDIPURE hace que las operaciones de extracci\u00f3n sean m\u00e1s estables y permite ajustar la altura del tubo a sus necesidades.<\/p>\n<p><\/strong><\/p>\n<h2><span style=\"text-decoration: underline\">Innovador sistema de filtraci\u00f3n:<\/span><\/h2>\n<p>El nuevo sistema de filtraci\u00f3n de 3 capas ofrece la <strong>m\u00e1xima pureza<\/strong>: El filtro de extracci\u00f3n ADQ blanco patentado est\u00e1 intercalado entre 2 filtros de acero inoxidable: una primera malla ancha (400&micro;) y una segunda malla m\u00e1s fina (50&micro;). <br \/>Este sistema ofrece un resultado filtrado repetidamente, cristalino y libre de impurezas.<\/p>\n<p> Los filtros de acero inoxidable son reutilizables varias veces. El filtro de extracci\u00f3n ADQ blanco debe sustituirse despu\u00e9s de 1 \u00f3 2 extracciones.<\/p>\n<h2><span style=\"text-decoration: underline\">Caracter\u00edsticas ADDIPURE P.E.O 50mm extractor:<\/span><\/h2>\n<ul style=\"list-style-type: disc\">\n<li>Tubo de extracci\u00f3n de acero inoxidable;<\/li>\n<li>Capacidad: 60 gramos;<\/li>\n<li>Di\u00e1metro: 50 mm;<\/li>\n<li>Longitud: 135 mm;<\/li>\n<li>1x sistema de filtraci\u00f3n de 3 etapas diam. 50mm incluido;<\/li>\n<li>5 filtros de extracci\u00f3n ADQ blancos de 50 mm de di\u00e1metro incluidos;<\/li>\n<li>Garant\u00eda de calidad ADDITEQ de 2 a\u00f1os.<\/li>\n<li>Tr\u00edpode con ajuste de altura incluido;<\/li>\n<\/ul>\n","protected":false},"excerpt":{"rendered":"<p>El concepto modular, el dise\u00f1o elegante con materiales de alta calidad y el f\u00e1cil mantenimiento, combinados con la longevidad, hacen<\/p>\n","protected":false},"featured_media":168530,"comment_status":"open","ping_status":"closed","template":"","meta":[],"product_brand":[],"product_cat":[7948],"product_tag":[],"class_list":{"0":"post-246317","1":"product","2":"type-product","3":"status-publish","4":"has-post-thumbnail","6":"product_cat-headshop-es","8":"first","9":"instock","10":"taxable","11":"shipping-taxable","12":"purchasable","13":"product-type-simple"},"aioseo_notices":[],"_links":{"self":[{"href":"https:\/\/www.budream.com\/es\/wp-json\/wp\/v2\/product\/246317","targetHints":{"allow":["GET"]}}],"collection":[{"href":"https:\/\/www.budream.com\/es\/wp-json\/wp\/v2\/product"}],"about":[{"href":"https:\/\/www.budream.com\/es\/wp-json\/wp\/v2\/types\/product"}],"replies":[{"embeddable":true,"href":"https:\/\/www.budream.com\/es\/wp-json\/wp\/v2\/comments?post=246317"}],"version-history":[{"count":1,"href":"https:\/\/www.budream.com\/es\/wp-json\/wp\/v2\/product\/246317\/revisions"}],"predecessor-version":[{"id":263283,"href":"https:\/\/www.budream.com\/es\/wp-json\/wp\/v2\/product\/246317\/revisions\/263283"}],"wp:featuredmedia":[{"embeddable":true,"href":"https:\/\/www.budream.com\/es\/wp-json\/wp\/v2\/media\/168530"}],"wp:attachment":[{"href":"https:\/\/www.budream.com\/es\/wp-json\/wp\/v2\/media?parent=246317"}],"wp:term":[{"taxonomy":"product_brand","embeddable":true,"href":"https:\/\/www.budream.com\/es\/wp-json\/wp\/v2\/product_brand?post=246317"},{"taxonomy":"product_cat","embeddable":true,"href":"https:\/\/www.budream.com\/es\/wp-json\/wp\/v2\/product_cat?post=246317"},{"taxonomy":"product_tag","embeddable":true,"href":"https:\/\/www.budream.com\/es\/wp-json\/wp\/v2\/product_tag?post=246317"}],"curies":[{"name":"wp","href":"https:\/\/api.w.org\/{rel}","templated":true}]}}