{"id":248230,"date":"2026-01-16T10:05:35","date_gmt":"2026-01-16T08:05:35","guid":{"rendered":"https:\/\/www.budream.com\/shop\/horti-pot-sistema-hidroponico-dwc\/"},"modified":"2026-01-19T14:55:38","modified_gmt":"2026-01-19T12:55:38","slug":"horti-pot-sistema-hidroponico-dwc","status":"publish","type":"product","link":"https:\/\/www.budream.com\/es\/shop\/horti-pot-sistema-hidroponico-dwc\/","title":{"rendered":"HORTI-POT SISTEMA HIDROP\u00d3NICO DWC"},"content":{"rendered":"<p style=\"margin-bottom: 0.0001pt\"><span style=\"font-size: 10pt;font-family: Tahoma, sans-serif\">HORTI-POT es un sistema de cultivo en agua profunda o DWC. Este sistema permite un crecimiento r\u00e1pido ya que las ra\u00edces est\u00e1n constantemente en contacto con la soluci\u00f3n nutritiva oxigenada. Garantiza resultados espectaculares, crecimiento r\u00e1pido y altos rendimientos. Es econ\u00f3mico, f\u00e1cil de usar y puede utilizarse tanto para la producci\u00f3n como para el mantenimiento de plantas madre. <\/span><\/p>\n<p>Se suministra con:<br \/>&#8211; aireador<br \/>&#8211; conexiones<br \/>&#8211; piedra porosa<br \/>&#8211; bolsa de sustrato<br \/>&#8211; cubo de soluci\u00f3n volumen 25 litros<\/p>\n","protected":false},"excerpt":{"rendered":"<p>HORTI-POT es un sistema de cultivo en agua profunda o DWC. Este sistema permite un crecimiento r\u00e1pido ya que las<\/p>\n","protected":false},"featured_media":248221,"comment_status":"open","ping_status":"closed","template":"","meta":[],"product_brand":[],"product_cat":[7942],"product_tag":[],"class_list":{"0":"post-248230","1":"product","2":"type-product","3":"status-publish","4":"has-post-thumbnail","6":"product_cat-macetas-es","8":"first","9":"instock","10":"taxable","11":"shipping-taxable","12":"purchasable","13":"product-type-simple"},"aioseo_notices":[],"_links":{"self":[{"href":"https:\/\/www.budream.com\/es\/wp-json\/wp\/v2\/product\/248230","targetHints":{"allow":["GET"]}}],"collection":[{"href":"https:\/\/www.budream.com\/es\/wp-json\/wp\/v2\/product"}],"about":[{"href":"https:\/\/www.budream.com\/es\/wp-json\/wp\/v2\/types\/product"}],"replies":[{"embeddable":true,"href":"https:\/\/www.budream.com\/es\/wp-json\/wp\/v2\/comments?post=248230"}],"version-history":[{"count":0,"href":"https:\/\/www.budream.com\/es\/wp-json\/wp\/v2\/product\/248230\/revisions"}],"wp:featuredmedia":[{"embeddable":true,"href":"https:\/\/www.budream.com\/es\/wp-json\/wp\/v2\/media\/248221"}],"wp:attachment":[{"href":"https:\/\/www.budream.com\/es\/wp-json\/wp\/v2\/media?parent=248230"}],"wp:term":[{"taxonomy":"product_brand","embeddable":true,"href":"https:\/\/www.budream.com\/es\/wp-json\/wp\/v2\/product_brand?post=248230"},{"taxonomy":"product_cat","embeddable":true,"href":"https:\/\/www.budream.com\/es\/wp-json\/wp\/v2\/product_cat?post=248230"},{"taxonomy":"product_tag","embeddable":true,"href":"https:\/\/www.budream.com\/es\/wp-json\/wp\/v2\/product_tag?post=248230"}],"curies":[{"name":"wp","href":"https:\/\/api.w.org\/{rel}","templated":true}]}}