{"id":248919,"date":"2026-01-21T18:13:07","date_gmt":"2026-01-21T16:13:07","guid":{"rendered":"https:\/\/www.budream.com\/shop\/humboldt-seeds-company-jalea-de-menta-auto\/"},"modified":"2026-03-11T22:03:22","modified_gmt":"2026-03-11T20:03:22","slug":"humboldt-seeds-company-jalea-de-menta-auto","status":"publish","type":"product","link":"https:\/\/www.budream.com\/es\/shop\/humboldt-seeds-company-jalea-de-menta-auto\/","title":{"rendered":"HUMBOLDT SEEDS COMPANY &#8211; JALEA DE MENTA AUTO"},"content":{"rendered":"<div style=\"text-align: justify\">Presentamos las semillas Mint Jelly Auto, una variedad original de Humboldt Seed Company que revolucionar\u00e1 tu experiencia. Con una composici\u00f3n gen\u00e9tica predominantemente Indica con ruderalis, las semillas Mint Jelly Auto tienen un linaje gen\u00e9tico excepcional procedente de un cruce de Hella Jelly y Sour Apple Auto. Estas semillas ofrecen una gen\u00e9tica predominantemente Indica pero bien equilibrada.<\/div>\n<p><\/p>\n<h2><strong>Caracter\u00edsticas Mint Jelly Auto:<\/strong><\/h2>\n<ul style=\"list-style-type: disc\">\n<li><strong>G\u00e9nero:<\/strong> Autofloreciente feminizada<\/li>\n<li><strong>Genotipo:<\/strong> H\u00edbrido con predominancia Indica (Contiene gen\u00e9tica Ruderalis)<\/li>\n<li><strong>Gen\u00e9tica:<\/strong> Sour Apple Auto X Hella Jelly<\/li>\n<li><strong>D\u00edas:<\/strong> 70-80 d\u00edas<\/li>\n<\/ul>\n<p><\/p>\n<div style=\"text-align: justify\"><span style=\"font-size: 11pt\"><em><strong>ADVERTENCIA:<\/strong> Las semillas de c\u00e1\u00f1amo est\u00e1n excluidas de la noci\u00f3n legal de Cannabis, lo que significa que no deben considerarse una sustancia estupefaciente (L. 412 de 1974, Art. 1, p\u00e1rrafo 1, lett. B; Convenci\u00f3n \u00danica sobre Estupefacientes de Nueva York de 1961 y tabla II del Decreto Ministerial 27\/7\/1992). En Italia, el cultivo del c\u00e1\u00f1amo est\u00e1 prohibido (art\u00edculos 28 y 73 del Decreto Presidencial 309\/90) a menos que se obtenga una autorizaci\u00f3n especial (art\u00edculo 17 del Decreto Presidencial 309\/90). A falta de autorizaci\u00f3n, las semillas s\u00f3lo pueden utilizarse para otros fines (zoot\u00e9cnicos, recolecci\u00f3n, etc.). Las semillas se venden con la reserva de que no ser\u00e1n utilizadas por terceros en conflicto con la ley.<\/em><\/span><\/div>\n","protected":false},"excerpt":{"rendered":"<p>Presentamos las semillas Mint Jelly Auto, una variedad original de Humboldt Seed Company que revolucionar\u00e1 tu experiencia. Con una composici\u00f3n<\/p>\n","protected":false},"featured_media":181916,"comment_status":"open","ping_status":"closed","template":"","meta":[],"product_brand":[],"product_cat":[7953],"product_tag":[],"class_list":{"0":"post-248919","1":"product","2":"type-product","3":"status-publish","4":"has-post-thumbnail","6":"product_cat-seedshop-es","8":"first","9":"instock","10":"taxable","11":"shipping-taxable","12":"purchasable","13":"product-type-variable"},"aioseo_notices":[],"_links":{"self":[{"href":"https:\/\/www.budream.com\/es\/wp-json\/wp\/v2\/product\/248919","targetHints":{"allow":["GET"]}}],"collection":[{"href":"https:\/\/www.budream.com\/es\/wp-json\/wp\/v2\/product"}],"about":[{"href":"https:\/\/www.budream.com\/es\/wp-json\/wp\/v2\/types\/product"}],"replies":[{"embeddable":true,"href":"https:\/\/www.budream.com\/es\/wp-json\/wp\/v2\/comments?post=248919"}],"version-history":[{"count":0,"href":"https:\/\/www.budream.com\/es\/wp-json\/wp\/v2\/product\/248919\/revisions"}],"wp:featuredmedia":[{"embeddable":true,"href":"https:\/\/www.budream.com\/es\/wp-json\/wp\/v2\/media\/181916"}],"wp:attachment":[{"href":"https:\/\/www.budream.com\/es\/wp-json\/wp\/v2\/media?parent=248919"}],"wp:term":[{"taxonomy":"product_brand","embeddable":true,"href":"https:\/\/www.budream.com\/es\/wp-json\/wp\/v2\/product_brand?post=248919"},{"taxonomy":"product_cat","embeddable":true,"href":"https:\/\/www.budream.com\/es\/wp-json\/wp\/v2\/product_cat?post=248919"},{"taxonomy":"product_tag","embeddable":true,"href":"https:\/\/www.budream.com\/es\/wp-json\/wp\/v2\/product_tag?post=248919"}],"curies":[{"name":"wp","href":"https:\/\/api.w.org\/{rel}","templated":true}]}}