{"id":248959,"date":"2026-01-21T18:15:53","date_gmt":"2026-01-21T16:15:53","guid":{"rendered":"https:\/\/www.budream.com\/shop\/humboldt-seeds-company-pineapple-muffin-auto\/"},"modified":"2026-03-24T12:36:42","modified_gmt":"2026-03-24T10:36:42","slug":"humboldt-seeds-company-pineapple-muffin-auto","status":"publish","type":"product","link":"https:\/\/www.budream.com\/es\/shop\/humboldt-seeds-company-pineapple-muffin-auto\/","title":{"rendered":"HUMBOLDT SEEDS COMPANY &#8211; PINEAPPLE MUFFIN AUTO"},"content":{"rendered":"<div style=\"text-align: justify\">Del\u00e9itese con Pineapple Muffin, una versi\u00f3n autofloreciente de un cruce exclusivo realizado por Humboldt Seed Company (HSC). Esta variedad \u00fanica es el fruto de Pineapple Train Wreck, Sour Apple y Blueberry Muffin y ofrece las mejores cualidades de las plantas parentales.<\/div>\n<p><\/p>\n<h2><strong>Caracter\u00edsticas Pineapple Muffin Auto:<\/strong><\/h2>\n<ul style=\"list-style-type: disc\">\n<li><strong>G\u00e9nero:<\/strong> Autofloreciente feminizada<\/li>\n<li><strong>Genotipo:<\/strong> H\u00edbrido Indica\/Sativa (Contiene gen\u00e9tica Ruderalis)<\/li>\n<li><strong>Gen\u00e9tica:<\/strong> Blueberry Muffin X Pineapple Trainwreck X Sour Apple Auto<\/li>\n<li><strong>D\u00edas:<\/strong> 80-90 d\u00edas<\/li>\n<\/ul>\n<p><\/p>\n<div style=\"text-align: justify\"><span style=\"font-size: 11pt\"><em><strong>ADVERTENCIA:<\/strong> Las semillas de c\u00e1\u00f1amo est\u00e1n excluidas de la noci\u00f3n legal de Cannabis, lo que significa que no deben considerarse una sustancia estupefaciente (L. 412 de 1974, Art. 1, p\u00e1rrafo 1, lett. B; Convenci\u00f3n \u00danica sobre Estupefacientes de Nueva York de 1961 y tabla II del Decreto Ministerial 27\/7\/1992). En Italia, el cultivo del c\u00e1\u00f1amo est\u00e1 prohibido (art\u00edculos 28 y 73 del Decreto Presidencial 309\/90) a menos que se obtenga una autorizaci\u00f3n especial (art\u00edculo 17 del Decreto Presidencial 309\/90). A falta de autorizaci\u00f3n, las semillas s\u00f3lo pueden utilizarse para otros fines (zoot\u00e9cnicos, recolecci\u00f3n, etc.). Las semillas se venden con la reserva de que no ser\u00e1n utilizadas por terceros en conflicto con la ley.<\/em><\/span><\/div>\n","protected":false},"excerpt":{"rendered":"<p>Del\u00e9itese con Pineapple Muffin, una versi\u00f3n autofloreciente de un cruce exclusivo realizado por Humboldt Seed Company (HSC). Esta variedad \u00fanica<\/p>\n","protected":false},"featured_media":181986,"comment_status":"open","ping_status":"closed","template":"","meta":[],"product_brand":[],"product_cat":[7953],"product_tag":[],"class_list":{"0":"post-248959","1":"product","2":"type-product","3":"status-publish","4":"has-post-thumbnail","6":"product_cat-seedshop-es","8":"first","9":"instock","10":"taxable","11":"shipping-taxable","12":"purchasable","13":"product-type-variable"},"aioseo_notices":[],"_links":{"self":[{"href":"https:\/\/www.budream.com\/es\/wp-json\/wp\/v2\/product\/248959","targetHints":{"allow":["GET"]}}],"collection":[{"href":"https:\/\/www.budream.com\/es\/wp-json\/wp\/v2\/product"}],"about":[{"href":"https:\/\/www.budream.com\/es\/wp-json\/wp\/v2\/types\/product"}],"replies":[{"embeddable":true,"href":"https:\/\/www.budream.com\/es\/wp-json\/wp\/v2\/comments?post=248959"}],"version-history":[{"count":0,"href":"https:\/\/www.budream.com\/es\/wp-json\/wp\/v2\/product\/248959\/revisions"}],"wp:featuredmedia":[{"embeddable":true,"href":"https:\/\/www.budream.com\/es\/wp-json\/wp\/v2\/media\/181986"}],"wp:attachment":[{"href":"https:\/\/www.budream.com\/es\/wp-json\/wp\/v2\/media?parent=248959"}],"wp:term":[{"taxonomy":"product_brand","embeddable":true,"href":"https:\/\/www.budream.com\/es\/wp-json\/wp\/v2\/product_brand?post=248959"},{"taxonomy":"product_cat","embeddable":true,"href":"https:\/\/www.budream.com\/es\/wp-json\/wp\/v2\/product_cat?post=248959"},{"taxonomy":"product_tag","embeddable":true,"href":"https:\/\/www.budream.com\/es\/wp-json\/wp\/v2\/product_tag?post=248959"}],"curies":[{"name":"wp","href":"https:\/\/api.w.org\/{rel}","templated":true}]}}