{"id":249019,"date":"2026-01-21T18:20:01","date_gmt":"2026-01-21T16:20:01","guid":{"rendered":"https:\/\/www.budream.com\/shop\/humboldt-seeds-company-strawberry-cheesecake-auto\/"},"modified":"2026-03-19T16:01:17","modified_gmt":"2026-03-19T14:01:17","slug":"humboldt-seeds-company-strawberry-cheesecake-auto","status":"publish","type":"product","link":"https:\/\/www.budream.com\/es\/shop\/humboldt-seeds-company-strawberry-cheesecake-auto\/","title":{"rendered":"HUMBOLDT SEEDS COMPANY &#8211; STRAWBERRY CHEESECAKE AUTO"},"content":{"rendered":"<div style=\"text-align: justify\">\u00a1Ha llegado el momento de descubrir las delicias de las semillas Strawberry Cheesecake Auto! \u00c9stas presentan una impresionante mezcla gen\u00e9tica de las variedades originales GSC Forum y Purple Panty Dropper con Vanilla Latte Auto. Como resultado, este h\u00edbrido autofloreciente tiende hacia el lado Indica, con una composici\u00f3n de 70% Indica y 30% Sativa.<\/div>\n<p><\/p>\n<h2><strong>Caracter\u00edsticas Strawberry Cheesecake Auto:<\/strong><\/h2>\n<ul style=\"list-style-type: disc\">\n<li><strong>G\u00e9nero:<\/strong> Autofloreciente feminizada<\/li>\n<li><strong>Genotipo:<\/strong> H\u00edbrido 70% Indica \/ 30% Sativa (Contiene gen\u00e9tica Ruderalis)<\/li>\n<li><strong>Gen\u00e9tica:<\/strong> PPD X Strawberry Cheesecake X Vanilla Latte Auto<\/li>\n<li><strong>D\u00edas:<\/strong> 70-90 d\u00edas<\/li>\n<\/ul>\n<p><\/p>\n<div style=\"text-align: justify\"><span style=\"font-size: 11pt\"><em><strong>ADVERTENCIA:<\/strong> Las semillas de c\u00e1\u00f1amo est\u00e1n excluidas de la noci\u00f3n legal de Cannabis, lo que significa que no deben considerarse una sustancia estupefaciente (L. 412 de 1974, art. 1, p\u00e1rrafo 1, lett. B; Convenci\u00f3n \u00danica sobre Estupefacientes de Nueva York de 1961 y tabla II del Decreto Ministerial 27\/7\/1992). En Italia, el cultivo del c\u00e1\u00f1amo est\u00e1 prohibido (art\u00edculos 28 y 73 del Decreto Presidencial 309\/90) a menos que se obtenga una autorizaci\u00f3n especial (art\u00edculo 17 del Decreto Presidencial 309\/90). A falta de autorizaci\u00f3n, las semillas s\u00f3lo pueden utilizarse para otros fines (zoot\u00e9cnicos, recolecci\u00f3n, etc.). Las semillas se venden con la reserva de que no ser\u00e1n utilizadas por terceros en conflicto con la ley.<\/em><\/span><\/div>\n","protected":false},"excerpt":{"rendered":"<p>\u00a1Ha llegado el momento de descubrir las delicias de las semillas Strawberry Cheesecake Auto! \u00c9stas presentan una impresionante mezcla gen\u00e9tica<\/p>\n","protected":false},"featured_media":182111,"comment_status":"open","ping_status":"closed","template":"","meta":[],"product_brand":[],"product_cat":[7953],"product_tag":[],"class_list":{"0":"post-249019","1":"product","2":"type-product","3":"status-publish","4":"has-post-thumbnail","6":"product_cat-seedshop-es","8":"first","9":"instock","10":"taxable","11":"shipping-taxable","12":"purchasable","13":"product-type-variable"},"aioseo_notices":[],"_links":{"self":[{"href":"https:\/\/www.budream.com\/es\/wp-json\/wp\/v2\/product\/249019","targetHints":{"allow":["GET"]}}],"collection":[{"href":"https:\/\/www.budream.com\/es\/wp-json\/wp\/v2\/product"}],"about":[{"href":"https:\/\/www.budream.com\/es\/wp-json\/wp\/v2\/types\/product"}],"replies":[{"embeddable":true,"href":"https:\/\/www.budream.com\/es\/wp-json\/wp\/v2\/comments?post=249019"}],"version-history":[{"count":0,"href":"https:\/\/www.budream.com\/es\/wp-json\/wp\/v2\/product\/249019\/revisions"}],"wp:featuredmedia":[{"embeddable":true,"href":"https:\/\/www.budream.com\/es\/wp-json\/wp\/v2\/media\/182111"}],"wp:attachment":[{"href":"https:\/\/www.budream.com\/es\/wp-json\/wp\/v2\/media?parent=249019"}],"wp:term":[{"taxonomy":"product_brand","embeddable":true,"href":"https:\/\/www.budream.com\/es\/wp-json\/wp\/v2\/product_brand?post=249019"},{"taxonomy":"product_cat","embeddable":true,"href":"https:\/\/www.budream.com\/es\/wp-json\/wp\/v2\/product_cat?post=249019"},{"taxonomy":"product_tag","embeddable":true,"href":"https:\/\/www.budream.com\/es\/wp-json\/wp\/v2\/product_tag?post=249019"}],"curies":[{"name":"wp","href":"https:\/\/api.w.org\/{rel}","templated":true}]}}