{"id":249179,"date":"2026-01-21T18:31:28","date_gmt":"2026-01-21T16:31:28","guid":{"rendered":"https:\/\/www.budream.com\/shop\/humboldt-seeds-company-g-s-cookies-fem\/"},"modified":"2026-03-19T15:44:13","modified_gmt":"2026-03-19T13:44:13","slug":"humboldt-seeds-company-g-s-cookies-fem","status":"publish","type":"product","link":"https:\/\/www.budream.com\/es\/shop\/humboldt-seeds-company-g-s-cookies-fem\/","title":{"rendered":"HUMBOLDT SEEDS COMPANY &#8211; G.S. COOKIES FEM"},"content":{"rendered":"<div style=\"text-align: justify\">GS Cookies (tambi\u00e9n llamada GS Monster) es un cruce h\u00edbrido con dominancia \u00edndica de Purple Panty Dropper (PPD) y GS Cookies. Es similar a la GSC original (Girl Scout Cookies), la variedad h\u00edbrida que cre\u00f3 todo el g\u00e9nero gen\u00e9tico Cookies. La GSC fue creada originalmente por Cookies (la marca) en San Francisco, California, alrededor de 2010. Se convirti\u00f3 en un \u00e9xito instant\u00e1neo y se extendi\u00f3 por todo el mundo, convirti\u00e9ndose en el progenitor de muchas otras variedades populares como Thin Mint Cookies, Platinum Cookies y, por supuesto, Gelato. Desde entonces, muchas de las gen\u00e9ticas aut\u00e9nticas de GSC se han perdido, pero afortunadamente empresas como Humboldt Seed Company han criado y estabilizado su propia versi\u00f3n aut\u00e9ntica de esta leyenda del norte de California. Ah\u00ed es donde entra GS Cookies\/GS Monster. Seg\u00fan el fundador de Humboldt Seed Company, Nat Pennington, GS Cookies se estabiliz\u00f3 con una Forum Cut Cookies, creada a partir del esqueje F1 de Durban Poison cruzada con OG Kush.<\/div>\n<p><\/p>\n<h2><strong>Caracter\u00edsticas G.S. Cookies Fem:<\/strong><\/h2>\n<ul style=\"list-style-type: disc\">\n<li><strong>G\u00e9nero:<\/strong> Feminizada<\/li>\n<li><strong>Genotipo:<\/strong> H\u00edbrido con dominancia Indica<\/li>\n<li><strong>Gen\u00e9tica:<\/strong> PPD x G.S. Cookies<\/li>\n<li><strong>D\u00edas:<\/strong> 55 d\u00edas<\/li>\n<\/ul>\n<p><\/p>\n<div style=\"text-align: justify\"><span style=\"font-size: 11pt\"><em><strong>ADVERTENCIA:<\/strong> Las semillas de c\u00e1\u00f1amo est\u00e1n excluidas de la noci\u00f3n legal de Cannabis, lo que significa que no deben considerarse una sustancia estupefaciente (L. 412 de 1974, art. 1, coma 1, lett. B; Convenci\u00f3n \u00danica sobre Estupefacientes de Nueva York de 1961 y tabla II del decreto ministerial 27\/7\/1992). En Italia, el cultivo del c\u00e1\u00f1amo est\u00e1 prohibido (art\u00edculos 28 y 73 del Decreto Presidencial 309\/90) a menos que se obtenga una autorizaci\u00f3n especial (art\u00edculo 17 del Decreto Presidencial 309\/90). A falta de autorizaci\u00f3n, las semillas s\u00f3lo pueden utilizarse para otros fines (zoot\u00e9cnicos, recolecci\u00f3n, etc.). Las semillas se venden con la reserva de que no sean utilizadas por terceros en conflicto con la ley.<\/em><\/span><\/div>\n","protected":false},"excerpt":{"rendered":"<p>GS Cookies (tambi\u00e9n llamada GS Monster) es un cruce h\u00edbrido con dominancia \u00edndica de Purple Panty Dropper (PPD) y GS<\/p>\n","protected":false},"featured_media":182389,"comment_status":"open","ping_status":"closed","template":"","meta":[],"product_brand":[],"product_cat":[7953],"product_tag":[],"class_list":{"0":"post-249179","1":"product","2":"type-product","3":"status-publish","4":"has-post-thumbnail","6":"product_cat-seedshop-es","8":"first","9":"instock","10":"taxable","11":"shipping-taxable","12":"purchasable","13":"product-type-variable"},"aioseo_notices":[],"_links":{"self":[{"href":"https:\/\/www.budream.com\/es\/wp-json\/wp\/v2\/product\/249179","targetHints":{"allow":["GET"]}}],"collection":[{"href":"https:\/\/www.budream.com\/es\/wp-json\/wp\/v2\/product"}],"about":[{"href":"https:\/\/www.budream.com\/es\/wp-json\/wp\/v2\/types\/product"}],"replies":[{"embeddable":true,"href":"https:\/\/www.budream.com\/es\/wp-json\/wp\/v2\/comments?post=249179"}],"version-history":[{"count":0,"href":"https:\/\/www.budream.com\/es\/wp-json\/wp\/v2\/product\/249179\/revisions"}],"wp:featuredmedia":[{"embeddable":true,"href":"https:\/\/www.budream.com\/es\/wp-json\/wp\/v2\/media\/182389"}],"wp:attachment":[{"href":"https:\/\/www.budream.com\/es\/wp-json\/wp\/v2\/media?parent=249179"}],"wp:term":[{"taxonomy":"product_brand","embeddable":true,"href":"https:\/\/www.budream.com\/es\/wp-json\/wp\/v2\/product_brand?post=249179"},{"taxonomy":"product_cat","embeddable":true,"href":"https:\/\/www.budream.com\/es\/wp-json\/wp\/v2\/product_cat?post=249179"},{"taxonomy":"product_tag","embeddable":true,"href":"https:\/\/www.budream.com\/es\/wp-json\/wp\/v2\/product_tag?post=249179"}],"curies":[{"name":"wp","href":"https:\/\/api.w.org\/{rel}","templated":true}]}}