{"id":249219,"date":"2026-01-21T18:34:19","date_gmt":"2026-01-21T16:34:19","guid":{"rendered":"https:\/\/www.budream.com\/shop\/humboldt-seeds-company-hella-jelly-fem\/"},"modified":"2026-03-19T15:49:37","modified_gmt":"2026-03-19T13:49:37","slug":"humboldt-seeds-company-hella-jelly-fem","status":"publish","type":"product","link":"https:\/\/www.budream.com\/es\/shop\/humboldt-seeds-company-hella-jelly-fem\/","title":{"rendered":"HUMBOLDT SEEDS COMPANY &#8211; HELLA JELLY FEM"},"content":{"rendered":"<div style=\"text-align: justify\">Dos de las semillas m\u00e1s famosas de Humboldt Seed Company, Very Cherry y Notorious T.H.C., condujeron a la creaci\u00f3n de las semillas Hella Jelly (antes conocidas como Jelly Rancher), que ganaron la Mega Caza de Fenotipos en 2019. El cruce cre\u00f3 una gen\u00e9tica de dominancia Sativa con algunas caracter\u00edsticas Indica.<\/div>\n<p><\/p>\n<h2><strong>Caracter\u00edsticas Hella Jelly Fem:<\/strong><\/h2>\n<ul style=\"list-style-type: disc\">\n<li><strong>G\u00e9nero:<\/strong> Feminizada<\/li>\n<li><strong>Genotipo:<\/strong> H\u00edbrido con sativa dominante<\/li>\n<li><strong>Gen\u00e9tica:<\/strong> Notorious THC X Very Cherry<\/li>\n<li><strong>D\u00edas:<\/strong> 45 d\u00edas<\/li>\n<\/ul>\n<p><\/p>\n<div style=\"text-align: justify\"><span style=\"font-size: 11pt\"><em><strong>ADVERTENCIA:<\/strong> Las semillas de c\u00e1\u00f1amo est\u00e1n excluidas de la noci\u00f3n legal de Cannabis, lo que significa que no deben considerarse una sustancia estupefaciente (L. 412 de 1974, Art. 1, p\u00e1rrafo 1, lett. B; Convenci\u00f3n \u00danica sobre Estupefacientes de Nueva York de 1961 y tabla II del Decreto Ministerial 27\/7\/1992). En Italia, el cultivo del c\u00e1\u00f1amo est\u00e1 prohibido (art\u00edculos 28 y 73 del Decreto Presidencial 309\/90) a menos que se obtenga una autorizaci\u00f3n especial (art\u00edculo 17 del Decreto Presidencial 309\/90). A falta de autorizaci\u00f3n, las semillas s\u00f3lo pueden utilizarse para otros fines (zoot\u00e9cnicos, recolecci\u00f3n, etc.). Las semillas se venden con la reserva de que no sean utilizadas por terceros en conflicto con la ley.<\/em><\/span><\/div>\n","protected":false},"excerpt":{"rendered":"<p>Dos de las semillas m\u00e1s famosas de Humboldt Seed Company, Very Cherry y Notorious T.H.C., condujeron a la creaci\u00f3n de<\/p>\n","protected":false},"featured_media":182459,"comment_status":"open","ping_status":"closed","template":"","meta":[],"product_brand":[],"product_cat":[7953],"product_tag":[],"class_list":{"0":"post-249219","1":"product","2":"type-product","3":"status-publish","4":"has-post-thumbnail","6":"product_cat-seedshop-es","8":"first","9":"instock","10":"taxable","11":"shipping-taxable","12":"purchasable","13":"product-type-variable"},"aioseo_notices":[],"_links":{"self":[{"href":"https:\/\/www.budream.com\/es\/wp-json\/wp\/v2\/product\/249219","targetHints":{"allow":["GET"]}}],"collection":[{"href":"https:\/\/www.budream.com\/es\/wp-json\/wp\/v2\/product"}],"about":[{"href":"https:\/\/www.budream.com\/es\/wp-json\/wp\/v2\/types\/product"}],"replies":[{"embeddable":true,"href":"https:\/\/www.budream.com\/es\/wp-json\/wp\/v2\/comments?post=249219"}],"version-history":[{"count":0,"href":"https:\/\/www.budream.com\/es\/wp-json\/wp\/v2\/product\/249219\/revisions"}],"wp:featuredmedia":[{"embeddable":true,"href":"https:\/\/www.budream.com\/es\/wp-json\/wp\/v2\/media\/182459"}],"wp:attachment":[{"href":"https:\/\/www.budream.com\/es\/wp-json\/wp\/v2\/media?parent=249219"}],"wp:term":[{"taxonomy":"product_brand","embeddable":true,"href":"https:\/\/www.budream.com\/es\/wp-json\/wp\/v2\/product_brand?post=249219"},{"taxonomy":"product_cat","embeddable":true,"href":"https:\/\/www.budream.com\/es\/wp-json\/wp\/v2\/product_cat?post=249219"},{"taxonomy":"product_tag","embeddable":true,"href":"https:\/\/www.budream.com\/es\/wp-json\/wp\/v2\/product_tag?post=249219"}],"curies":[{"name":"wp","href":"https:\/\/api.w.org\/{rel}","templated":true}]}}