{"id":249419,"date":"2026-01-21T18:48:16","date_gmt":"2026-01-21T16:48:16","guid":{"rendered":"https:\/\/www.budream.com\/shop\/humboldt-seeds-company-don-carlos-fem\/"},"modified":"2026-04-02T12:11:58","modified_gmt":"2026-04-02T10:11:58","slug":"humboldt-seeds-company-don-carlos-fem","status":"publish","type":"product","link":"https:\/\/www.budream.com\/es\/shop\/humboldt-seeds-company-don-carlos-fem\/","title":{"rendered":"HUMBOLDT SEEDS COMPANY &#8211; DON CARLOS FEM"},"content":{"rendered":"<div style=\"text-align: justify\">El nombre Don Carlos significa vibraciones Irie para los fans del reggae de todo el mundo. Nuestra &#8216;Don Carlos&#8217; te traer\u00e1 esas vibraciones mientras disfrutas de esta cepa creada especialmente para la mundialmente famosa estrella del reggae. Hemos probado m\u00e1s de 70 cruces antes de elegir la variedad &#8216;Don Carlos&#8217;.<\/div>\n<p><\/p>\n<h2><strong>Caracter\u00edsticas Don Carlos Fem:<\/strong><\/h2>\n<ul style=\"list-style-type: disc\">\n<li><strong>G\u00e9nero:<\/strong> Feminizada<\/li>\n<li>Genotipo<strong>:<\/strong> H\u00edbrido 65% Indica 35% Sativa<\/li>\n<li><strong>Gen\u00e9tica<\/strong>: Blackberry OG x Humboldt Sour Diesel<\/li>\n<li>D\u00edas<strong>:<\/strong> 55 d\u00edas<\/li>\n<\/ul>\n<p><\/p>\n<div style=\"text-align: justify\"><span style=\"font-size: 11pt\"><em><strong>ADVERTENCIA:<\/strong> Las semillas de c\u00e1\u00f1amo est\u00e1n excluidas de la noci\u00f3n legal de Cannabis, lo que significa que no deben considerarse una sustancia estupefaciente (L. 412 de 1974, art. 1, p\u00e1rrafo 1, lett. B; Convenci\u00f3n \u00danica sobre Estupefacientes de Nueva York de 1961 y tabla II del Decreto Ministerial 27\/7\/1992). En Italia, el cultivo del c\u00e1\u00f1amo est\u00e1 prohibido (art\u00edculos 28 y 73 del Decreto Presidencial 309\/90) a menos que se obtenga una autorizaci\u00f3n especial (art\u00edculo 17 del Decreto Presidencial 309\/90). A falta de autorizaci\u00f3n, las semillas s\u00f3lo pueden utilizarse para otros fines (zoot\u00e9cnicos, recolecci\u00f3n, etc.). Las semillas se venden con la reserva de que no sean utilizadas por terceros en conflicto con la ley.<\/em><\/span><\/div>\n","protected":false},"excerpt":{"rendered":"<p>El nombre Don Carlos significa vibraciones Irie para los fans del reggae de todo el mundo. Nuestra &#8216;Don Carlos&#8217; te<\/p>\n","protected":false},"featured_media":184410,"comment_status":"open","ping_status":"closed","template":"","meta":[],"product_brand":[],"product_cat":[7953],"product_tag":[],"class_list":{"0":"post-249419","1":"product","2":"type-product","3":"status-publish","4":"has-post-thumbnail","6":"product_cat-seedshop-es","8":"first","9":"instock","10":"taxable","11":"shipping-taxable","12":"purchasable","13":"product-type-variable"},"aioseo_notices":[],"_links":{"self":[{"href":"https:\/\/www.budream.com\/es\/wp-json\/wp\/v2\/product\/249419","targetHints":{"allow":["GET"]}}],"collection":[{"href":"https:\/\/www.budream.com\/es\/wp-json\/wp\/v2\/product"}],"about":[{"href":"https:\/\/www.budream.com\/es\/wp-json\/wp\/v2\/types\/product"}],"replies":[{"embeddable":true,"href":"https:\/\/www.budream.com\/es\/wp-json\/wp\/v2\/comments?post=249419"}],"version-history":[{"count":1,"href":"https:\/\/www.budream.com\/es\/wp-json\/wp\/v2\/product\/249419\/revisions"}],"predecessor-version":[{"id":262144,"href":"https:\/\/www.budream.com\/es\/wp-json\/wp\/v2\/product\/249419\/revisions\/262144"}],"wp:featuredmedia":[{"embeddable":true,"href":"https:\/\/www.budream.com\/es\/wp-json\/wp\/v2\/media\/184410"}],"wp:attachment":[{"href":"https:\/\/www.budream.com\/es\/wp-json\/wp\/v2\/media?parent=249419"}],"wp:term":[{"taxonomy":"product_brand","embeddable":true,"href":"https:\/\/www.budream.com\/es\/wp-json\/wp\/v2\/product_brand?post=249419"},{"taxonomy":"product_cat","embeddable":true,"href":"https:\/\/www.budream.com\/es\/wp-json\/wp\/v2\/product_cat?post=249419"},{"taxonomy":"product_tag","embeddable":true,"href":"https:\/\/www.budream.com\/es\/wp-json\/wp\/v2\/product_tag?post=249419"}],"curies":[{"name":"wp","href":"https:\/\/api.w.org\/{rel}","templated":true}]}}