{"id":249599,"date":"2026-01-21T19:01:00","date_gmt":"2026-01-21T17:01:00","guid":{"rendered":"https:\/\/www.budream.com\/shop\/humboldt-seeds-company-platano-melt-fem\/"},"modified":"2026-03-19T15:25:38","modified_gmt":"2026-03-19T13:25:38","slug":"humboldt-seeds-company-platano-melt-fem","status":"publish","type":"product","link":"https:\/\/www.budream.com\/es\/shop\/humboldt-seeds-company-platano-melt-fem\/","title":{"rendered":"HUMBOLDT SEEDS COMPANY &#8211; PL\u00c1TANO MELT FEM"},"content":{"rendered":"<div style=\"text-align: justify\">\u00bfBuscas una variedad de semillas vigorosa de dominancia Sativa con un toque tropical? \u00a1Descubre las semillas Banana Melt de Humboldt Seed Company! Estas semillas h\u00edbridas feminizadas ofrecen una experiencia incre\u00edble y altamente estimulante.<\/div>\n<p><\/p>\n<h2><strong>Caracter\u00edsticas Banana Melt Fem:<\/strong><\/h2>\n<ul style=\"list-style-type: disc\">\n<li><strong>G\u00e9nero:<\/strong> Feminizada<\/li>\n<li><strong>Genotipo:<\/strong> H\u00edbrido sativa dominante<\/li>\n<li><strong>Gen\u00e9tica:<\/strong> Banana Melt Bx3, Squirt &amp; Blue Dream<\/li>\n<li>D\u00edas<strong>:<\/strong> 63 d\u00edas<\/li>\n<\/ul>\n<p><\/p>\n<div style=\"text-align: justify\"><span style=\"font-size: 11pt\"><em><strong>ATENCI\u00d3N:<\/strong> Las semillas de c\u00e1\u00f1amo est\u00e1n excluidas de la noci\u00f3n legal de Cannabis, lo que significa que no deben considerarse una sustancia estupefaciente (Ley 412 de 1974, Art. 1, p\u00e1rrafo 1, lett. B; Convenci\u00f3n \u00danica sobre Estupefacientes de Nueva York de 1961 y tabla II del Decreto Ministerial 27\/7\/1992). En Italia, el cultivo del c\u00e1\u00f1amo est\u00e1 prohibido (art\u00edculos 28 y 73 del Decreto Presidencial 309\/90) a menos que se obtenga una autorizaci\u00f3n especial (art\u00edculo 17 del Decreto Presidencial 309\/90). A falta de autorizaci\u00f3n, las semillas s\u00f3lo pueden utilizarse para otros fines (zoot\u00e9cnicos, recolecci\u00f3n, etc.). Las semillas se venden con la reserva de que no sean utilizadas por terceros en conflicto con la ley.<\/em><\/span><\/div>\n","protected":false},"excerpt":{"rendered":"<p>\u00bfBuscas una variedad de semillas vigorosa de dominancia Sativa con un toque tropical? \u00a1Descubre las semillas Banana Melt de Humboldt<\/p>\n","protected":false},"featured_media":187605,"comment_status":"open","ping_status":"closed","template":"","meta":[],"product_brand":[],"product_cat":[7953],"product_tag":[],"class_list":{"0":"post-249599","1":"product","2":"type-product","3":"status-publish","4":"has-post-thumbnail","6":"product_cat-seedshop-es","8":"first","9":"instock","10":"taxable","11":"shipping-taxable","12":"purchasable","13":"product-type-variable"},"aioseo_notices":[],"_links":{"self":[{"href":"https:\/\/www.budream.com\/es\/wp-json\/wp\/v2\/product\/249599","targetHints":{"allow":["GET"]}}],"collection":[{"href":"https:\/\/www.budream.com\/es\/wp-json\/wp\/v2\/product"}],"about":[{"href":"https:\/\/www.budream.com\/es\/wp-json\/wp\/v2\/types\/product"}],"replies":[{"embeddable":true,"href":"https:\/\/www.budream.com\/es\/wp-json\/wp\/v2\/comments?post=249599"}],"version-history":[{"count":1,"href":"https:\/\/www.budream.com\/es\/wp-json\/wp\/v2\/product\/249599\/revisions"}],"predecessor-version":[{"id":256200,"href":"https:\/\/www.budream.com\/es\/wp-json\/wp\/v2\/product\/249599\/revisions\/256200"}],"wp:featuredmedia":[{"embeddable":true,"href":"https:\/\/www.budream.com\/es\/wp-json\/wp\/v2\/media\/187605"}],"wp:attachment":[{"href":"https:\/\/www.budream.com\/es\/wp-json\/wp\/v2\/media?parent=249599"}],"wp:term":[{"taxonomy":"product_brand","embeddable":true,"href":"https:\/\/www.budream.com\/es\/wp-json\/wp\/v2\/product_brand?post=249599"},{"taxonomy":"product_cat","embeddable":true,"href":"https:\/\/www.budream.com\/es\/wp-json\/wp\/v2\/product_cat?post=249599"},{"taxonomy":"product_tag","embeddable":true,"href":"https:\/\/www.budream.com\/es\/wp-json\/wp\/v2\/product_tag?post=249599"}],"curies":[{"name":"wp","href":"https:\/\/api.w.org\/{rel}","templated":true}]}}