{"id":251728,"date":"2026-02-17T17:00:46","date_gmt":"2026-02-17T15:00:46","guid":{"rendered":"https:\/\/www.budream.com\/shop\/mephisto-genetics-24-carat-auto-fem-32-semillas\/"},"modified":"2026-03-30T21:55:40","modified_gmt":"2026-03-30T19:55:40","slug":"mephisto-genetics-24-carat-auto-fem-32-semillas","status":"publish","type":"product","link":"https:\/\/www.budream.com\/es\/shop\/mephisto-genetics-24-carat-auto-fem-32-semillas\/","title":{"rendered":"MEPHISTO GENETICS &#8211; 24 CARAT AUTO FEM | 3+2 SEMILLAS"},"content":{"rendered":"<div style=\"text-align: justify\">Nuestra autom\u00e1tica m\u00e1s afgana, <strong data-start=\"120\" data-end=\"132\">24 Carat<\/strong>, ocupa un lugar especial en nuestros corazones porque fue el primer producto completado por Mephisto Genetics.<\/div>\n<p><\/p>\n<h2><strong>Caracter\u00edsticas 24 Carat Auto Fem Mephisto Genetics:<\/strong><\/h2>\n<ul style=\"list-style-type: disc\">\n<li><strong>G\u00e9nero:<\/strong> H\u00edbrido F7 Feminizado Autofloreciente<\/li>\n<li><strong>Genotipo:<\/strong> Indica: 100% \/ Sativa: 0%<\/li>\n<li><strong>Gen\u00e9tica:<\/strong> Sour Boggle (BOG Seeds) x Breeding Auto Purple Indica<\/li>\n<li><strong>D\u00edas:<\/strong> 65-75 d\u00edas<\/li>\n<\/ul>\n<p><\/p>\n<div style=\"text-align: justify\"><span style=\"font-size: 11pt\"><em><strong>ADVERTENCIA:<\/strong> Las semillas de c\u00e1\u00f1amo est\u00e1n excluidas de la noci\u00f3n legal de Cannabis, lo que significa que no deben considerarse una sustancia estupefaciente (L. 412 de 1974, art. 1, p\u00e1rrafo 1, lett. B; Convenci\u00f3n \u00danica sobre Estupefacientes de Nueva York de 1961 y tabla II del Decreto Ministerial 27\/7\/1992). En Italia, el cultivo del c\u00e1\u00f1amo est\u00e1 prohibido (art\u00edculos 28 y 73 del Decreto Presidencial 309\/90) a menos que se obtenga una autorizaci\u00f3n especial (art\u00edculo 17 del Decreto Presidencial 309\/90). A falta de autorizaci\u00f3n, las semillas s\u00f3lo pueden utilizarse para otros fines (zoot\u00e9cnicos, recolecci\u00f3n, etc.). Las semillas se venden con la reserva de que no sean utilizadas por terceros en conflicto con la ley.<\/em><\/span><\/div>\n","protected":false},"excerpt":{"rendered":"<p>Nuestra autom\u00e1tica m\u00e1s afgana, 24 Carat, ocupa un lugar especial en nuestros corazones porque fue el primer producto completado por<\/p>\n","protected":false},"featured_media":251719,"comment_status":"open","ping_status":"closed","template":"","meta":[],"product_brand":[],"product_cat":[7953],"product_tag":[],"class_list":{"0":"post-251728","1":"product","2":"type-product","3":"status-publish","4":"has-post-thumbnail","6":"product_cat-seedshop-es","8":"first","9":"instock","10":"taxable","11":"shipping-taxable","12":"purchasable","13":"product-type-simple"},"aioseo_notices":[],"_links":{"self":[{"href":"https:\/\/www.budream.com\/es\/wp-json\/wp\/v2\/product\/251728","targetHints":{"allow":["GET"]}}],"collection":[{"href":"https:\/\/www.budream.com\/es\/wp-json\/wp\/v2\/product"}],"about":[{"href":"https:\/\/www.budream.com\/es\/wp-json\/wp\/v2\/types\/product"}],"replies":[{"embeddable":true,"href":"https:\/\/www.budream.com\/es\/wp-json\/wp\/v2\/comments?post=251728"}],"version-history":[{"count":0,"href":"https:\/\/www.budream.com\/es\/wp-json\/wp\/v2\/product\/251728\/revisions"}],"wp:featuredmedia":[{"embeddable":true,"href":"https:\/\/www.budream.com\/es\/wp-json\/wp\/v2\/media\/251719"}],"wp:attachment":[{"href":"https:\/\/www.budream.com\/es\/wp-json\/wp\/v2\/media?parent=251728"}],"wp:term":[{"taxonomy":"product_brand","embeddable":true,"href":"https:\/\/www.budream.com\/es\/wp-json\/wp\/v2\/product_brand?post=251728"},{"taxonomy":"product_cat","embeddable":true,"href":"https:\/\/www.budream.com\/es\/wp-json\/wp\/v2\/product_cat?post=251728"},{"taxonomy":"product_tag","embeddable":true,"href":"https:\/\/www.budream.com\/es\/wp-json\/wp\/v2\/product_tag?post=251728"}],"curies":[{"name":"wp","href":"https:\/\/api.w.org\/{rel}","templated":true}]}}