{"id":251788,"date":"2026-02-17T17:03:27","date_gmt":"2026-02-17T15:03:27","guid":{"rendered":"https:\/\/www.budream.com\/shop\/mephisto-genetics-creme-de-la-chem-auto-fem-32-semillas\/"},"modified":"2026-03-30T22:01:53","modified_gmt":"2026-03-30T20:01:53","slug":"mephisto-genetics-creme-de-la-chem-auto-fem-32-semillas","status":"publish","type":"product","link":"https:\/\/www.budream.com\/es\/shop\/mephisto-genetics-creme-de-la-chem-auto-fem-32-semillas\/","title":{"rendered":"MEPHISTO GENETICS &#8211; CREME DE LA CHEM AUTO FEM | 3+2 SEMILLAS"},"content":{"rendered":"<div style=\"text-align: justify\">ChemDogging se lanz\u00f3 a principios de 2015 como una de nuestras Mephisto Originals y ha seguido siendo una de nuestras favoritas en su forma pura, pero conoci\u00e9ndonos, \u00a1ten\u00edamos que usarla como base para crear unas nuevas autom\u00e1ticas! Desde el principio, cuando est\u00e1bamos planeando el proyecto, quer\u00edamos cruzar de nuevo con una fotoperi\u00f3dica de calidad excepcional con una l\u00ednea gen\u00e9tica compartida. Despu\u00e9s de algunas pruebas y tribulaciones en la b\u00fasqueda, las estrellas se alinearon y nos encontramos con una selecci\u00f3n de Stardawg de Top Dawg Seeds.<\/div>\n<p><\/p>\n<h2><strong>Caracter\u00edsticas Creme de la Chem Auto Fem Mephisto Genetics:<\/strong><\/h2>\n<ul style=\"list-style-type: disc\">\n<li><strong>G\u00e9nero:<\/strong> F5 H\u00edbrido Autofloreciente Feminizado<\/li>\n<li><strong>Genotipo:<\/strong> Indica: 70% \/ Sativa: 30%<\/li>\n<li><strong>Gen\u00e9tica:<\/strong> Stardowg Illuminati Cut x Chemdogging<\/li>\n<li><strong>D\u00edas:<\/strong> 70-80 d\u00edas<\/li>\n<\/ul>\n<p><\/p>\n<div style=\"text-align: justify\"><span style=\"font-size: 11pt\"><em><strong>ADVERTENCIA:<\/strong> Las semillas de c\u00e1\u00f1amo est\u00e1n excluidas de la noci\u00f3n legal de Cannabis, lo que significa que no deben considerarse una sustancia estupefaciente (L. 412 de 1974, art. 1, p\u00e1rrafo 1, lett. B; Convenci\u00f3n \u00danica sobre Estupefacientes de Nueva York de 1961 y tabla II del Decreto Ministerial 27\/7\/1992). En Italia, el cultivo del c\u00e1\u00f1amo est\u00e1 prohibido (art\u00edculos 28 y 73 del Decreto Presidencial 309\/90) a menos que se obtenga una autorizaci\u00f3n especial (art\u00edculo 17 del Decreto Presidencial 309\/90). A falta de autorizaci\u00f3n, las semillas s\u00f3lo pueden utilizarse para otros fines (zoot\u00e9cnicos, recolecci\u00f3n, etc.). Las semillas se venden con la reserva de que no ser\u00e1n utilizadas por terceros en conflicto con la ley.<\/em><\/span><\/div>\n","protected":false},"excerpt":{"rendered":"<p>ChemDogging se lanz\u00f3 a principios de 2015 como una de nuestras Mephisto Originals y ha seguido siendo una de nuestras<\/p>\n","protected":false},"featured_media":251779,"comment_status":"open","ping_status":"closed","template":"","meta":[],"product_brand":[],"product_cat":[7953],"product_tag":[],"class_list":{"0":"post-251788","1":"product","2":"type-product","3":"status-publish","4":"has-post-thumbnail","6":"product_cat-seedshop-es","8":"first","9":"instock","10":"taxable","11":"shipping-taxable","12":"purchasable","13":"product-type-simple"},"aioseo_notices":[],"_links":{"self":[{"href":"https:\/\/www.budream.com\/es\/wp-json\/wp\/v2\/product\/251788","targetHints":{"allow":["GET"]}}],"collection":[{"href":"https:\/\/www.budream.com\/es\/wp-json\/wp\/v2\/product"}],"about":[{"href":"https:\/\/www.budream.com\/es\/wp-json\/wp\/v2\/types\/product"}],"replies":[{"embeddable":true,"href":"https:\/\/www.budream.com\/es\/wp-json\/wp\/v2\/comments?post=251788"}],"version-history":[{"count":0,"href":"https:\/\/www.budream.com\/es\/wp-json\/wp\/v2\/product\/251788\/revisions"}],"wp:featuredmedia":[{"embeddable":true,"href":"https:\/\/www.budream.com\/es\/wp-json\/wp\/v2\/media\/251779"}],"wp:attachment":[{"href":"https:\/\/www.budream.com\/es\/wp-json\/wp\/v2\/media?parent=251788"}],"wp:term":[{"taxonomy":"product_brand","embeddable":true,"href":"https:\/\/www.budream.com\/es\/wp-json\/wp\/v2\/product_brand?post=251788"},{"taxonomy":"product_cat","embeddable":true,"href":"https:\/\/www.budream.com\/es\/wp-json\/wp\/v2\/product_cat?post=251788"},{"taxonomy":"product_tag","embeddable":true,"href":"https:\/\/www.budream.com\/es\/wp-json\/wp\/v2\/product_tag?post=251788"}],"curies":[{"name":"wp","href":"https:\/\/api.w.org\/{rel}","templated":true}]}}