{"id":251848,"date":"2026-02-17T17:06:08","date_gmt":"2026-02-17T15:06:08","guid":{"rendered":"https:\/\/www.budream.com\/shop\/mephisto-genetics-sundae-thumper-auto-fem-32-semillas\/"},"modified":"2026-03-30T22:05:59","modified_gmt":"2026-03-30T20:05:59","slug":"mephisto-genetics-sundae-thumper-auto-fem-32-semillas","status":"publish","type":"product","link":"https:\/\/www.budream.com\/es\/shop\/mephisto-genetics-sundae-thumper-auto-fem-32-semillas\/","title":{"rendered":"MEPHISTO GENETICS &#8211; SUNDAE THUMPER AUTO FEM | 3+2 SEMILLAS"},"content":{"rendered":"<div style=\"text-align: justify\">Nuestra segunda incursi\u00f3n en el mundo de la gen\u00e9tica Gelato. Despues de la primera Iced &#8216;n&#8217; Baked (Gelato #41) aqui esta el cruce de Gelato #45 (AKA Michael Jordan), un fenotipo menos comun de Gelato, con Forum Stomper.<\/div>\n<p><\/p>\n<h2><strong>Caracter\u00edsticas Sundae Thumper Auto Fem Mephisto Genetics:<\/strong><\/h2>\n<ul style=\"list-style-type: disc\">\n<li><strong>G\u00e9nero:<\/strong> H\u00edbrido F4 Feminizado Autofloreciente<\/li>\n<li><strong>Genotipo:<\/strong> Indica: 50% \/ Sativa: 50%<\/li>\n<li><strong>Gen\u00e9tica:<\/strong> Ice Cream #45 (AKA Micheal Jordan) (Sunset Sherbet x Think Mint Cookies) x Forum Stomper<\/li>\n<li>D\u00edas<strong>:<\/strong> 75-85 d\u00edas<\/li>\n<\/ul>\n<p><\/p>\n<div style=\"text-align: justify\"><span style=\"font-size: 11pt\"><em><strong>ADVERTENCIA:<\/strong> Las semillas de c\u00e1\u00f1amo est\u00e1n excluidas de la noci\u00f3n legal de Cannabis, lo que significa que no deben considerarse una sustancia estupefaciente (L. 412 de 1974, art. 1, coma 1, lett. B; Convenci\u00f3n \u00danica sobre Estupefacientes de Nueva York de 1961 y tabla II del decreto ministerial de 27\/7\/1992). En Italia, el cultivo del c\u00e1\u00f1amo est\u00e1 prohibido (art\u00edculos 28 y 73 del Decreto Presidencial 309\/90) a menos que se obtenga una autorizaci\u00f3n especial (art\u00edculo 17 del Decreto Presidencial 309\/90). A falta de autorizaci\u00f3n, las semillas s\u00f3lo pueden utilizarse para otros fines (zoot\u00e9cnicos, recolecci\u00f3n, etc.). Las semillas se venden con la reserva de que no ser\u00e1n utilizadas por terceros en conflicto con la ley.<\/em><\/span><\/div>\n","protected":false},"excerpt":{"rendered":"<p>Nuestra segunda incursi\u00f3n en el mundo de la gen\u00e9tica Gelato. Despues de la primera Iced &#8216;n&#8217; Baked (Gelato #41) aqui<\/p>\n","protected":false},"featured_media":251839,"comment_status":"open","ping_status":"closed","template":"","meta":[],"product_brand":[],"product_cat":[7953],"product_tag":[],"class_list":{"0":"post-251848","1":"product","2":"type-product","3":"status-publish","4":"has-post-thumbnail","6":"product_cat-seedshop-es","8":"first","9":"instock","10":"taxable","11":"shipping-taxable","12":"purchasable","13":"product-type-simple"},"aioseo_notices":[],"_links":{"self":[{"href":"https:\/\/www.budream.com\/es\/wp-json\/wp\/v2\/product\/251848","targetHints":{"allow":["GET"]}}],"collection":[{"href":"https:\/\/www.budream.com\/es\/wp-json\/wp\/v2\/product"}],"about":[{"href":"https:\/\/www.budream.com\/es\/wp-json\/wp\/v2\/types\/product"}],"replies":[{"embeddable":true,"href":"https:\/\/www.budream.com\/es\/wp-json\/wp\/v2\/comments?post=251848"}],"version-history":[{"count":0,"href":"https:\/\/www.budream.com\/es\/wp-json\/wp\/v2\/product\/251848\/revisions"}],"wp:featuredmedia":[{"embeddable":true,"href":"https:\/\/www.budream.com\/es\/wp-json\/wp\/v2\/media\/251839"}],"wp:attachment":[{"href":"https:\/\/www.budream.com\/es\/wp-json\/wp\/v2\/media?parent=251848"}],"wp:term":[{"taxonomy":"product_brand","embeddable":true,"href":"https:\/\/www.budream.com\/es\/wp-json\/wp\/v2\/product_brand?post=251848"},{"taxonomy":"product_cat","embeddable":true,"href":"https:\/\/www.budream.com\/es\/wp-json\/wp\/v2\/product_cat?post=251848"},{"taxonomy":"product_tag","embeddable":true,"href":"https:\/\/www.budream.com\/es\/wp-json\/wp\/v2\/product_tag?post=251848"}],"curies":[{"name":"wp","href":"https:\/\/api.w.org\/{rel}","templated":true}]}}