{"id":263861,"date":"2026-04-20T15:02:53","date_gmt":"2026-04-20T13:02:53","guid":{"rendered":"https:\/\/www.budream.com\/shop\/barneys-farm-rs11-fem-precision-f1-hybrid\/"},"modified":"2026-04-20T15:04:51","modified_gmt":"2026-04-20T13:04:51","slug":"barneys-farm-rs11-fem-precision-f1-hybrid","status":"publish","type":"product","link":"https:\/\/www.budream.com\/es\/shop\/barneys-farm-rs11-fem-precision-f1-hybrid\/","title":{"rendered":"BARNEY&#8217;S FARM &#8211; RS11 FEM (PRECISION F1 HYBRID)"},"content":{"rendered":"<div style=\"text-align: justify\">La variedad RS11 es un cultivar h\u00edbrido F1 superior derivado de la gen\u00e9tica de Pink Guava y OZK.<\/div>\n<p><\/p>\n<h2><strong>Caracter\u00edsticas Barney&#8217;s Farm MAC 1 Fem:<\/strong><\/h2>\n<ul style=\"list-style-type: disc\">\n<li><strong>G\u00e9nero:<\/strong> H\u00edbrido F1 feminizado<\/li>\n<li><strong>Genotipo<\/strong>: 70% Indica \/ 30% Sativa<\/li>\n<li><strong>Gen\u00e9tica:<\/strong> Pink Guava x OZK<\/li>\n<li><strong>D\u00edas:<\/strong> 56-65 d\u00edas<\/li>\n<\/ul>\n<div style=\"text-align: justify\"><span style=\"font-size: 11pt\"><em><strong><br \/>ATENCI\u00d3N:<\/strong> Las semillas de c\u00e1\u00f1amo est\u00e1n excluidas de la noci\u00f3n legal de Cannabis, lo que significa que no deben considerarse una sustancia estupefaciente (Ley 412 de 1974, Art. 1, p\u00e1rrafo 1, lett. B; Convenci\u00f3n \u00danica sobre Estupefacientes de Nueva York de 1961 y tabla II del Decreto Ministerial 27\/7\/1992). En Italia, el cultivo del c\u00e1\u00f1amo est\u00e1 prohibido (art\u00edculos 28 y 73 del Decreto Presidencial 309\/90) a menos que se obtenga una autorizaci\u00f3n especial (art\u00edculo 17 del Decreto Presidencial 309\/90). A falta de autorizaci\u00f3n, las semillas s\u00f3lo pueden utilizarse para otros fines (zoot\u00e9cnicos, recolecci\u00f3n, etc.). Las semillas se venden con la reserva de que no sean utilizadas por terceros en conflicto con la ley.<\/em><\/span><\/div>\n","protected":false},"excerpt":{"rendered":"<p>La variedad RS11 es un cultivar h\u00edbrido F1 superior derivado de la gen\u00e9tica de Pink Guava y OZK. Caracter\u00edsticas Barney&#8217;s<\/p>\n","protected":false},"featured_media":263852,"comment_status":"open","ping_status":"closed","template":"","meta":[],"product_brand":[],"product_cat":[7953],"product_tag":[],"class_list":{"0":"post-263861","1":"product","2":"type-product","3":"status-publish","4":"has-post-thumbnail","6":"product_cat-seedshop-es","8":"first","9":"instock","10":"taxable","11":"shipping-taxable","12":"purchasable","13":"product-type-variable"},"aioseo_notices":[],"_links":{"self":[{"href":"https:\/\/www.budream.com\/es\/wp-json\/wp\/v2\/product\/263861","targetHints":{"allow":["GET"]}}],"collection":[{"href":"https:\/\/www.budream.com\/es\/wp-json\/wp\/v2\/product"}],"about":[{"href":"https:\/\/www.budream.com\/es\/wp-json\/wp\/v2\/types\/product"}],"replies":[{"embeddable":true,"href":"https:\/\/www.budream.com\/es\/wp-json\/wp\/v2\/comments?post=263861"}],"version-history":[{"count":0,"href":"https:\/\/www.budream.com\/es\/wp-json\/wp\/v2\/product\/263861\/revisions"}],"wp:featuredmedia":[{"embeddable":true,"href":"https:\/\/www.budream.com\/es\/wp-json\/wp\/v2\/media\/263852"}],"wp:attachment":[{"href":"https:\/\/www.budream.com\/es\/wp-json\/wp\/v2\/media?parent=263861"}],"wp:term":[{"taxonomy":"product_brand","embeddable":true,"href":"https:\/\/www.budream.com\/es\/wp-json\/wp\/v2\/product_brand?post=263861"},{"taxonomy":"product_cat","embeddable":true,"href":"https:\/\/www.budream.com\/es\/wp-json\/wp\/v2\/product_cat?post=263861"},{"taxonomy":"product_tag","embeddable":true,"href":"https:\/\/www.budream.com\/es\/wp-json\/wp\/v2\/product_tag?post=263861"}],"curies":[{"name":"wp","href":"https:\/\/api.w.org\/{rel}","templated":true}]}}