{"id":202463,"date":"2025-01-20T15:18:28","date_gmt":"2025-01-20T13:18:28","guid":{"rendered":"https:\/\/www.budream.com\/expedition\/"},"modified":"2025-10-08T16:48:08","modified_gmt":"2025-10-08T14:48:08","slug":"expedition","status":"publish","type":"page","link":"https:\/\/www.budream.com\/fr\/expedition\/","title":{"rendered":"Exp\u00e9dition"},"content":{"rendered":"\t\t<div data-elementor-type=\"wp-page\" data-elementor-id=\"202463\" class=\"elementor elementor-202463 elementor-55061\" data-elementor-post-type=\"page\">\n\t\t\t\t<div class=\"elementor-element elementor-element-a2470eb e-flex e-con-boxed e-con e-parent\" data-id=\"a2470eb\" data-element_type=\"container\" data-e-type=\"container\">\n\t\t\t\t\t<div class=\"e-con-inner\">\n\t\t\t\t<div class=\"elementor-element elementor-element-7d5844d elementor-widget elementor-widget-html\" data-id=\"7d5844d\" data-element_type=\"widget\" data-e-type=\"widget\" data-widget_type=\"html.default\">\n\t\t\t\t\t<div>\n\n\n  <meta charset=\"UTF-8\">\n  <meta name=\"viewport\" content=\"width=device-width, initial-scale=1\">\n  <title>Exp\u00e9dition et protection de la vie priv\u00e9e<\/title>\n  <style>\n    \/* Colori solo per le tabelle *\/\n    .table-responsive {\n      overflow-x: auto;\n      -webkit-overflow-scrolling: touch;\n    }\n    .table-responsive table {\n      width: 100%;\n      min-width: 600px;\n      border-collapse: collapse;\n    }\n    .table-responsive th,\n    .table-responsive td {\n      padding: 8px;\n      text-align: center;\n      color: #ffffff;\n      border: 1px solid #ccc;\n      white-space: nowrap;\n    }\n    .table-responsive th {\n      background-color: #106c44;\n    }\n    .table-responsive tbody tr:nth-child(odd) td {\n      background-color: #0e5a3e;\n    }\n    .table-responsive tbody tr:nth-child(even) td {\n      background-color: #106c44;\n    }\n  <\/style>\n\n\n\n  <!-- Italiano -->\n  <div lang=\"it\">\n    <h1>Exp\u00e9dition et confidentialit\u00e9<\/h1>\n    <p>L'exp\u00e9dition est une phase cruciale pour nous. Nous nous effor\u00e7ons constamment de trouver de nouvelles fa\u00e7ons d'envoyer vos commandes, dans le but d'assurer un maximum de rapidit\u00e9 et de discr\u00e9tion. Nous nous effor\u00e7ons de livrer vos colis rapidement, conscients de l'importance que vous accordez \u00e0 la protection de votre vie priv\u00e9e.  <\/p>\n    <p>Votre commande sera livr\u00e9e par l'un des transporteurs disponibles, s\u00e9lectionn\u00e9 en fonction de votre adresse de livraison. Les d\u00e9tails concernant le transporteur choisi sont indiqu\u00e9s dans l'e-mail de confirmation que vous recevrez lorsque votre commande sera trait\u00e9e. Pour plus d'informations sur la livraison, veuillez contacter directement le transporteur indiqu\u00e9.  <\/p>\n\n    <h2>Nous exp\u00e9dions partout ?<\/h2>\n    <p>Afin de vous offrir le meilleur service possible, nous ne livrons pas dans certains pays ou nous ne pouvons envoyer que certains types de produits. Vous pouvez v\u00e9rifier si nous exp\u00e9dions dans votre pays en consultant le tableau ci-dessous, o\u00f9 vous trouverez \u00e9galement des informations sur les d\u00e9lais et les co\u00fbts d'exp\u00e9dition. <\/p>\n    <p>Afin de prot\u00e9ger nos clients, nous n'exp\u00e9dions que des colis anonymes et des emballages neutres. Vous ne trouverez jamais d'autocollants ou d'autres publicit\u00e9s sur le paquet. <\/p>\n\n    <h2>Frais d'exp\u00e9dition<\/h2>\n    <div class=\"table-responsive\">\n      <table>\n        <thead>\n          <tr>\n            <th>O\u00f9 nous exp\u00e9dions<\/th>\n            <th>Jours ouvrables<\/th>\n            <th>Frais (commande inf\u00e9rieure \u00e0 30\u20ac)<\/th>\n            <th>Frais (commande sup\u00e9rieure \u00e0 30\u20ac)<\/th>\n            <th>Envoi gratuit \u00e0<\/th>\n          <\/tr>\n        <\/thead>\n        <tbody>\n          <tr><td>Autriche<\/td><td>3-5<\/td><td>\u20ac 14.95<\/td><td>\u20ac 7.95<\/td><td>\u20ac 150.-<\/td><\/tr>\n          <tr><td>Belgique<\/td><td>3-5<\/td><td>\u20ac 14.95<\/td><td>\u20ac 4.95<\/td><td>\u20ac 75.-<\/td><\/tr>\n          <tr><td>Danemark<\/td><td>5-8<\/td><td>\u20ac 14.95<\/td><td>\u20ac 8.95<\/td><td>\u20ac 150.-<\/td><\/tr>\n          <tr><td>Finlande<\/td><td>5-8<\/td><td>\u20ac 14.95<\/td><td>\u20ac 8.95<\/td><td>\u20ac 150.-<\/td><\/tr>\n          <tr><td>France<\/td><td>3-5<\/td><td>\u20ac 14.95<\/td><td>\u20ac 4.95<\/td><td>\u20ac 75.-<\/td><\/tr>\n          <tr><td>Allemagne<\/td><td>3-5<\/td><td>\u20ac 14.95<\/td><td>\u20ac 4.95<\/td><td>\u20ac 75.-<\/td><\/tr>\n          <tr><td>Gr\u00e8ce<\/td><td>6-12<\/td><td>\u20ac 14.95<\/td><td>\u20ac 9.95<\/td><td>\u20ac 150.-<\/td><\/tr>\n          <tr><td>Irlande<\/td><td>5-8<\/td><td>\u20ac 14.95<\/td><td>\u20ac 8.95<\/td><td>\u20ac 150.-<\/td><\/tr>\n          <tr><td>Italie<\/td><td>2-4<\/td><td>\u20ac 9.95<\/td><td>\u20ac 4.95<\/td><td>\u20ac 50.-<\/td><\/tr>\n          <tr><td>Luxembourg<\/td><td>3-5<\/td><td>\u20ac 14.95<\/td><td>\u20ac 7.95<\/td><td>\u20ac 150.-<\/td><\/tr>\n          <tr><td>Malte<\/td><td>8-12<\/td><td>\u20ac 14.95<\/td><td>\u20ac 7.95<\/td><td>\u20ac 150.-<\/td><\/tr>\n          <tr><td>Pays-Bas<\/td><td>3-5<\/td><td>\u20ac 14.95<\/td><td>\u20ac 7.95<\/td><td>\u20ac 150.-<\/td><\/tr>\n          <tr><td>Pologne<\/td><td>5-8<\/td><td>\u20ac 14.95<\/td><td>\u20ac 8.95<\/td><td>\u20ac 150.-<\/td><\/tr>\n          <tr><td>Portugal<\/td><td>6-12<\/td><td>\u20ac 14.95<\/td><td>\u20ac 8.95<\/td><td>\u20ac 150.-<\/td><\/tr>\n          <tr><td>R\u00e9publique tch\u00e8que<\/td><td>5-8<\/td><td>\u20ac 14.95<\/td><td>\u20ac 8.95<\/td><td>\u20ac 150.-<\/td><\/tr>\n          <tr><td>Espagne<\/td><td>3-5<\/td><td>\u20ac 14.95<\/td><td>\u20ac 4.95<\/td><td>\u20ac 75.-<\/td><\/tr>\n          <tr><td>Su\u00e8de<\/td><td>5-8<\/td><td>\u20ac 14.95<\/td><td>\u20ac 8.95<\/td><td>\u20ac 150.-<\/td><\/tr>\n          <tr><td>Reste du monde<\/td><td>Devis sur demande<\/td><td colspan=\"2\">-<\/td><td>-<\/td><\/tr>\n        <\/tbody>\n      <\/table>\n    <\/div>\n\n    <h2>Guide de commande \u00e9tape par \u00e9tape<\/h2>\n    <ol>\n      <li>\u00c9tape 1 : Visitez la page du produit que vous souhaitez acheter. Si le produit est disponible, s\u00e9lectionnez la vari\u00e9t\u00e9 pr\u00e9f\u00e9r\u00e9e et indiquez la quantit\u00e9 \u00e0 ajouter au panier. <\/li>\n      <li>\u00c9tape 2 : Cliquez sur le bouton \"Ajouter au panier\". Dans la fen\u00eatre qui s'affiche, vous pouvez modifier la vari\u00e9t\u00e9 et la quantit\u00e9 si n\u00e9cessaire. Pour continuer \u00e0 naviguer, cliquez sur \"Continuer les achats\". Si vous \u00eates pr\u00eat \u00e0 passer votre commande, cliquez sur \"Commander\".   <\/li>\n      <li>\u00c9tape 3 : sur la page du panier, v\u00e9rifiez que les produits et les quantit\u00e9s s\u00e9lectionn\u00e9s sont corrects. Vous pouvez \u00e9galement modifier les quantit\u00e9s ou supprimer des articles. Si vous disposez d'un code promotionnel, indiquez-le dans le champ \"Code promotionnel\". Pour ajouter d'autres articles, cliquez sur \"Continuer les achats\". Lorsque vous \u00eates pr\u00eat, cliquez sur \"Commander\" pour continuer.    <\/li>\n      <li>\u00c9tape 4 : Connectez-vous \u00e0 votre compte BUDREAM. Si vous n'en avez pas, vous pouvez en cr\u00e9er un en quelques clics directement depuis la page. <\/li>\n      <li>\u00c9tape 5 : S\u00e9lectionnez une adresse pour la livraison et la facturation.<\/li>\n      <li>\u00c9tape 6 : Choisissez votre m\u00e9thode d'exp\u00e9dition. Si vous choisissez un point d'enl\u00e8vement, vous pourrez le s\u00e9lectionner \u00e0 l'aide d'une carte contextuelle indiquant les options les plus proches en fonction de votre code postal ou de votre ville. <\/li>\n      <li>\u00c9tape 7 : S\u00e9lectionnez votre mode de paiement pr\u00e9f\u00e9r\u00e9.<\/li>\n      <li>\u00c9tape 8 : V\u00e9rifiez le r\u00e9capitulatif final de la commande. Vous y trouverez l'adresse de livraison et de facturation, le mode d'exp\u00e9dition et le mode de paiement que vous avez choisi. Si tout est correct, cliquez sur \"Confirmer\" pour terminer la commande.  <\/li>\n      <li>\u00c9tape 9 : Si vous avez opt\u00e9 pour un paiement indirect (par exemple, un virement bancaire), vous recevrez des instructions sp\u00e9cifiques dans l'e-mail de confirmation qui vous a \u00e9t\u00e9 envoy\u00e9.<\/li>\n    <\/ol>\n  <\/div>\n\n\n<\/div>\t\t\t\t<\/div>\n\t\t\t\t\t<\/div>\n\t\t\t\t<\/div>\n\t\t\t\t<\/div>\n\t\t","protected":false},"excerpt":{"rendered":"<p>Exp\u00e9dition et protection de la vie priv\u00e9e Exp\u00e9dition et confidentialit\u00e9 L&rsquo;exp\u00e9dition est une phase cruciale pour nous. Nous nous effor\u00e7ons<\/p>\n","protected":false},"author":1,"featured_media":0,"parent":0,"menu_order":10,"comment_status":"closed","ping_status":"closed","template":"","meta":{"footnotes":""},"class_list":["post-202463","page","type-page","status-publish","hentry"],"aioseo_notices":[],"_links":{"self":[{"href":"https:\/\/www.budream.com\/fr\/wp-json\/wp\/v2\/pages\/202463","targetHints":{"allow":["GET"]}}],"collection":[{"href":"https:\/\/www.budream.com\/fr\/wp-json\/wp\/v2\/pages"}],"about":[{"href":"https:\/\/www.budream.com\/fr\/wp-json\/wp\/v2\/types\/page"}],"author":[{"embeddable":true,"href":"https:\/\/www.budream.com\/fr\/wp-json\/wp\/v2\/users\/1"}],"replies":[{"embeddable":true,"href":"https:\/\/www.budream.com\/fr\/wp-json\/wp\/v2\/comments?post=202463"}],"version-history":[{"count":0,"href":"https:\/\/www.budream.com\/fr\/wp-json\/wp\/v2\/pages\/202463\/revisions"}],"wp:attachment":[{"href":"https:\/\/www.budream.com\/fr\/wp-json\/wp\/v2\/media?parent=202463"}],"curies":[{"name":"wp","href":"https:\/\/api.w.org\/{rel}","templated":true}]}}