{"id":215249,"date":"2024-06-20T13:33:16","date_gmt":"2024-06-20T11:33:16","guid":{"rendered":"https:\/\/www.budream.com\/a-propos-de-nous\/"},"modified":"2025-10-22T09:39:26","modified_gmt":"2025-10-22T07:39:26","slug":"a-propos-de-nous","status":"publish","type":"page","link":"https:\/\/www.budream.com\/fr\/a-propos-de-nous\/","title":{"rendered":"A propos de nous"},"content":{"rendered":"\t\t<div data-elementor-type=\"wp-page\" data-elementor-id=\"215249\" class=\"elementor elementor-215249 elementor-56137\" data-elementor-post-type=\"page\">\n\t\t\t\t<div class=\"elementor-element elementor-element-82f9cc5 e-flex e-con-boxed e-con e-parent\" data-id=\"82f9cc5\" data-element_type=\"container\" data-e-type=\"container\">\n\t\t\t\t\t<div class=\"e-con-inner\">\n\t\t\t\t<div class=\"elementor-element elementor-element-f6ca2e8 elementor-widget__width-inherit elementor-widget elementor-widget-theme-site-logo elementor-widget-image\" data-id=\"f6ca2e8\" data-element_type=\"widget\" data-e-type=\"widget\" data-widget_type=\"theme-site-logo.default\">\n\t\t\t\t\t\t\t\t\t\t\t<a href=\"https:\/\/www.budream.com\/fr\/\">\n\t\t\t<img decoding=\"async\" class=\" wd-lazy-fade\" src=\"https:\/\/www.budream.com\/wp-content\/themes\/woodmart\/images\/lazy.svg\" data-src=\"https:\/\/www.budream.com\/wp-content\/plugins\/elementor-pro\/assets\/images\/logo-placeholder.png\" title=\"\" alt=\"\" loading=\"lazy\" \/>\t\t\t\t<\/a>\n\t\t\t\t\t\t\t\t\t\t\t<\/div>\n\t\t\t\t<div class=\"elementor-element elementor-element-6e4b0df elementor-widget elementor-widget-heading\" data-id=\"6e4b0df\" data-element_type=\"widget\" data-e-type=\"widget\" data-widget_type=\"heading.default\">\n\t\t\t\t\t<h5 class=\"elementor-heading-title elementor-size-default\"><a href=\"\">Bienvenue sur BuDream, votre boutique en ligne de confiance o\u00f9 la qualit\u00e9, la commodit\u00e9 et la passion se rencontrent chaque jour.<\/a><\/h5>\t\t\t\t<\/div>\n\t\t\t\t\t<\/div>\n\t\t\t\t<\/div>\n\t\t<div class=\"elementor-element elementor-element-ee46da3 e-flex e-con-boxed e-con e-parent\" data-id=\"ee46da3\" data-element_type=\"container\" data-e-type=\"container\">\n\t\t\t\t\t<div class=\"e-con-inner\">\n\t\t\t\t<div class=\"elementor-element elementor-element-ce2e64c elementor-widget elementor-widget-html\" data-id=\"ce2e64c\" data-element_type=\"widget\" data-e-type=\"widget\" data-widget_type=\"html.default\">\n\t\t\t\t\t<div>\n\n\n  <meta charset=\"UTF-8\">\n  <meta name=\"viewport\" content=\"width=device-width, initial-scale=1\">\n  <title>A propos de nous | BuDream<\/title>\n  <meta name=\"description\" content=\"A propos de nous - BuDream : notre \u00e9quipe, notre mission et nos valeurs. A propos de nous - notre \u00e9quipe, notre mission et nos valeurs.\">\n\n\n\n\n  <!-- Italiano -->\n  <div class=\"lang-block\" lang=\"it\">\n    <h1>A propos de nous<\/h1>\n    <p>Nous sommes une \u00e9quipe de professionnels et de passionn\u00e9s, unis par le d\u00e9sir de vous offrir une exp\u00e9rience d'achat vraiment unique : simple, agr\u00e9able et pleine de valeur.<\/p>\n    <p>Chaque produit que nous s\u00e9lectionnons raconte une histoire, et nous nous engageons \u00e0 ne vous offrir que le meilleur - avec le souci du d\u00e9tail et une s\u00e9lection minutieuse d'articles naturels, l\u00e9gaux et certifi\u00e9s.<\/p>\n\n    <h2>\ud83c\udfaf Notre mission ?<\/h2>\n    <ul>\n      <li>Mettez toujours l'accent sur vous.<\/li>\n      <li>\ud83c\udf31 Un catalogue complet et actualis\u00e9 : des nouveaut\u00e9s aux incontournables du quotidien.<\/li>\n      <li>\ud83d\udcb0 Des prix honn\u00eates : parce que la qualit\u00e9 doit \u00eatre accessible \u00e0 tous.<\/li>\n      <li>\ud83d\udce6 Un service sans stress : de la s\u00e9lection \u00e0 la livraison, avec une assistance toujours disponible.<\/li>\n    <\/ul>\n\n    <p>Chaque achat que vous faites sur BuDream est le r\u00e9sultat de notre engagement : nous voulons vous offrir une plateforme s\u00fbre, fiable et transparente o\u00f9 vous pouvez acheter en toute confiance et en toute connaissance de cause.<\/p>\n    <p>Nous sommes plus qu'un simple magasin : nous sommes une communaut\u00e9 qui partage la m\u00eame passion pour le bien-\u00eatre naturel, la qualit\u00e9 et l'authenticit\u00e9.<\/p>\n    <p>Merci d'y avoir particip\u00e9 \ud83d\udc9a<\/p>\n  <\/div>\n\n  <!-- English -->\n  <div class=\"lang-block\" lang=\"en\">\n    <h1>A propos de nous<\/h1>\n    <p>Nous sommes une \u00e9quipe de professionnels et de passionn\u00e9s, unis par le d\u00e9sir de vous offrir une exp\u00e9rience d'achat unique : simple, agr\u00e9able et pleine de valeur.<\/p>\n    <p>Chaque produit que nous s\u00e9lectionnons raconte une histoire, et nous nous engageons \u00e0 ne vous offrir que le meilleur, en pr\u00eatant attention aux d\u00e9tails et en s\u00e9lectionnant des produits naturels, l\u00e9gaux et certifi\u00e9s.<\/p>\n\n    <h2>\ud83c\udfaf Notre mission ?<\/h2>\n    <ul>\n      <li>Vous placer au centre.<\/li>\n      <li>\ud83c\udf31 Un catalogue large et actualis\u00e9 : des nouveaut\u00e9s aux incontournables du quotidien.<\/li>\n      <li>\ud83d\udcb0 Des prix justes : parce que la qualit\u00e9 doit \u00eatre accessible \u00e0 tous.<\/li>\n      <li>\ud83d\udce6 Un service sans stress : de la s\u00e9lection \u00e0 la livraison, avec une assistance toujours disponible.<\/li>\n    <\/ul>\n\n    <p>Chaque achat que vous effectuez sur BuDream est le r\u00e9sultat de notre engagement : nous voulons vous offrir une plateforme s\u00fbre, fiable et transparente, o\u00f9 vous pouvez acheter en toute confiance et en toute connaissance de cause.<\/p>\n    <p>Nous sommes bien plus qu'un simple magasin : nous sommes une communaut\u00e9 qui partage la m\u00eame passion pour le bien-\u00eatre naturel, la qualit\u00e9 et l'authenticit\u00e9.<\/p>\n    <p>Merci d'y avoir particip\u00e9 \ud83d\udc9a<\/p>\n  <\/div>\n\n\n\n<\/div>\t\t\t\t<\/div>\n\t\t\t\t\t<\/div>\n\t\t\t\t<\/div>\n\t\t\t\t<\/div>\n\t\t","protected":false},"excerpt":{"rendered":"<p>Bienvenue sur BuDream, votre boutique en ligne de confiance o\u00f9 la qualit\u00e9, la commodit\u00e9 et la passion se rencontrent chaque<\/p>\n","protected":false},"author":1,"featured_media":0,"parent":0,"menu_order":2,"comment_status":"closed","ping_status":"open","template":"","meta":{"footnotes":""},"class_list":["post-215249","page","type-page","status-publish","hentry"],"aioseo_notices":[],"_links":{"self":[{"href":"https:\/\/www.budream.com\/fr\/wp-json\/wp\/v2\/pages\/215249","targetHints":{"allow":["GET"]}}],"collection":[{"href":"https:\/\/www.budream.com\/fr\/wp-json\/wp\/v2\/pages"}],"about":[{"href":"https:\/\/www.budream.com\/fr\/wp-json\/wp\/v2\/types\/page"}],"author":[{"embeddable":true,"href":"https:\/\/www.budream.com\/fr\/wp-json\/wp\/v2\/users\/1"}],"replies":[{"embeddable":true,"href":"https:\/\/www.budream.com\/fr\/wp-json\/wp\/v2\/comments?post=215249"}],"version-history":[{"count":0,"href":"https:\/\/www.budream.com\/fr\/wp-json\/wp\/v2\/pages\/215249\/revisions"}],"wp:attachment":[{"href":"https:\/\/www.budream.com\/fr\/wp-json\/wp\/v2\/media?parent=215249"}],"curies":[{"name":"wp","href":"https:\/\/api.w.org\/{rel}","templated":true}]}}