{"id":122842,"date":"2025-07-30T15:51:48","date_gmt":"2025-07-30T13:51:48","guid":{"rendered":"https:\/\/www.budream.com\/shop\/bioki-chaux-hydratique-antika-officina-botanica-500gr\/"},"modified":"2026-02-06T11:13:54","modified_gmt":"2026-02-06T09:13:54","slug":"bioki-chaux-hydratique-antika-officina-botanica-500gr","status":"publish","type":"product","link":"https:\/\/www.budream.com\/fr\/shop\/bioki-chaux-hydratique-antika-officina-botanica-500gr\/","title":{"rendered":"BIOKI &#8211; Chaux HYDRATIQUE ANTIKA OFFICINA BOTANICA | 500gr"},"content":{"rendered":"<p>Correcteur calcique \u00e0 activit\u00e9 neutralisante<\/p>\n<p>100% naturel<br \/>La chaux hydrat\u00e9e est un produit d&rsquo;origine naturelle, d\u00e9riv\u00e9 de la cuisson de roches calcaires, qui convient pour apporter l&rsquo;\u00e9l\u00e9ment calcium dans les sols pauvres ou pour augmenter le pH dans les sols acides.<br \/>Le calcium est un \u00e9l\u00e9ment essentiel de la vie v\u00e9g\u00e9tale car il est le composant essentiel des protopectines des parois cellulaires et il est directement responsable de la fermet\u00e9 des fruits.<\/p>\n<p><strong>CE QU&rsquo;IL FAUT :<\/strong><br \/>L&rsquo;apport de calcium aux plantes augmente la r\u00e9sistance m\u00e9canique des tissus gr\u00e2ce \u00e0 son action de soutien et de renforcement. En particulier, il prolonge le temps de maturation et de s\u00e9nescence des fruits, en maintenant intacte la structure des parois cellulaires et des membranes. La carence se manifeste sur les feuilles et les pousses, qui apparaissent courb\u00e9es et d\u00e9form\u00e9es pour se dess\u00e9cher par la suite. Gr\u00e2ce \u00e0 sa bonne dispersibilit\u00e9, il peut \u00eatre utilis\u00e9 pour la pr\u00e9paration du lait de chaux, en badigeonnage sur les tiges et les branches principales, pour r\u00e9duire les d\u00e9s\u00e9quilibres thermiques et contenir le d\u00e9veloppement des cryptogames.<br \/>Poudre d&rsquo;hydrate de calcium obtenue par hydratation \u00e0 sec de l&rsquo;oxyde de calcium selon la r\u00e9action exothermique CaO +H2O -&gt; Ca(OH)2<\/p>\n<p><strong><br \/>M\u00c9THODE ET DOSE D&rsquo;UTILISATION :<\/strong><\/p>\n<ul style=\"list-style-type: disc\">\n<li>Cultures fruiti\u00e8res : 200-300 kg\/ha<\/li>\n<li>Distribution directe : 200-300 g\/plante<\/li>\n<li>Cultures mara\u00eech\u00e8res : 25-35 kg\/1000 m2, lors de la pr\u00e9paration du sol ;<\/li>\n<li>Tas de compostage : 3 kg\/mc<\/li>\n<li>Pr\u00e9paration du lait de chaux : 2-4 kg\/10 l<\/li>\n<\/ul>\n<p><strong>CONDITIONNEMENT :<\/strong> bo\u00eete de 500 g<\/p><\/p>\n","protected":false},"excerpt":{"rendered":"<p>Correcteur calcique \u00e0 activit\u00e9 neutralisante 100% naturelLa chaux hydrat\u00e9e est un produit d&rsquo;origine naturelle, d\u00e9riv\u00e9 de la cuisson de roches<\/p>\n","protected":false},"featured_media":122837,"comment_status":"open","ping_status":"closed","template":"","meta":[],"product_brand":[],"product_cat":[7928],"product_tag":[],"class_list":{"0":"post-122842","1":"product","2":"type-product","3":"status-publish","4":"has-post-thumbnail","6":"product_cat-antiparasitaires-et-defense","8":"first","9":"outofstock","10":"taxable","11":"shipping-taxable","12":"purchasable","13":"product-type-simple"},"_links":{"self":[{"href":"https:\/\/www.budream.com\/fr\/wp-json\/wp\/v2\/product\/122842","targetHints":{"allow":["GET"]}}],"collection":[{"href":"https:\/\/www.budream.com\/fr\/wp-json\/wp\/v2\/product"}],"about":[{"href":"https:\/\/www.budream.com\/fr\/wp-json\/wp\/v2\/types\/product"}],"replies":[{"embeddable":true,"href":"https:\/\/www.budream.com\/fr\/wp-json\/wp\/v2\/comments?post=122842"}],"version-history":[{"count":0,"href":"https:\/\/www.budream.com\/fr\/wp-json\/wp\/v2\/product\/122842\/revisions"}],"wp:featuredmedia":[{"embeddable":true,"href":"https:\/\/www.budream.com\/fr\/wp-json\/wp\/v2\/media\/122837"}],"wp:attachment":[{"href":"https:\/\/www.budream.com\/fr\/wp-json\/wp\/v2\/media?parent=122842"}],"wp:term":[{"taxonomy":"product_brand","embeddable":true,"href":"https:\/\/www.budream.com\/fr\/wp-json\/wp\/v2\/product_brand?post=122842"},{"taxonomy":"product_cat","embeddable":true,"href":"https:\/\/www.budream.com\/fr\/wp-json\/wp\/v2\/product_cat?post=122842"},{"taxonomy":"product_tag","embeddable":true,"href":"https:\/\/www.budream.com\/fr\/wp-json\/wp\/v2\/product_tag?post=122842"}],"curies":[{"name":"wp","href":"https:\/\/api.w.org\/{rel}","templated":true}]}}