{"id":122887,"date":"2025-07-30T15:55:34","date_gmt":"2025-07-30T13:55:34","guid":{"rendered":"https:\/\/www.budream.com\/shop\/biobizz-pack-de-demarrage\/"},"modified":"2026-03-09T14:46:38","modified_gmt":"2026-03-09T12:46:38","slug":"biobizz-pack-de-demarrage","status":"publish","type":"product","link":"https:\/\/www.budream.com\/fr\/shop\/biobizz-pack-de-demarrage\/","title":{"rendered":"BIOBIZZ &#8211; PACK DE D\u00c9MARRAGE"},"content":{"rendered":"<p>Croyez-vous fermement \u00e0 l&rsquo;importance de l&rsquo;agriculture biologique ? L&rsquo;avenir de notre plan\u00e8te vous tient-il \u00e0 c\u0153ur ? Croyez-vous en l&rsquo;id\u00e9e que la qualit\u00e9 est meilleure que la quantit\u00e9 ? Et que ce qui compte vraiment, c&rsquo;est le go\u00fbt et la couleur des r\u00e9coltes ?<\/p>\n<p>Choisissez vos objectifs comme vous l&rsquo;entendez : avec Biobizz, vous savez que le reste est un jeu d&rsquo;enfant. Les Starters-Packs sont complets et id\u00e9aux pour d\u00e9marrer votre aventure agricole au maximum de votre potentiel.<\/p>\n<h3><strong>Vivez l&rsquo;exp\u00e9rience Biobizz<\/strong><\/h3>\n<p>Laissez-vous fasciner par la magie de la nature : l&rsquo;enracinement, la croissance et la floraison, puis une riche r\u00e9colte \u00e0 la fin des phases.<\/p>\n<p>Et vous n&rsquo;avez pas besoin d&rsquo;\u00eatre un expert. Suivez le programme de nutriments : pour des plantes heureuses et satisfaites (comme les cultivateurs).<\/p>\n<h3><strong>Chaque emballage contient des brochures et d&rsquo;autres accessoires utiles* :<\/strong><\/h3>\n<p>1L Bio-Grow<br \/>1L Bio-Bloom<br \/>500 ml Top-Max<br \/>250ml Root-Juice<br \/>250ml Bio-Heaven<\/p>\n<div id=\"isChromeWebToolbarDiv\"><\/div>\n","protected":false},"excerpt":{"rendered":"<p>Croyez-vous fermement \u00e0 l&rsquo;importance de l&rsquo;agriculture biologique ? L&rsquo;avenir de notre plan\u00e8te vous tient-il \u00e0 c\u0153ur ? Croyez-vous en l&rsquo;id\u00e9e<\/p>\n","protected":false},"featured_media":122877,"comment_status":"open","ping_status":"closed","template":"","meta":[],"product_brand":[],"product_cat":[7933],"product_tag":[],"class_list":{"0":"post-122887","1":"product","2":"type-product","3":"status-publish","4":"has-post-thumbnail","6":"product_cat-engrais","8":"first","9":"instock","10":"taxable","11":"shipping-taxable","12":"purchasable","13":"product-type-simple"},"_links":{"self":[{"href":"https:\/\/www.budream.com\/fr\/wp-json\/wp\/v2\/product\/122887","targetHints":{"allow":["GET"]}}],"collection":[{"href":"https:\/\/www.budream.com\/fr\/wp-json\/wp\/v2\/product"}],"about":[{"href":"https:\/\/www.budream.com\/fr\/wp-json\/wp\/v2\/types\/product"}],"replies":[{"embeddable":true,"href":"https:\/\/www.budream.com\/fr\/wp-json\/wp\/v2\/comments?post=122887"}],"version-history":[{"count":0,"href":"https:\/\/www.budream.com\/fr\/wp-json\/wp\/v2\/product\/122887\/revisions"}],"wp:featuredmedia":[{"embeddable":true,"href":"https:\/\/www.budream.com\/fr\/wp-json\/wp\/v2\/media\/122877"}],"wp:attachment":[{"href":"https:\/\/www.budream.com\/fr\/wp-json\/wp\/v2\/media?parent=122887"}],"wp:term":[{"taxonomy":"product_brand","embeddable":true,"href":"https:\/\/www.budream.com\/fr\/wp-json\/wp\/v2\/product_brand?post=122887"},{"taxonomy":"product_cat","embeddable":true,"href":"https:\/\/www.budream.com\/fr\/wp-json\/wp\/v2\/product_cat?post=122887"},{"taxonomy":"product_tag","embeddable":true,"href":"https:\/\/www.budream.com\/fr\/wp-json\/wp\/v2\/product_tag?post=122887"}],"curies":[{"name":"wp","href":"https:\/\/api.w.org\/{rel}","templated":true}]}}