{"id":122907,"date":"2025-07-30T15:56:50","date_gmt":"2025-07-30T13:56:50","guid":{"rendered":"https:\/\/www.budream.com\/shop\/pompe-a-pression-mod-5-5-litres-plastique-vert-bleu-avec-lance-atomiseur\/"},"modified":"2025-12-04T17:03:35","modified_gmt":"2025-12-04T15:03:35","slug":"pompe-a-pression-mod-5-5-litres-plastique-vert-bleu-avec-lance-atomiseur","status":"publish","type":"product","link":"https:\/\/www.budream.com\/fr\/shop\/pompe-a-pression-mod-5-5-litres-plastique-vert-bleu-avec-lance-atomiseur\/","title":{"rendered":"POMPE \u00c0 PRESSION MOD.5 5 LITRES PLASTIQUE VERT\/BLEU AVEC LANCE &#8211; ATOMISEUR"},"content":{"rendered":"<p>Pompe \u00e0 dos professionnelle avec fonctionnement sous pression. Capacit\u00e9 de 5 litres. La particularit\u00e9 de ces pompes est qu&rsquo;une fois introduite la solution \u00e0 pulv\u00e9riser, il est n\u00e9cessaire de pomper l&rsquo;air \u00e0 l&rsquo;int\u00e9rieur au moyen d&rsquo;un levier sp\u00e9cial. Une fois cette op\u00e9ration \u00e9l\u00e9mentaire termin\u00e9e, il suffit d&rsquo;appuyer sur le bouton de distribution pour atomiser la solution contenue. \u00c9quip\u00e9 d&rsquo;une lance en plastique d&rsquo;une longueur de 40 cm et d&rsquo;une buse r\u00e9glable permettant d&rsquo;\u00e9largir ou de r\u00e9duire le d\u00e9bit de la solution distribu\u00e9e.<\/p>\n","protected":false},"excerpt":{"rendered":"<p>Pompe \u00e0 dos professionnelle avec fonctionnement sous pression. Capacit\u00e9 de 5 litres. La particularit\u00e9 de ces pompes est qu&rsquo;une fois<\/p>\n","protected":false},"featured_media":122902,"comment_status":"open","ping_status":"closed","template":"","meta":[],"product_brand":[],"product_cat":[7928],"product_tag":[],"class_list":{"0":"post-122907","1":"product","2":"type-product","3":"status-publish","4":"has-post-thumbnail","6":"product_cat-antiparasitaires-et-defense","8":"first","9":"instock","10":"taxable","11":"shipping-taxable","12":"purchasable","13":"product-type-simple"},"_links":{"self":[{"href":"https:\/\/www.budream.com\/fr\/wp-json\/wp\/v2\/product\/122907","targetHints":{"allow":["GET"]}}],"collection":[{"href":"https:\/\/www.budream.com\/fr\/wp-json\/wp\/v2\/product"}],"about":[{"href":"https:\/\/www.budream.com\/fr\/wp-json\/wp\/v2\/types\/product"}],"replies":[{"embeddable":true,"href":"https:\/\/www.budream.com\/fr\/wp-json\/wp\/v2\/comments?post=122907"}],"version-history":[{"count":0,"href":"https:\/\/www.budream.com\/fr\/wp-json\/wp\/v2\/product\/122907\/revisions"}],"wp:featuredmedia":[{"embeddable":true,"href":"https:\/\/www.budream.com\/fr\/wp-json\/wp\/v2\/media\/122902"}],"wp:attachment":[{"href":"https:\/\/www.budream.com\/fr\/wp-json\/wp\/v2\/media?parent=122907"}],"wp:term":[{"taxonomy":"product_brand","embeddable":true,"href":"https:\/\/www.budream.com\/fr\/wp-json\/wp\/v2\/product_brand?post=122907"},{"taxonomy":"product_cat","embeddable":true,"href":"https:\/\/www.budream.com\/fr\/wp-json\/wp\/v2\/product_cat?post=122907"},{"taxonomy":"product_tag","embeddable":true,"href":"https:\/\/www.budream.com\/fr\/wp-json\/wp\/v2\/product_tag?post=122907"}],"curies":[{"name":"wp","href":"https:\/\/api.w.org\/{rel}","templated":true}]}}