{"id":122917,"date":"2025-07-30T15:57:35","date_gmt":"2025-07-30T13:57:35","guid":{"rendered":"https:\/\/www.budream.com\/shop\/atomiseur-transparent-1-litre\/"},"modified":"2025-12-04T17:04:29","modified_gmt":"2025-12-04T15:04:29","slug":"atomiseur-transparent-1-litre","status":"publish","type":"product","link":"https:\/\/www.budream.com\/fr\/shop\/atomiseur-transparent-1-litre\/","title":{"rendered":"ATOMISEUR TRANSPARENT 1 LITRE"},"content":{"rendered":"<p>Pulv\u00e9risateur avec buse r\u00e9glable. Convient pour la pulv\u00e9risation de produits phytosanitaires.<\/p>\n","protected":false},"excerpt":{"rendered":"<p>Pulv\u00e9risateur avec buse r\u00e9glable. Convient pour la pulv\u00e9risation de produits phytosanitaires.<\/p>\n","protected":false},"featured_media":122912,"comment_status":"open","ping_status":"closed","template":"","meta":[],"product_brand":[],"product_cat":[7928],"product_tag":[],"class_list":{"0":"post-122917","1":"product","2":"type-product","3":"status-publish","4":"has-post-thumbnail","6":"product_cat-antiparasitaires-et-defense","8":"first","9":"instock","10":"taxable","11":"shipping-taxable","12":"purchasable","13":"product-type-simple"},"aioseo_notices":[],"_links":{"self":[{"href":"https:\/\/www.budream.com\/fr\/wp-json\/wp\/v2\/product\/122917","targetHints":{"allow":["GET"]}}],"collection":[{"href":"https:\/\/www.budream.com\/fr\/wp-json\/wp\/v2\/product"}],"about":[{"href":"https:\/\/www.budream.com\/fr\/wp-json\/wp\/v2\/types\/product"}],"replies":[{"embeddable":true,"href":"https:\/\/www.budream.com\/fr\/wp-json\/wp\/v2\/comments?post=122917"}],"version-history":[{"count":0,"href":"https:\/\/www.budream.com\/fr\/wp-json\/wp\/v2\/product\/122917\/revisions"}],"wp:featuredmedia":[{"embeddable":true,"href":"https:\/\/www.budream.com\/fr\/wp-json\/wp\/v2\/media\/122912"}],"wp:attachment":[{"href":"https:\/\/www.budream.com\/fr\/wp-json\/wp\/v2\/media?parent=122917"}],"wp:term":[{"taxonomy":"product_brand","embeddable":true,"href":"https:\/\/www.budream.com\/fr\/wp-json\/wp\/v2\/product_brand?post=122917"},{"taxonomy":"product_cat","embeddable":true,"href":"https:\/\/www.budream.com\/fr\/wp-json\/wp\/v2\/product_cat?post=122917"},{"taxonomy":"product_tag","embeddable":true,"href":"https:\/\/www.budream.com\/fr\/wp-json\/wp\/v2\/product_tag?post=122917"}],"curies":[{"name":"wp","href":"https:\/\/api.w.org\/{rel}","templated":true}]}}